{"id":11712,"date":"2018-02-27T18:19:42","date_gmt":"2018-02-27T17:19:42","guid":{"rendered":"https:\/\/cofevins.com\/?page_id=11712"},"modified":"2024-06-17T19:52:02","modified_gmt":"2024-06-17T17:52:02","slug":"ulls-de-mel","status":"publish","type":"page","link":"https:\/\/www.cofamavins.com\/es\/vinos\/ulls-de-mel\/","title":{"rendered":"Ulls de mel"},"content":{"rendered":"<div class=\"wpb-content-wrapper\"><p>[vc_row row_type=\u00bbparallax\u00bb content_text_aligment=\u00bbcenter\u00bb parallax_background_image=\u00bb13425&#8243; css=\u00bb.vc_custom_1526737340935{background-position: center !important;background-repeat: no-repeat !important;background-size: cover !important;}\u00bb parallax_section_height=\u00bb700px\u00bb][vc_column][vc_empty_space height=\u00bb200px\u00bb][vc_row_inner][vc_column_inner width=\u00bb1\/2&#8243;]<div class=\"eltdf-section-title-holder\" >\n\t\t\t<h1 class=\"eltdf-st-title\" >\n\t\t\t<span>Ulls de Mel<\/span>\n\t\t<\/h1>\n        \t\t\t\t<h4 class=\"eltdf-st-subtitle\" >\n\t\t<span>DO Pened\u00e8s<\/span>\n\t\t<\/h4>\n\t\t<\/div>[\/vc_column_inner][vc_column_inner width=\u00bb1\/2&#8243;][\/vc_column_inner][\/vc_row_inner][vc_empty_space height=\u00bb200px\u00bb][\/vc_column][\/vc_row][vc_row][vc_column][vc_empty_space height=\u00bb20px\u00bb][\/vc_column][\/vc_row][vc_row][vc_column offset=\u00bbvc_hidden-lg vc_hidden-md vc_hidden-sm\u00bb][vc_empty_space height=\u00bb600px\u00bb css=\u00bb.vc_custom_1533209237731{background-image: url(https:\/\/www.cofamavins.com\/wp-content\/uploads\/Ulls-de-mel-blanc.jpg?id=10788) !important;background-position: center !important;background-repeat: no-repeat !important;background-size: cover !important;}\u00bb][\/vc_column][\/vc_row][vc_row row_content_width=\u00bbgrid\u00bb content_text_aligment=\u00bbcenter\u00bb][vc_column width=\u00bb1\/2&#8243;]<div class=\"eltdf-section-title-holder\" >\n\t\t\t<h1 class=\"eltdf-st-title\" >\n\t\t\t<span>Ulls de Mel<\/span>\n\t\t<\/h1>\n        \t\t\t\t<h4 class=\"eltdf-st-subtitle\" style=\"color: #6b2c3d\">\n\t\t<span>Tinto<\/span>\n\t\t<\/h4>\n\t\t<\/div>[vc_empty_space height=\u00bb20px\u00bb][vc_column_text]<\/p>\n<p style=\"text-align: center;\"><strong>DO<\/strong>\u00a0| Penede\u0300s<br \/>\n<strong>CRIANZA<\/strong>\u00a0| Joven<br \/>\n<strong>UVAS<\/strong>\u00a0| 90% Tempranillo 10% Garnatxa<br \/>\n<strong>ALCOHOL<\/strong>\u00a0| 12,5%<\/p>\n<p style=\"text-align: center;\">Vino natural, sin sulfitos a\u00f1adidos. La vendimia es manual y las uvas son seleccionadas y prensadas muy suavemente. Fermentaci\u00f3n con levaduras aut\u00f3ctonas.<\/p>\n<p style=\"text-align: center;\"><strong>Nota de cata<br \/>\n<\/strong>Color cereza denso e intenso con reflejos violetas. Notas muy frescas y bals\u00e1micas sobretodo de ciruelas y frambuesas. Muy potente y voluminoso en boca. Intenso pero delicado. Complejo y con un postgusto muy largo que le confieren un agradable equilibrio entre las notas especiadas, acidez y salinidad.<\/p>\n<p style=\"text-align: center;\"><strong>Maridaje<br \/>\n<\/strong>Queso, queso y queso! De todos los tipos y gustos! Perfecto como aperitivo por su suavidad, bajo grado alcoh\u00f3lico y complejidad de sabores. Evidentemente con pasta, arroces y con variedad de estilos culinarios distintos tales como el : hind\u00fa, asi\u00e1tico y naturalmente, el mediterr\u00e1neo.<\/p>\n<p>[\/vc_column_text][vc_empty_space height=\u00bb40px\u00bb]<a itemprop=\"url\" href=\"https:\/\/www.cofamavins.com\/wp-content\/uploads\/Ulls-de-Mel-tinto-2024.pdf\" target=\"_blank\" style=\"color: #808080;background-color: #ffffff;border-color: #808080\" class=\"eltdf-btn eltdf-btn-small eltdf-btn-solid eltdf-btn-custom-hover-bg eltdf-btn-custom-hover-color\" data-hover-color=\"#ffffff\" data-hover-bg-color=\"#808080\" >\n    <span class=\"eltdf-btn-text\">DESCARGAR FICHA<\/span>\n    <\/a>[\/vc_column][vc_column width=\u00bb1\/2&#8243; offset=\u00bbvc_hidden-xs\u00bb][vc_empty_space height=\u00bb700px\u00bb css=\u00bb.vc_custom_1533209301520{background-image: url(https:\/\/www.cofamavins.com\/wp-content\/uploads\/Ulls-de-mel-blanc.jpg?id=10788) !important;background-position: center !important;background-repeat: no-repeat !important;background-size: cover !important;}\u00bb][\/vc_column][\/vc_row][vc_row][vc_column][vc_empty_space height=\u00bb50px\u00bb][\/vc_column][\/vc_row][vc_row][vc_column offset=\u00bbvc_hidden-lg vc_hidden-md vc_hidden-sm\u00bb][vc_empty_space height=\u00bb600px\u00bb css=\u00bb.vc_custom_1533209316643{background-image: url(https:\/\/www.cofamavins.com\/wp-content\/uploads\/Ulls-de-mel-negre.jpg?id=10789) !important;background-position: center !important;background-repeat: no-repeat !important;background-size: cover !important;}\u00bb][\/vc_column][\/vc_row][vc_row row_content_width=\u00bbgrid\u00bb content_text_aligment=\u00bbcenter\u00bb][vc_column width=\u00bb1\/2&#8243; offset=\u00bbvc_hidden-xs\u00bb][vc_empty_space height=\u00bb700px\u00bb css=\u00bb.vc_custom_1533209334659{background-image: url(https:\/\/www.cofamavins.com\/wp-content\/uploads\/Ulls-de-mel-negre.jpg?id=10789) !important;background-position: center !important;background-repeat: no-repeat !important;background-size: cover !important;}\u00bb][\/vc_column][vc_column width=\u00bb1\/2&#8243;]<div class=\"eltdf-section-title-holder\" >\n\t\t\t<h1 class=\"eltdf-st-title\" >\n\t\t\t<span>Ulls de Mel<\/span>\n\t\t<\/h1>\n        \t\t\t\t<h4 class=\"eltdf-st-subtitle\" style=\"color: #b7a36f\">\n\t\t<span>Blanco<\/span>\n\t\t<\/h4>\n\t\t<\/div>[vc_empty_space height=\u00bb20px\u00bb][vc_column_text]<\/p>\n<p style=\"text-align: center;\"><strong>DO<\/strong>\u00a0| Penede\u0300s<br \/>\n<strong>CRIANZA<\/strong>\u00a0| Joven<br \/>\n<strong>UVAS<\/strong>\u00a0| 100% Xarel.lo<br \/>\n<strong>ALCOHOL<\/strong>\u00a0| 12,5%<\/p>\n<div class=\"page\" style=\"text-align: center;\" title=\"Page 29\">\n<div class=\"section\">\n<div class=\"layoutArea\">\n<div class=\"column\">\n<p>Vino natural, sin sulfitos a\u00f1adidos. La vendimia es manual y las uvas son seleccionadas y prensadas muy suavemente. Fermentaci\u00f3n con levaduras aut\u00f3ctonas.<\/p>\n<p><strong>Nota de cata<br \/>\n<\/strong>Color amarillo pajizo con matices verdes, brillante y con fina l\u00e1grima. Aromas varietales, con una fuerte presencia de fruta fresca. Notas c\u00edtricas y florales de pedernal e hinojo. Muy fresco, mineral, complejo, voluminoso y con un persistente paso en boca con final c\u00edtrico y un punto de salinidad muy agradable.<br \/>\n<strong>Maridaje<br \/>\n<\/strong>Ideal para maridar con queso suave, y pescado azul y de costa, as\u00ed como con cualquier tipo de arroz o pasta cocinadas al estilo mediterr\u00e1neo. Perfecto para tomar solo debido a su buen nivel de acidez y salinidad.<\/p>\n<\/div>\n<\/div>\n<\/div>\n<\/div>\n<p>[\/vc_column_text][vc_empty_space height=\u00bb40px\u00bb]<a itemprop=\"url\" href=\"https:\/\/www.cofamavins.com\/wp-content\/uploads\/Ulls-de-Mel-blanco-2024.pdf\" target=\"_blank\" style=\"color: #808080;background-color: #ffffff;border-color: #808080\" class=\"eltdf-btn eltdf-btn-small eltdf-btn-solid eltdf-btn-custom-hover-bg eltdf-btn-custom-hover-color\" data-hover-color=\"#ffffff\" data-hover-bg-color=\"#808080\" >\n    <span class=\"eltdf-btn-text\">DESCARGAR FICHA<\/span>\n    <\/a>[\/vc_column][\/vc_row][vc_row][vc_column][vc_empty_space height=\u00bb20px\u00bb][\/vc_column][\/vc_row]<\/p>\n<\/div>","protected":false},"excerpt":{"rendered":"<p>[vc_row row_type=\u00bbparallax\u00bb content_text_aligment=\u00bbcenter\u00bb parallax_background_image=\u00bb13425&#8243; css=\u00bb.vc_custom_1526737340935{background-position: center !important;background-repeat: no-repeat !important;background-size: cover !important;}\u00bb parallax_section_height=\u00bb700px\u00bb][vc_column][vc_empty_space height=\u00bb200px\u00bb][vc_row_inner][vc_column_inner width=\u00bb1\/2&#8243;][\/vc_column_inner][vc_column_inner width=\u00bb1\/2&#8243;][\/vc_column_inner][\/vc_row_inner][vc_empty_space height=\u00bb200px\u00bb][\/vc_column][\/vc_row][vc_row][vc_column][vc_empty_space height=\u00bb20px\u00bb][\/vc_column][\/vc_row][vc_row][vc_column offset=\u00bbvc_hidden-lg vc_hidden-md vc_hidden-sm\u00bb][vc_empty_space height=\u00bb600px\u00bb css=\u00bb.vc_custom_1533209237731{background-image: url(https:\/\/www.cofamavins.com\/wp-content\/uploads\/Ulls-de-mel-blanc.jpg?id=10788) !important;background-position: center !important;background-repeat: no-repeat !important;background-size: cover !important;}\u00bb][\/vc_column][\/vc_row][vc_row row_content_width=\u00bbgrid\u00bb content_text_aligment=\u00bbcenter\u00bb][vc_column width=\u00bb1\/2&#8243;][vc_empty_space height=\u00bb20px\u00bb][vc_column_text] DO\u00a0| Penede\u0300s CRIANZA\u00a0| Joven UVAS\u00a0| 90% Tempranillo 10% Garnatxa ALCOHOL\u00a0| 12,5% [&hellip;]<\/p>\n","protected":false},"author":1,"featured_media":0,"parent":13123,"menu_order":0,"comment_status":"closed","ping_status":"closed","template":"full-width.php","meta":{"footnotes":""},"class_list":["post-11712","page","type-page","status-publish","hentry"],"translation":{"provider":"WPGlobus","version":"3.0.0","language":"es","enabled_languages":["en","es"],"languages":{"en":{"title":true,"content":true,"excerpt":false},"es":{"title":true,"content":true,"excerpt":false}}},"yoast_head":"<!-- This site is optimized with the Yoast SEO plugin v25.5 - https:\/\/yoast.com\/wordpress\/plugins\/seo\/ -->\n<title>Ulls de mel - COFAMA<\/title>\n<meta name=\"robots\" content=\"index, follow, max-snippet:-1, max-image-preview:large, max-video-preview:-1\" \/>\n<link rel=\"canonical\" href=\"https:\/\/www.cofamavins.com\/vinos\/ulls-de-mel\/\" \/>\n<meta property=\"og:locale\" content=\"es_ES\" \/>\n<meta property=\"og:type\" content=\"article\" \/>\n<meta property=\"og:title\" content=\"Ulls de mel - COFAMA\" \/>\n<meta property=\"og:url\" content=\"https:\/\/www.cofamavins.com\/vinos\/ulls-de-mel\/\" \/>\n<meta property=\"og:site_name\" content=\"COFAMA\" \/>\n<meta property=\"article:modified_time\" content=\"2024-06-17T17:52:02+00:00\" \/>\n<meta name=\"twitter:label1\" content=\"Tiempo de lectura\" \/>\n\t<meta name=\"twitter:data1\" content=\"3 minutos\" \/>\n<script type=\"application\/ld+json\" class=\"yoast-schema-graph\">{\"@context\":\"https:\/\/schema.org\",\"@graph\":[{\"@type\":\"WebPage\",\"@id\":\"https:\/\/www.cofamavins.com\/vinos\/ulls-de-mel\/\",\"url\":\"https:\/\/www.cofamavins.com\/vinos\/ulls-de-mel\/\",\"name\":\"Ulls de mel - COFAMA\",\"isPartOf\":{\"@id\":\"https:\/\/www.cofamavins.com\/#website\"},\"datePublished\":\"2018-02-27T17:19:42+00:00\",\"dateModified\":\"2024-06-17T17:52:02+00:00\",\"breadcrumb\":{\"@id\":\"https:\/\/www.cofamavins.com\/vinos\/ulls-de-mel\/#breadcrumb\"},\"inLanguage\":\"es\",\"potentialAction\":[{\"@type\":\"ReadAction\",\"target\":[\"https:\/\/www.cofamavins.com\/vinos\/ulls-de-mel\/\"]}]},{\"@type\":\"BreadcrumbList\",\"@id\":\"https:\/\/www.cofamavins.com\/vinos\/ulls-de-mel\/#breadcrumb\",\"itemListElement\":[{\"@type\":\"ListItem\",\"position\":1,\"name\":\"Portada\",\"item\":\"https:\/\/www.cofamavins.com\/\"},{\"@type\":\"ListItem\",\"position\":2,\"name\":\"VINOS\",\"item\":\"https:\/\/www.cofamavins.com\/vinos\/\"},{\"@type\":\"ListItem\",\"position\":3,\"name\":\"Ulls de mel\"}]},{\"@type\":\"WebSite\",\"@id\":\"https:\/\/www.cofamavins.com\/#website\",\"url\":\"https:\/\/www.cofamavins.com\/\",\"name\":\"COFAMA\",\"description\":\"Vins i caves\",\"potentialAction\":[{\"@type\":\"SearchAction\",\"target\":{\"@type\":\"EntryPoint\",\"urlTemplate\":\"https:\/\/www.cofamavins.com\/?s={search_term_string}\"},\"query-input\":{\"@type\":\"PropertyValueSpecification\",\"valueRequired\":true,\"valueName\":\"search_term_string\"}}],\"inLanguage\":\"es\"}]}<\/script>\n<!-- \/ Yoast SEO plugin. -->","yoast_head_json":{"title":"Ulls de mel - COFAMA","robots":{"index":"index","follow":"follow","max-snippet":"max-snippet:-1","max-image-preview":"max-image-preview:large","max-video-preview":"max-video-preview:-1"},"canonical":"https:\/\/www.cofamavins.com\/vinos\/ulls-de-mel\/","og_locale":"es_ES","og_type":"article","og_title":"Ulls de mel - COFAMA","og_url":"https:\/\/www.cofamavins.com\/vinos\/ulls-de-mel\/","og_site_name":"COFAMA","article_modified_time":"2024-06-17T17:52:02+00:00","twitter_misc":{"Tiempo de lectura":"3 minutos"},"schema":{"@context":"https:\/\/schema.org","@graph":[{"@type":"WebPage","@id":"https:\/\/www.cofamavins.com\/vinos\/ulls-de-mel\/","url":"https:\/\/www.cofamavins.com\/vinos\/ulls-de-mel\/","name":"Ulls de mel - COFAMA","isPartOf":{"@id":"https:\/\/www.cofamavins.com\/#website"},"datePublished":"2018-02-27T17:19:42+00:00","dateModified":"2024-06-17T17:52:02+00:00","breadcrumb":{"@id":"https:\/\/www.cofamavins.com\/vinos\/ulls-de-mel\/#breadcrumb"},"inLanguage":"es","potentialAction":[{"@type":"ReadAction","target":["https:\/\/www.cofamavins.com\/vinos\/ulls-de-mel\/"]}]},{"@type":"BreadcrumbList","@id":"https:\/\/www.cofamavins.com\/vinos\/ulls-de-mel\/#breadcrumb","itemListElement":[{"@type":"ListItem","position":1,"name":"Portada","item":"https:\/\/www.cofamavins.com\/"},{"@type":"ListItem","position":2,"name":"VINOS","item":"https:\/\/www.cofamavins.com\/vinos\/"},{"@type":"ListItem","position":3,"name":"Ulls de mel"}]},{"@type":"WebSite","@id":"https:\/\/www.cofamavins.com\/#website","url":"https:\/\/www.cofamavins.com\/","name":"COFAMA","description":"Vins i caves","potentialAction":[{"@type":"SearchAction","target":{"@type":"EntryPoint","urlTemplate":"https:\/\/www.cofamavins.com\/?s={search_term_string}"},"query-input":{"@type":"PropertyValueSpecification","valueRequired":true,"valueName":"search_term_string"}}],"inLanguage":"es"}]}},"_links":{"self":[{"href":"https:\/\/www.cofamavins.com\/es\/wp-json\/wp\/v2\/pages\/11712","targetHints":{"allow":["GET"]}}],"collection":[{"href":"https:\/\/www.cofamavins.com\/es\/wp-json\/wp\/v2\/pages"}],"about":[{"href":"https:\/\/www.cofamavins.com\/es\/wp-json\/wp\/v2\/types\/page"}],"author":[{"embeddable":true,"href":"https:\/\/www.cofamavins.com\/es\/wp-json\/wp\/v2\/users\/1"}],"replies":[{"embeddable":true,"href":"https:\/\/www.cofamavins.com\/es\/wp-json\/wp\/v2\/comments?post=11712"}],"version-history":[{"count":28,"href":"https:\/\/www.cofamavins.com\/es\/wp-json\/wp\/v2\/pages\/11712\/revisions"}],"predecessor-version":[{"id":16173,"href":"https:\/\/www.cofamavins.com\/es\/wp-json\/wp\/v2\/pages\/11712\/revisions\/16173"}],"up":[{"embeddable":true,"href":"https:\/\/www.cofamavins.com\/es\/wp-json\/wp\/v2\/pages\/13123"}],"wp:attachment":[{"href":"https:\/\/www.cofamavins.com\/es\/wp-json\/wp\/v2\/media?parent=11712"}],"curies":[{"name":"wp","href":"https:\/\/api.w.org\/{rel}","templated":true}]}}