{"id":11714,"date":"2018-02-27T18:24:10","date_gmt":"2018-02-27T17:24:10","guid":{"rendered":"https:\/\/cofevins.com\/?page_id=11714"},"modified":"2020-02-10T19:48:12","modified_gmt":"2020-02-10T18:48:12","slug":"clos-de-dia","status":"publish","type":"page","link":"https:\/\/www.cofamavins.com\/es\/vinos\/clos-de-dia\/","title":{"rendered":"Clos de Dia"},"content":{"rendered":"<div class=\"wpb-content-wrapper\"><p>[vc_row row_type=\u00bbparallax\u00bb content_text_aligment=\u00bbcenter\u00bb parallax_background_image=\u00bb15259&#8243; css=\u00bb.vc_custom_1581354893940{background-position: center !important;background-repeat: no-repeat !important;background-size: cover !important;}\u00bb parallax_section_height=\u00bb700px\u00bb][vc_column width=\u00bb1\/2&#8243;][vc_empty_space height=\u00bb200px\u00bb]<div class=\"eltdf-section-title-holder\" >\n\t\t\t<h1 class=\"eltdf-st-title\" >\n\t\t\t<span>Clos de Dia<\/span>\n\t\t<\/h1>\n        \t\t\t\t<h4 class=\"eltdf-st-subtitle\" >\n\t\t<span>DO Terra Alta<\/span>\n\t\t<\/h4>\n\t\t<\/div>[vc_empty_space height=\u00bb200px\u00bb][\/vc_column][vc_column width=\u00bb1\/2&#8243;][\/vc_column][\/vc_row][vc_row][vc_column][vc_empty_space height=\u00bb20px\u00bb][\/vc_column][\/vc_row][vc_row][vc_column offset=\u00bbvc_hidden-lg vc_hidden-md vc_hidden-sm\u00bb][vc_empty_space height=\u00bb600px\u00bb css=\u00bb.vc_custom_1581360332970{background-image: url(https:\/\/www.cofamavins.com\/wp-content\/uploads\/Clos-de-dia-blanc.jpg?id=15264) !important;background-position: center !important;background-repeat: no-repeat !important;background-size: cover !important;}\u00bb][\/vc_column][\/vc_row][vc_row row_content_width=\u00bbgrid\u00bb content_text_aligment=\u00bbcenter\u00bb][vc_column width=\u00bb1\/2&#8243;][vc_empty_space height=\u00bb70px\u00bb]<div class=\"eltdf-section-title-holder\" >\n\t\t\t<h1 class=\"eltdf-st-title\" >\n\t\t\t<span>Clos de Dia<\/span>\n\t\t<\/h1>\n        \t\t\t\t<h4 class=\"eltdf-st-subtitle\" style=\"color: #b7a36f\">\n\t\t<span>Blanco<\/span>\n\t\t<\/h4>\n\t\t<\/div>[vc_empty_space height=\u00bb20px\u00bb][vc_column_text]<\/p>\n<div class=\"page\" style=\"text-align: center;\" title=\"Page 6\">\n<div class=\"section\">\n<div class=\"layoutArea\">\n<div class=\"column\">\n<div class=\"page\" title=\"Page 6\">\n<div class=\"section\">\n<div class=\"layoutArea\">\n<div class=\"column\">\u00a0<strong>DO<\/strong>\u00a0| Terra Alta<\/div>\n<div class=\"column\"><strong>CRIANZA\u00a0<\/strong>| Joven<\/div>\n<div class=\"column\"><strong>UVAS<\/strong>\u00a0| 100% Garnatxa blanca<\/div>\n<div class=\"column\"><strong>ALCOHOL<\/strong>\u00a0| 12,5%<\/div>\n<\/div>\n<\/div>\n<\/div>\n<div class=\"page\" title=\"Page 21\">\n<div class=\"section\">\n<div class=\"layoutArea\">\n<div class=\"column\">\n<p><strong><br \/>\nNota de cata<br \/>\n<\/strong>Vino blanco vibrante con tonos dorados. Aromas expresivos de flor silvestre y fruta blanca madura. Refrescante y crujiente, con un buen cuerpo que resulta de su crianza sobre l\u00edas. Acabado largo y encantador.<br \/>\n<strong>Maridaje<br \/>\n<\/strong>Este vino marida muy bien con todo tipo de platos mediterr\u00e1neos, pastas, ensaladas de queso de cabra, guisos de pescado y marisco. Tambi\u00e9n con aves y queso cremoso.<\/p>\n<\/div>\n<\/div>\n<\/div>\n<\/div>\n<\/div>\n<\/div>\n<\/div>\n<\/div>\n<p>[\/vc_column_text][vc_empty_space height=\u00bb40px\u00bb]<a itemprop=\"url\" href=\"https:\/\/www.cofamavins.com\/wp-content\/uploads\/CLOS-DE-DIA_blanco_ESP.pdf\" target=\"_blank\" style=\"color: #808080;background-color: #ffffff;border-color: #808080\" class=\"eltdf-btn eltdf-btn-small eltdf-btn-solid eltdf-btn-custom-hover-bg eltdf-btn-custom-hover-color\" data-hover-color=\"#ffffff\" data-hover-bg-color=\"#808080\" >\n    <span class=\"eltdf-btn-text\">DESCARGAR FICHA<\/span>\n    <\/a>[\/vc_column][vc_column width=\u00bb1\/2&#8243; offset=\u00bbvc_hidden-xs\u00bb][vc_empty_space height=\u00bb700px\u00bb css=\u00bb.vc_custom_1581355470077{background-image: url(https:\/\/www.cofamavins.com\/wp-content\/uploads\/Clos-de-dia-blanc.jpg?id=15264) !important;background-position: center !important;background-repeat: no-repeat !important;background-size: cover !important;}\u00bb][\/vc_column][\/vc_row][vc_row][vc_column offset=\u00bbvc_hidden-lg vc_hidden-md vc_hidden-sm\u00bb][vc_empty_space height=\u00bb600px\u00bb css=\u00bb.vc_custom_1581360356779{background-image: url(https:\/\/www.cofamavins.com\/wp-content\/uploads\/Clos-de-dia-negre.jpg?id=15265) !important;background-position: center !important;background-repeat: no-repeat !important;background-size: cover !important;}\u00bb][\/vc_column][\/vc_row][vc_row][vc_column][vc_empty_space height=\u00bb20px\u00bb][\/vc_column][\/vc_row][vc_row row_content_width=\u00bbgrid\u00bb content_text_aligment=\u00bbcenter\u00bb][vc_column width=\u00bb1\/2&#8243; offset=\u00bbvc_hidden-xs\u00bb][vc_empty_space height=\u00bb700px\u00bb css=\u00bb.vc_custom_1581360339752{background-image: url(https:\/\/www.cofamavins.com\/wp-content\/uploads\/Clos-de-dia-negre.jpg?id=15265) !important;background-position: center !important;background-repeat: no-repeat !important;background-size: cover !important;}\u00bb][\/vc_column][vc_column width=\u00bb1\/2&#8243;][vc_empty_space height=\u00bb70px\u00bb]<div class=\"eltdf-section-title-holder\" >\n\t\t\t<h1 class=\"eltdf-st-title\" >\n\t\t\t<span>Clos de Dia<\/span>\n\t\t<\/h1>\n        \t\t\t\t<h4 class=\"eltdf-st-subtitle\" style=\"color: #6b2c3d\">\n\t\t<span>Tinto<\/span>\n\t\t<\/h4>\n\t\t<\/div>[vc_empty_space height=\u00bb20px\u00bb][vc_column_text]<\/p>\n<div class=\"page\" style=\"text-align: center;\" title=\"Page 6\">\n<div class=\"section\">\n<div class=\"layoutArea\">\n<div class=\"column\">\n<div class=\"page\" title=\"Page 6\">\n<div class=\"section\">\n<div class=\"layoutArea\">\n<div class=\"column\">\u00a0<strong>DO<\/strong>\u00a0| Terra Alta<\/div>\n<div class=\"column\"><strong>CRIANZA\u00a0<\/strong>| Joven<\/div>\n<div class=\"column\"><strong>UVAS<\/strong>\u00a0| 100% Garnatxa<\/div>\n<div class=\"column\"><strong>ALCOHOL<\/strong>\u00a0| 13%<\/div>\n<\/div>\n<\/div>\n<\/div>\n<div class=\"page\" title=\"Page 21\">\n<div class=\"section\">\n<div class=\"layoutArea\">\n<div class=\"column\">\n<p><strong><br \/>\nNota de cata<br \/>\n<\/strong>Vino de color cereza brillante tinto. Expresi\u00f3n floral i de frutas rojas, con notas bals\u00e1micas. En boca es f\u00e1cil de beber, goloso, fresco y afrutado. En el paladar presenta un tanino dulce agradable y afrutado.<br \/>\n<strong>Maridaje<br \/>\n<\/strong>Vino perfecto para tomar con todo tipo de carnes, tapas, barbacoas o queso cremoso.<\/p>\n<\/div>\n<\/div>\n<\/div>\n<\/div>\n<\/div>\n<\/div>\n<\/div>\n<\/div>\n<p>[\/vc_column_text][vc_empty_space height=\u00bb40px\u00bb]<a itemprop=\"url\" href=\"https:\/\/www.cofamavins.com\/wp-content\/uploads\/CLOS-DE-DIA_tinto_ESP.pdf\" target=\"_blank\" style=\"color: #808080;background-color: #ffffff;border-color: #808080\" class=\"eltdf-btn eltdf-btn-small eltdf-btn-solid eltdf-btn-custom-hover-bg eltdf-btn-custom-hover-color\" data-hover-color=\"#ffffff\" data-hover-bg-color=\"#808080\" >\n    <span class=\"eltdf-btn-text\">DESCARGAR FICHA<\/span>\n    <\/a>[\/vc_column][\/vc_row]<\/p>\n<\/div>","protected":false},"excerpt":{"rendered":"<p>[vc_row row_type=\u00bbparallax\u00bb content_text_aligment=\u00bbcenter\u00bb parallax_background_image=\u00bb15259&#8243; css=\u00bb.vc_custom_1581354893940{background-position: center !important;background-repeat: no-repeat !important;background-size: cover !important;}\u00bb parallax_section_height=\u00bb700px\u00bb][vc_column width=\u00bb1\/2&#8243;][vc_empty_space height=\u00bb200px\u00bb][vc_empty_space height=\u00bb200px\u00bb][\/vc_column][vc_column width=\u00bb1\/2&#8243;][\/vc_column][\/vc_row][vc_row][vc_column][vc_empty_space height=\u00bb20px\u00bb][\/vc_column][\/vc_row][vc_row][vc_column offset=\u00bbvc_hidden-lg vc_hidden-md vc_hidden-sm\u00bb][vc_empty_space height=\u00bb600px\u00bb css=\u00bb.vc_custom_1581360332970{background-image: url(https:\/\/www.cofamavins.com\/wp-content\/uploads\/Clos-de-dia-blanc.jpg?id=15264) !important;background-position: center !important;background-repeat: no-repeat !important;background-size: cover !important;}\u00bb][\/vc_column][\/vc_row][vc_row row_content_width=\u00bbgrid\u00bb content_text_aligment=\u00bbcenter\u00bb][vc_column width=\u00bb1\/2&#8243;][vc_empty_space height=\u00bb70px\u00bb][vc_empty_space height=\u00bb20px\u00bb][vc_column_text] \u00a0DO\u00a0| Terra Alta CRIANZA\u00a0| Joven UVAS\u00a0| 100% Garnatxa blanca ALCOHOL\u00a0| [&hellip;]<\/p>\n","protected":false},"author":1,"featured_media":0,"parent":13123,"menu_order":0,"comment_status":"closed","ping_status":"closed","template":"full-width.php","meta":{"footnotes":""},"class_list":["post-11714","page","type-page","status-publish","hentry"],"translation":{"provider":"WPGlobus","version":"3.0.0","language":"es","enabled_languages":["en","es"],"languages":{"en":{"title":true,"content":true,"excerpt":false},"es":{"title":true,"content":true,"excerpt":false}}},"yoast_head":"<!-- This site is optimized with the Yoast SEO plugin v25.5 - https:\/\/yoast.com\/wordpress\/plugins\/seo\/ -->\n<title>Clos de Dia - COFAMA<\/title>\n<meta name=\"robots\" content=\"index, follow, max-snippet:-1, max-image-preview:large, max-video-preview:-1\" \/>\n<link rel=\"canonical\" href=\"https:\/\/www.cofamavins.com\/vinos\/clos-de-dia\/\" \/>\n<meta property=\"og:locale\" content=\"es_ES\" \/>\n<meta property=\"og:type\" content=\"article\" \/>\n<meta property=\"og:title\" content=\"Clos de Dia - COFAMA\" \/>\n<meta property=\"og:url\" content=\"https:\/\/www.cofamavins.com\/vinos\/clos-de-dia\/\" \/>\n<meta property=\"og:site_name\" content=\"COFAMA\" \/>\n<meta property=\"article:modified_time\" content=\"2020-02-10T18:48:12+00:00\" \/>\n<meta name=\"twitter:label1\" content=\"Tiempo de lectura\" \/>\n\t<meta name=\"twitter:data1\" content=\"6 minutos\" \/>\n<script type=\"application\/ld+json\" class=\"yoast-schema-graph\">{\"@context\":\"https:\/\/schema.org\",\"@graph\":[{\"@type\":\"WebPage\",\"@id\":\"https:\/\/www.cofamavins.com\/vinos\/clos-de-dia\/\",\"url\":\"https:\/\/www.cofamavins.com\/vinos\/clos-de-dia\/\",\"name\":\"Clos de Dia - COFAMA\",\"isPartOf\":{\"@id\":\"https:\/\/www.cofamavins.com\/#website\"},\"datePublished\":\"2018-02-27T17:24:10+00:00\",\"dateModified\":\"2020-02-10T18:48:12+00:00\",\"breadcrumb\":{\"@id\":\"https:\/\/www.cofamavins.com\/vinos\/clos-de-dia\/#breadcrumb\"},\"inLanguage\":\"es\",\"potentialAction\":[{\"@type\":\"ReadAction\",\"target\":[\"https:\/\/www.cofamavins.com\/vinos\/clos-de-dia\/\"]}]},{\"@type\":\"BreadcrumbList\",\"@id\":\"https:\/\/www.cofamavins.com\/vinos\/clos-de-dia\/#breadcrumb\",\"itemListElement\":[{\"@type\":\"ListItem\",\"position\":1,\"name\":\"Portada\",\"item\":\"https:\/\/www.cofamavins.com\/\"},{\"@type\":\"ListItem\",\"position\":2,\"name\":\"VINOS\",\"item\":\"https:\/\/www.cofamavins.com\/vinos\/\"},{\"@type\":\"ListItem\",\"position\":3,\"name\":\"Clos de Dia\"}]},{\"@type\":\"WebSite\",\"@id\":\"https:\/\/www.cofamavins.com\/#website\",\"url\":\"https:\/\/www.cofamavins.com\/\",\"name\":\"COFAMA\",\"description\":\"Vins i caves\",\"potentialAction\":[{\"@type\":\"SearchAction\",\"target\":{\"@type\":\"EntryPoint\",\"urlTemplate\":\"https:\/\/www.cofamavins.com\/?s={search_term_string}\"},\"query-input\":{\"@type\":\"PropertyValueSpecification\",\"valueRequired\":true,\"valueName\":\"search_term_string\"}}],\"inLanguage\":\"es\"}]}<\/script>\n<!-- \/ Yoast SEO plugin. -->","yoast_head_json":{"title":"Clos de Dia - COFAMA","robots":{"index":"index","follow":"follow","max-snippet":"max-snippet:-1","max-image-preview":"max-image-preview:large","max-video-preview":"max-video-preview:-1"},"canonical":"https:\/\/www.cofamavins.com\/vinos\/clos-de-dia\/","og_locale":"es_ES","og_type":"article","og_title":"Clos de Dia - COFAMA","og_url":"https:\/\/www.cofamavins.com\/vinos\/clos-de-dia\/","og_site_name":"COFAMA","article_modified_time":"2020-02-10T18:48:12+00:00","twitter_misc":{"Tiempo de lectura":"6 minutos"},"schema":{"@context":"https:\/\/schema.org","@graph":[{"@type":"WebPage","@id":"https:\/\/www.cofamavins.com\/vinos\/clos-de-dia\/","url":"https:\/\/www.cofamavins.com\/vinos\/clos-de-dia\/","name":"Clos de Dia - COFAMA","isPartOf":{"@id":"https:\/\/www.cofamavins.com\/#website"},"datePublished":"2018-02-27T17:24:10+00:00","dateModified":"2020-02-10T18:48:12+00:00","breadcrumb":{"@id":"https:\/\/www.cofamavins.com\/vinos\/clos-de-dia\/#breadcrumb"},"inLanguage":"es","potentialAction":[{"@type":"ReadAction","target":["https:\/\/www.cofamavins.com\/vinos\/clos-de-dia\/"]}]},{"@type":"BreadcrumbList","@id":"https:\/\/www.cofamavins.com\/vinos\/clos-de-dia\/#breadcrumb","itemListElement":[{"@type":"ListItem","position":1,"name":"Portada","item":"https:\/\/www.cofamavins.com\/"},{"@type":"ListItem","position":2,"name":"VINOS","item":"https:\/\/www.cofamavins.com\/vinos\/"},{"@type":"ListItem","position":3,"name":"Clos de Dia"}]},{"@type":"WebSite","@id":"https:\/\/www.cofamavins.com\/#website","url":"https:\/\/www.cofamavins.com\/","name":"COFAMA","description":"Vins i caves","potentialAction":[{"@type":"SearchAction","target":{"@type":"EntryPoint","urlTemplate":"https:\/\/www.cofamavins.com\/?s={search_term_string}"},"query-input":{"@type":"PropertyValueSpecification","valueRequired":true,"valueName":"search_term_string"}}],"inLanguage":"es"}]}},"_links":{"self":[{"href":"https:\/\/www.cofamavins.com\/es\/wp-json\/wp\/v2\/pages\/11714","targetHints":{"allow":["GET"]}}],"collection":[{"href":"https:\/\/www.cofamavins.com\/es\/wp-json\/wp\/v2\/pages"}],"about":[{"href":"https:\/\/www.cofamavins.com\/es\/wp-json\/wp\/v2\/types\/page"}],"author":[{"embeddable":true,"href":"https:\/\/www.cofamavins.com\/es\/wp-json\/wp\/v2\/users\/1"}],"replies":[{"embeddable":true,"href":"https:\/\/www.cofamavins.com\/es\/wp-json\/wp\/v2\/comments?post=11714"}],"version-history":[{"count":36,"href":"https:\/\/www.cofamavins.com\/es\/wp-json\/wp\/v2\/pages\/11714\/revisions"}],"predecessor-version":[{"id":15289,"href":"https:\/\/www.cofamavins.com\/es\/wp-json\/wp\/v2\/pages\/11714\/revisions\/15289"}],"up":[{"embeddable":true,"href":"https:\/\/www.cofamavins.com\/es\/wp-json\/wp\/v2\/pages\/13123"}],"wp:attachment":[{"href":"https:\/\/www.cofamavins.com\/es\/wp-json\/wp\/v2\/media?parent=11714"}],"curies":[{"name":"wp","href":"https:\/\/api.w.org\/{rel}","templated":true}]}}