{"id":12013,"date":"2018-03-16T13:14:19","date_gmt":"2018-03-16T12:14:19","guid":{"rendered":"https:\/\/cofevins.com\/?page_id=12013"},"modified":"2025-07-23T11:37:33","modified_gmt":"2025-07-23T09:37:33","slug":"mas-fi","status":"publish","type":"page","link":"https:\/\/www.cofamavins.com\/es\/cavas\/mas-fi\/","title":{"rendered":"Mas Fi"},"content":{"rendered":"<div class=\"wpb-content-wrapper\"><p>[vc_row row_type=\u00bbparallax\u00bb content_text_aligment=\u00bbcenter\u00bb css=\u00bb.vc_custom_1753199985825{background-color: #f2f2f2 !important;background-position: center !important;background-repeat: no-repeat !important;background-size: cover !important;}\u00bb parallax_background_image=\u00bb16281&#8243; parallax_section_height=\u00bb700px\u00bb][vc_column][vc_empty_space height=\u00bb200px\u00bb][vc_row_inner][vc_column_inner width=\u00bb1\/4&#8243;][\/vc_column_inner][vc_column_inner width=\u00bb3\/4&#8243;]<div class=\"eltdf-section-title-holder\" >\n\t\t\t<h1 class=\"eltdf-st-title\" style=\"color: #5b5b5b\">\n\t\t\t<span>Mas Fi<\/span>\n\t\t<\/h1>\n                    <div class=\"eltdf-st-separator clearfix\">\n                <div class=\"eltdf-separator\" style=\"border-color: #5b5b5b\"><\/div>\n            <\/div>\n        \t\t\t\t<h4 class=\"eltdf-st-subtitle\" style=\"color: #5b5b5b\">\n\t\t<span>DO Cava<\/span>\n\t\t<\/h4>\n\t\t<\/div>[\/vc_column_inner][\/vc_row_inner][vc_empty_space height=\u00bb200px\u00bb][\/vc_column][\/vc_row][vc_row][vc_column][vc_empty_space height=\u00bb50px\u00bb][\/vc_column][\/vc_row][vc_row][vc_column offset=\u00bbvc_hidden-lg vc_hidden-md vc_hidden-sm\u00bb][vc_empty_space height=\u00bb600px\u00bb css=\u00bb.vc_custom_1533229510920{background-image: url(https:\/\/www.cofamavins.com\/wp-content\/uploads\/Mas-Fi-Brut-1.jpg?id=11884) !important;background-position: center !important;background-repeat: no-repeat !important;background-size: cover !important;}\u00bb][\/vc_column][\/vc_row][vc_row row_content_width=\u00bbgrid\u00bb content_text_aligment=\u00bbcenter\u00bb][vc_column width=\u00bb1\/2&#8243;][vc_empty_space height=\u00bb70px\u00bb]<div class=\"eltdf-section-title-holder\" >\n\t\t\t<h1 class=\"eltdf-st-title\" >\n\t\t\t<span>Mas Fi<\/span>\n\t\t<\/h1>\n        \t\t\t\t<h4 class=\"eltdf-st-subtitle\" style=\"color: #b7a36f\">\n\t\t<span>Brut<\/span>\n\t\t<\/h4>\n\t\t<\/div>[vc_empty_space height=\u00bb20px\u00bb][vc_column_text]<\/p>\n<div class=\"page\" style=\"text-align: center;\" title=\"Page 1\">\n<div class=\"section\">\n<div class=\"layoutArea\">\n<div class=\"column\">\n<p><strong>DO<\/strong> | Cava<br \/>\n<strong>UVAS<\/strong> | Xarel\u00b7lo 40%, Macabeo 35%, Parellada 25%<br \/>\n<strong>CRIANZA<\/strong> | 10 meses<br \/>\n<strong>ALCOHOL<\/strong> | 11,5%<br \/>\n<strong>AZU\u0301CAR<\/strong> | 7 g\/L<\/p>\n<p><strong>Nota de cata<\/strong><br \/>\nColor amarillo pajizo con tonalidades verdosas. Burbujas finas y persistentes. Aspecto claro y limpio. Aromas ci\u0301tricos y de fruta fresca. En boca tiene vivacidad, compensada por un agradable equilibrio y elegancia. Postgusto de frutas blancas y con algunas notas suaves de ci\u0301tricos. Resumen: Fresco, muy afrutado, agradable, bien equilibrado y con fina y buena estructura de burbuja.<\/p>\n<p><strong>Maridaje<\/strong><br \/>\nUn cava ideal para disfrutar de una sobremesa acompan\u0303ando postres y dulces o tomando un aperitivo bajo el sol.<\/p>\n<\/div>\n<\/div>\n<\/div>\n<\/div>\n<p>[\/vc_column_text][vc_empty_space height=\u00bb40px\u00bb]<a itemprop=\"url\" href=\"https:\/\/www.cofamavins.com\/wp-content\/uploads\/Mas-Fi-Brut-ES.pdf\" target=\"_blank\" style=\"color: #808080;background-color: #ffffff;border-color: #808080\" class=\"eltdf-btn eltdf-btn-small eltdf-btn-solid eltdf-btn-custom-hover-bg eltdf-btn-custom-hover-color\" data-hover-color=\"#ffffff\" data-hover-bg-color=\"#808080\" >\n    <span class=\"eltdf-btn-text\">DESCARGAR FICHA<\/span>\n    <\/a>[\/vc_column][vc_column width=\u00bb1\/2&#8243; css=\u00bb.vc_custom_1533229515197{margin-top: 50px !important;}\u00bb offset=\u00bbvc_hidden-xs\u00bb][vc_empty_space height=\u00bb700px\u00bb css=\u00bb.vc_custom_1753194376982{background-image: url(https:\/\/www.cofamavins.com\/wp-content\/uploads\/Mas-Fi-Brut.png?id=16224) !important;background-position: center !important;background-repeat: no-repeat !important;background-size: contain !important;}\u00bb][\/vc_column][\/vc_row][vc_row][vc_column][vc_empty_space height=\u00bb50px\u00bb][\/vc_column][\/vc_row][vc_row][vc_column offset=\u00bbvc_hidden-lg vc_hidden-md vc_hidden-sm\u00bb][vc_empty_space height=\u00bb600px\u00bb css=\u00bb.vc_custom_1533229546307{background-image: url(https:\/\/www.cofamavins.com\/wp-content\/uploads\/Mas-Fi-Reserva.jpg?id=11885) !important;background-position: center !important;background-repeat: no-repeat !important;background-size: cover !important;}\u00bb][\/vc_column][\/vc_row][vc_row row_content_width=\u00bbgrid\u00bb content_text_aligment=\u00bbcenter\u00bb][vc_column width=\u00bb1\/2&#8243; css=\u00bb.vc_custom_1533229588369{margin-top: 50px !important;}\u00bb offset=\u00bbvc_hidden-xs\u00bb][vc_empty_space height=\u00bb700px\u00bb css=\u00bb.vc_custom_1753194524453{background-image: url(https:\/\/www.cofamavins.com\/wp-content\/uploads\/Mas-Fi-Rosado.png?id=16247) !important;background-position: center !important;background-repeat: no-repeat !important;background-size: contain !important;}\u00bb][\/vc_column][vc_column width=\u00bb1\/2&#8243;][vc_empty_space height=\u00bb70px\u00bb]<div class=\"eltdf-section-title-holder\" >\n\t\t\t<h1 class=\"eltdf-st-title\" >\n\t\t\t<span>Mas Fi<\/span>\n\t\t<\/h1>\n        \t\t\t\t<h4 class=\"eltdf-st-subtitle\" style=\"color: #dd9090\">\n\t\t<span>Rosado<\/span>\n\t\t<\/h4>\n\t\t<\/div>[vc_empty_space height=\u00bb20px\u00bb][vc_column_text css=\u00bb\u00bb]<\/p>\n<div class=\"page\" style=\"text-align: center;\" title=\"Page 1\">\n<div class=\"section\">\n<div class=\"layoutArea\">\n<div class=\"column\">\n<p><strong>DO<\/strong> | Cava<br \/>\n<strong>UVAS<\/strong> | Trepat 34%, Garnacha 33%, Monastrell 33%<br \/>\n<strong>CRIANZA<\/strong> | 11 meses<br \/>\n<strong>ALCOHOL<\/strong> | 11,5%<br \/>\n<strong>AZU\u0301CAR<\/strong> | 7 g\/L<\/p>\n<p><strong>Nota de cata<\/strong><br \/>\nAtractivo color rosa de viva intensidad con reflejos violetas. Burbuja fina, con abundante formacio\u0301n de rosarios y densa corona. En nariz es suave y fresco donde dominan las frutas silvestres, sobre todo la fresa. En boca es agradable con el carbo\u0301nico bien ensamblado, rico y denso. En su evolucio\u0301n muestra un cara\u0301cter varietal, fresco y complejo a la vez, carnoso pero ligero, destacando los frutos rojos del bosque. Equilibrado, buena estructura y carbo\u0301nico bien integrado. Postgusto agradable de mediana intensidad, donde se repiten y armonizan los aromas de nariz y boca.<\/p>\n<p><strong>Maridaje<\/strong><br \/>\nUn cava ideal para disfrutar de una sobremesa acompan\u0303ando postres, dulces y chocolates.<\/p>\n<\/div>\n<\/div>\n<\/div>\n<\/div>\n<p>[\/vc_column_text][vc_empty_space height=\u00bb40px\u00bb]<a itemprop=\"url\" href=\"https:\/\/www.cofamavins.com\/wp-content\/uploads\/Mas-Fi-Rosado-ES.pdf\" target=\"_blank\" style=\"color: #808080;background-color: #ffffff;border-color: #808080\" class=\"eltdf-btn eltdf-btn-small eltdf-btn-solid eltdf-btn-custom-hover-bg eltdf-btn-custom-hover-color\" data-hover-color=\"#ffffff\" data-hover-bg-color=\"#808080\" >\n    <span class=\"eltdf-btn-text\">DESCARGAR FICHA<\/span>\n    <\/a>[\/vc_column][\/vc_row][vc_row][vc_column][vc_empty_space height=\u00bb50px\u00bb][\/vc_column][\/vc_row][vc_row][vc_column offset=\u00bbvc_hidden-lg vc_hidden-md vc_hidden-sm\u00bb][vc_empty_space height=\u00bb600px\u00bb css=\u00bb.vc_custom_1533229617587{background-image: url(https:\/\/www.cofamavins.com\/wp-content\/uploads\/Mas-Fi-Brut-200ml.png?id=13296) !important;background-position: center !important;background-repeat: no-repeat !important;background-size: cover !important;}\u00bb][\/vc_column][\/vc_row][vc_row row_content_width=\u00bbgrid\u00bb content_text_aligment=\u00bbcenter\u00bb][vc_column width=\u00bb1\/2&#8243;][vc_empty_space height=\u00bb70px\u00bb]<div class=\"eltdf-section-title-holder\" >\n\t\t\t<h1 class=\"eltdf-st-title\" >\n\t\t\t<span>Mas Fi<\/span>\n\t\t<\/h1>\n        \t\t\t\t<h4 class=\"eltdf-st-subtitle\" style=\"color: #b7a36f\">\n\t\t<span>Brut 200ml<\/span>\n\t\t<\/h4>\n\t\t<\/div>[vc_empty_space height=\u00bb20px\u00bb][vc_column_text]<\/p>\n<div class=\"page\" style=\"text-align: center;\" title=\"Page 1\">\n<div class=\"section\">\n<div class=\"layoutArea\">\n<div class=\"column\">\n<p><strong>DO<\/strong> | Cava<br \/>\n<strong>UVAS<\/strong> | Xarel\u00b7lo 40%, Macabeo 35%, Parellada 25%<br \/>\n<strong>CRIANZA<\/strong> | 10 meses<br \/>\n<strong>ALCOHOL<\/strong> | 11,5%<br \/>\n<strong>AZU\u0301CAR<\/strong> | 7 g\/L<\/p>\n<p><strong>Nota de cata<\/strong><br \/>\nColor amarillo pajizo con tonalidades verdosas. Burbujas finas y persistentes. Aspecto claro y limpio. Aromas ci\u0301tricos y de fruta fresca. En boca tiene vivacidad, compensada por un agradable equilibrio y elegancia. Postgusto de frutas blancas y con algunas notas suaves de ci\u0301tricos. Resumen: Fresco, muy afrutado, agradable, bien equilibrado y con fina y buena estructura de burbuja.<\/p>\n<p><strong>Maridaje<\/strong><br \/>\nUn cava ideal para disfrutar de una sobremesa acompan\u0303ando postres y dulces o tomando un aperitivo bajo el sol.<\/p>\n<\/div>\n<\/div>\n<\/div>\n<\/div>\n<p>[\/vc_column_text][vc_empty_space height=\u00bb40px\u00bb]<a itemprop=\"url\" href=\"https:\/\/www.cofamavins.com\/wp-content\/uploads\/Mas-Fi-Brut-200ml-ES.pdf\" target=\"_blank\" style=\"color: #808080;background-color: #ffffff;border-color: #808080\" class=\"eltdf-btn eltdf-btn-small eltdf-btn-solid eltdf-btn-custom-hover-bg eltdf-btn-custom-hover-color\" data-hover-color=\"#ffffff\" data-hover-bg-color=\"#808080\" >\n    <span class=\"eltdf-btn-text\">DESCARGAR FICHA<\/span>\n    <\/a>[\/vc_column][vc_column width=\u00bb1\/2&#8243; offset=\u00bbvc_hidden-xs\u00bb][vc_empty_space height=\u00bb700px\u00bb css=\u00bb.vc_custom_1753194551697{background-image: url(https:\/\/www.cofamavins.com\/wp-content\/uploads\/Mas-Fi-Brut-200.png?id=16248) !important;background-position: center !important;background-repeat: no-repeat !important;background-size: contain !important;}\u00bb][\/vc_column][\/vc_row][vc_row][vc_column][vc_empty_space height=\u00bb50px\u00bb][\/vc_column][\/vc_row][vc_row row_content_width=\u00bbgrid\u00bb content_text_aligment=\u00bbcenter\u00bb][vc_column width=\u00bb1\/2&#8243; css=\u00bb.vc_custom_1533229588369{margin-top: 50px !important;}\u00bb offset=\u00bbvc_hidden-xs\u00bb][vc_empty_space height=\u00bb700px\u00bb css=\u00bb.vc_custom_1753194834060{background-image: url(https:\/\/www.cofamavins.com\/wp-content\/uploads\/Mas-Fi-00.png?id=16249) !important;background-position: center !important;background-repeat: no-repeat !important;background-size: contain !important;}\u00bb][\/vc_column][vc_column width=\u00bb1\/2&#8243;][vc_empty_space height=\u00bb70px\u00bb]<div class=\"eltdf-section-title-holder\" >\n\t\t\t<h1 class=\"eltdf-st-title\" >\n\t\t\t<span>Mas Fi 0,0%<\/span>\n\t\t<\/h1>\n        \t\t\t\t<h4 class=\"eltdf-st-subtitle\" style=\"color: #009B16\">\n\t\t<span>Espumoso sin alcohol<\/span>\n\t\t<\/h4>\n\t\t<\/div>[vc_empty_space height=\u00bb20px\u00bb][vc_column_text css=\u00bb\u00bb]<\/p>\n<div class=\"page\" style=\"text-align: center;\" title=\"Page 1\">\n<div class=\"section\">\n<div class=\"layoutArea\">\n<div class=\"column\">\n<p><strong>UVAS<\/strong> | Xarel.lo, Macabeo, Parellada<br \/>\n<strong>ACIDEZ TOTAL (tart\u00e1rica)<\/strong> | 7g\/L<br \/>\n<strong>ALCOHOL<\/strong> | 0,0%<br \/>\n<strong>AZU\u0301CAR<\/strong> | 55 g\/L<\/p>\n<p><strong>Nota de cata<\/strong><br \/>\n<strong>Examen visual:<\/strong> Color amarillo pajizo brillante con burbuja persistente.<\/p>\n<p><strong>Aroma:<\/strong> Notas de frutas tropicales muy refrescantes con toques c\u00edtricos.<\/p>\n<p><strong>En boca:<\/strong> Vivaz y afrutado, tiene un buen equilibrio acidez-dulzor. Sus burbujas de tama\u00f1o medio producen una agradable sensaci\u00f3n en el paladar. Retrogusto afrutado, que recuerda a frutas tropicales y un toque c\u00edtrico.<\/p>\n<p><strong>Impresi\u00f3n final:<\/strong> Fresco, agradable, bien equilibrado y con una buena estructura de burbuja.<\/p>\n<p><strong>Maridaje<\/strong><br \/>\nIdeal como aperitivo. Buen contraste con las tapas saladas. Ensaladas de frutas, frutas y pasteles. Pru\u00e9balo con una pasta con salsa de queso.<\/p>\n<\/div>\n<\/div>\n<\/div>\n<\/div>\n<p>[\/vc_column_text][vc_empty_space height=\u00bb40px\u00bb]<a itemprop=\"url\" href=\"https:\/\/www.cofamavins.com\/wp-content\/uploads\/Mas-Fi-00-ES.pdf\" target=\"_blank\" style=\"color: #808080;background-color: #ffffff;border-color: #808080\" class=\"eltdf-btn eltdf-btn-small eltdf-btn-solid eltdf-btn-custom-hover-bg eltdf-btn-custom-hover-color\" data-hover-color=\"#ffffff\" data-hover-bg-color=\"#808080\" >\n    <span class=\"eltdf-btn-text\">DESCARGAR FICHA<\/span>\n    <\/a>[\/vc_column][\/vc_row][vc_row][vc_column][vc_empty_space height=\u00bb50px\u00bb][\/vc_column][\/vc_row][vc_row row_content_width=\u00bbgrid\u00bb content_text_aligment=\u00bbcenter\u00bb][vc_column width=\u00bb1\/2&#8243;][vc_empty_space height=\u00bb70px\u00bb]<div class=\"eltdf-section-title-holder\" >\n\t\t\t<h1 class=\"eltdf-st-title\" >\n\t\t\t<span>Mas Fi<\/span>\n\t\t<\/h1>\n        \t\t\t\t<h4 class=\"eltdf-st-subtitle\" style=\"color: #b7a36f\">\n\t\t<span>Semi seco<\/span>\n\t\t<\/h4>\n\t\t<\/div>[vc_empty_space height=\u00bb20px\u00bb][vc_column_text css=\u00bb\u00bb]<\/p>\n<div class=\"page\" style=\"text-align: center;\" title=\"Page 1\">\n<div class=\"section\">\n<div class=\"layoutArea\">\n<div class=\"column\">\n<p><strong>DO<\/strong> | Cava<br \/>\n<strong>UVAS<\/strong> | Xarel\u00b7lo 35%, Macabeo 35%, Parellada 30%<br \/>\n<strong>CRIANZA<\/strong> | 10 meses<br \/>\n<strong>ALCOHOL<\/strong> | 11,5%<br \/>\n<strong>AZU\u0301CAR<\/strong> | 35 g\/L<\/p>\n<p><strong>Nota de cata<\/strong><br \/>\nColor amarillo pajizo con tonalidades verdosas. Burbujas finas y persistentes. Aspecto claro y limpio. Aromas ci\u0301tricos y de fruta fresca. En boca tiene vivacidad, compensada por un agradable equilibrio y elegancia. Postgusto de frutas blancas y con algunas notas suaves de ci\u0301tricos. Resumen: Fresco, muy afrutado, agradable, bien equilibrado y con fina y buena estructura de burbuja.<\/p>\n<p><strong>Maridaje<\/strong><br \/>\nUn cava ideal para disfrutar de una sobremesa acompan\u0303ando postres y dulces o tomando un aperitivo bajo el sol.<\/p>\n<\/div>\n<\/div>\n<\/div>\n<\/div>\n<p>[\/vc_column_text][vc_empty_space height=\u00bb40px\u00bb]<a itemprop=\"url\" href=\"https:\/\/www.cofamavins.com\/wp-content\/uploads\/Mas-Fi-Semi-sweet-ES.pdf\" target=\"_blank\" style=\"color: #808080;background-color: #ffffff;border-color: #808080\" class=\"eltdf-btn eltdf-btn-small eltdf-btn-solid eltdf-btn-custom-hover-bg eltdf-btn-custom-hover-color\" data-hover-color=\"#ffffff\" data-hover-bg-color=\"#808080\" >\n    <span class=\"eltdf-btn-text\">DESCARGAR FICHA<\/span>\n    <\/a>[\/vc_column][vc_column width=\u00bb1\/2&#8243; offset=\u00bbvc_hidden-xs\u00bb][vc_empty_space height=\u00bb700px\u00bb css=\u00bb.vc_custom_1753194879936{background-image: url(https:\/\/www.cofamavins.com\/wp-content\/uploads\/Mas-Fi-Semi-sweet.png?id=16250) !important;background-position: center !important;background-repeat: no-repeat !important;background-size: contain !important;}\u00bb][\/vc_column][\/vc_row][vc_row][vc_column][vc_empty_space height=\u00bb50px\u00bb][\/vc_column][\/vc_row]<\/p>\n<\/div>","protected":false},"excerpt":{"rendered":"<p>[vc_row row_type=\u00bbparallax\u00bb content_text_aligment=\u00bbcenter\u00bb css=\u00bb.vc_custom_1753199985825{background-color: #f2f2f2 !important;background-position: center !important;background-repeat: no-repeat !important;background-size: cover !important;}\u00bb parallax_background_image=\u00bb16281&#8243; parallax_section_height=\u00bb700px\u00bb][vc_column][vc_empty_space height=\u00bb200px\u00bb][vc_row_inner][vc_column_inner width=\u00bb1\/4&#8243;][\/vc_column_inner][vc_column_inner width=\u00bb3\/4&#8243;][\/vc_column_inner][\/vc_row_inner][vc_empty_space height=\u00bb200px\u00bb][\/vc_column][\/vc_row][vc_row][vc_column][vc_empty_space height=\u00bb50px\u00bb][\/vc_column][\/vc_row][vc_row][vc_column offset=\u00bbvc_hidden-lg vc_hidden-md vc_hidden-sm\u00bb][vc_empty_space height=\u00bb600px\u00bb css=\u00bb.vc_custom_1533229510920{background-image: url(https:\/\/www.cofamavins.com\/wp-content\/uploads\/Mas-Fi-Brut-1.jpg?id=11884) !important;background-position: center !important;background-repeat: no-repeat !important;background-size: cover !important;}\u00bb][\/vc_column][\/vc_row][vc_row row_content_width=\u00bbgrid\u00bb content_text_aligment=\u00bbcenter\u00bb][vc_column width=\u00bb1\/2&#8243;][vc_empty_space height=\u00bb70px\u00bb][vc_empty_space height=\u00bb20px\u00bb][vc_column_text] DO | Cava UVAS | Xarel\u00b7lo 40%, Macabeo [&hellip;]<\/p>\n","protected":false},"author":1,"featured_media":0,"parent":13120,"menu_order":0,"comment_status":"closed","ping_status":"closed","template":"full-width.php","meta":{"footnotes":""},"class_list":["post-12013","page","type-page","status-publish","hentry"],"translation":{"provider":"WPGlobus","version":"3.0.0","language":"es","enabled_languages":["en","es"],"languages":{"en":{"title":true,"content":true,"excerpt":false},"es":{"title":true,"content":true,"excerpt":false}}},"yoast_head":"<!-- This site is optimized with the Yoast SEO plugin v25.5 - https:\/\/yoast.com\/wordpress\/plugins\/seo\/ -->\n<title>Mas Fi - COFAMA<\/title>\n<meta name=\"robots\" content=\"index, follow, max-snippet:-1, max-image-preview:large, max-video-preview:-1\" \/>\n<link rel=\"canonical\" href=\"https:\/\/www.cofamavins.com\/cavas\/mas-fi\/\" \/>\n<meta property=\"og:locale\" content=\"es_ES\" \/>\n<meta property=\"og:type\" content=\"article\" \/>\n<meta property=\"og:title\" content=\"Mas Fi - COFAMA\" \/>\n<meta property=\"og:url\" content=\"https:\/\/www.cofamavins.com\/cavas\/mas-fi\/\" \/>\n<meta property=\"og:site_name\" content=\"COFAMA\" \/>\n<meta property=\"article:modified_time\" content=\"2025-07-23T09:37:33+00:00\" \/>\n<meta name=\"twitter:label1\" content=\"Tiempo de lectura\" \/>\n\t<meta name=\"twitter:data1\" content=\"5 minutos\" \/>\n<script type=\"application\/ld+json\" class=\"yoast-schema-graph\">{\"@context\":\"https:\/\/schema.org\",\"@graph\":[{\"@type\":\"WebPage\",\"@id\":\"https:\/\/www.cofamavins.com\/cavas\/mas-fi\/\",\"url\":\"https:\/\/www.cofamavins.com\/cavas\/mas-fi\/\",\"name\":\"Mas Fi - COFAMA\",\"isPartOf\":{\"@id\":\"https:\/\/www.cofamavins.com\/#website\"},\"datePublished\":\"2018-03-16T12:14:19+00:00\",\"dateModified\":\"2025-07-23T09:37:33+00:00\",\"breadcrumb\":{\"@id\":\"https:\/\/www.cofamavins.com\/cavas\/mas-fi\/#breadcrumb\"},\"inLanguage\":\"es\",\"potentialAction\":[{\"@type\":\"ReadAction\",\"target\":[\"https:\/\/www.cofamavins.com\/cavas\/mas-fi\/\"]}]},{\"@type\":\"BreadcrumbList\",\"@id\":\"https:\/\/www.cofamavins.com\/cavas\/mas-fi\/#breadcrumb\",\"itemListElement\":[{\"@type\":\"ListItem\",\"position\":1,\"name\":\"Portada\",\"item\":\"https:\/\/www.cofamavins.com\/\"},{\"@type\":\"ListItem\",\"position\":2,\"name\":\"CAVAS\",\"item\":\"https:\/\/www.cofamavins.com\/cavas\/\"},{\"@type\":\"ListItem\",\"position\":3,\"name\":\"Mas Fi\"}]},{\"@type\":\"WebSite\",\"@id\":\"https:\/\/www.cofamavins.com\/#website\",\"url\":\"https:\/\/www.cofamavins.com\/\",\"name\":\"COFAMA\",\"description\":\"Vins i caves\",\"potentialAction\":[{\"@type\":\"SearchAction\",\"target\":{\"@type\":\"EntryPoint\",\"urlTemplate\":\"https:\/\/www.cofamavins.com\/?s={search_term_string}\"},\"query-input\":{\"@type\":\"PropertyValueSpecification\",\"valueRequired\":true,\"valueName\":\"search_term_string\"}}],\"inLanguage\":\"es\"}]}<\/script>\n<!-- \/ Yoast SEO plugin. -->","yoast_head_json":{"title":"Mas Fi - COFAMA","robots":{"index":"index","follow":"follow","max-snippet":"max-snippet:-1","max-image-preview":"max-image-preview:large","max-video-preview":"max-video-preview:-1"},"canonical":"https:\/\/www.cofamavins.com\/cavas\/mas-fi\/","og_locale":"es_ES","og_type":"article","og_title":"Mas Fi - COFAMA","og_url":"https:\/\/www.cofamavins.com\/cavas\/mas-fi\/","og_site_name":"COFAMA","article_modified_time":"2025-07-23T09:37:33+00:00","twitter_misc":{"Tiempo de lectura":"5 minutos"},"schema":{"@context":"https:\/\/schema.org","@graph":[{"@type":"WebPage","@id":"https:\/\/www.cofamavins.com\/cavas\/mas-fi\/","url":"https:\/\/www.cofamavins.com\/cavas\/mas-fi\/","name":"Mas Fi - COFAMA","isPartOf":{"@id":"https:\/\/www.cofamavins.com\/#website"},"datePublished":"2018-03-16T12:14:19+00:00","dateModified":"2025-07-23T09:37:33+00:00","breadcrumb":{"@id":"https:\/\/www.cofamavins.com\/cavas\/mas-fi\/#breadcrumb"},"inLanguage":"es","potentialAction":[{"@type":"ReadAction","target":["https:\/\/www.cofamavins.com\/cavas\/mas-fi\/"]}]},{"@type":"BreadcrumbList","@id":"https:\/\/www.cofamavins.com\/cavas\/mas-fi\/#breadcrumb","itemListElement":[{"@type":"ListItem","position":1,"name":"Portada","item":"https:\/\/www.cofamavins.com\/"},{"@type":"ListItem","position":2,"name":"CAVAS","item":"https:\/\/www.cofamavins.com\/cavas\/"},{"@type":"ListItem","position":3,"name":"Mas Fi"}]},{"@type":"WebSite","@id":"https:\/\/www.cofamavins.com\/#website","url":"https:\/\/www.cofamavins.com\/","name":"COFAMA","description":"Vins i caves","potentialAction":[{"@type":"SearchAction","target":{"@type":"EntryPoint","urlTemplate":"https:\/\/www.cofamavins.com\/?s={search_term_string}"},"query-input":{"@type":"PropertyValueSpecification","valueRequired":true,"valueName":"search_term_string"}}],"inLanguage":"es"}]}},"_links":{"self":[{"href":"https:\/\/www.cofamavins.com\/es\/wp-json\/wp\/v2\/pages\/12013","targetHints":{"allow":["GET"]}}],"collection":[{"href":"https:\/\/www.cofamavins.com\/es\/wp-json\/wp\/v2\/pages"}],"about":[{"href":"https:\/\/www.cofamavins.com\/es\/wp-json\/wp\/v2\/types\/page"}],"author":[{"embeddable":true,"href":"https:\/\/www.cofamavins.com\/es\/wp-json\/wp\/v2\/users\/1"}],"replies":[{"embeddable":true,"href":"https:\/\/www.cofamavins.com\/es\/wp-json\/wp\/v2\/comments?post=12013"}],"version-history":[{"count":46,"href":"https:\/\/www.cofamavins.com\/es\/wp-json\/wp\/v2\/pages\/12013\/revisions"}],"predecessor-version":[{"id":16290,"href":"https:\/\/www.cofamavins.com\/es\/wp-json\/wp\/v2\/pages\/12013\/revisions\/16290"}],"up":[{"embeddable":true,"href":"https:\/\/www.cofamavins.com\/es\/wp-json\/wp\/v2\/pages\/13120"}],"wp:attachment":[{"href":"https:\/\/www.cofamavins.com\/es\/wp-json\/wp\/v2\/media?parent=12013"}],"curies":[{"name":"wp","href":"https:\/\/api.w.org\/{rel}","templated":true}]}}