{"id":13385,"date":"2018-05-15T20:23:12","date_gmt":"2018-05-15T18:23:12","guid":{"rendered":"https:\/\/www.cofamavins.com\/?page_id=13385"},"modified":"2018-10-22T19:26:15","modified_gmt":"2018-10-22T17:26:15","slug":"marques-de-terrabona","status":"publish","type":"page","link":"https:\/\/www.cofamavins.com\/es\/cavas\/marques-de-terrabona\/","title":{"rendered":"Marques de Terrabona"},"content":{"rendered":"<div class=\"wpb-content-wrapper\"><p>[vc_row row_type=\u00bbparallax\u00bb content_text_aligment=\u00bbcenter\u00bb css=\u00bb.vc_custom_1527782010317{background-position: center !important;background-repeat: no-repeat !important;background-size: cover !important;}\u00bb parallax_background_image=\u00bb13533&#8243; parallax_section_height=\u00bb700px\u00bb][vc_column][vc_empty_space height=\u00bb200px\u00bb][vc_row_inner][vc_column_inner width=\u00bb1\/2&#8243;]<div class=\"eltdf-section-title-holder\" >\n\t\t\t<h1 class=\"eltdf-st-title\" style=\"color: #5b5b5b\">\n\t\t\t<span>Marques de Terrabona<\/span>\n\t\t<\/h1>\n        \t\t\t\t<h4 class=\"eltdf-st-subtitle\" style=\"color: #5b5b5b\">\n\t\t<span>DO Cava<\/span>\n\t\t<\/h4>\n\t\t<\/div>[\/vc_column_inner][vc_column_inner width=\u00bb1\/2&#8243;][\/vc_column_inner][\/vc_row_inner][vc_empty_space height=\u00bb200px\u00bb][\/vc_column][\/vc_row][vc_row][vc_column][vc_empty_space height=\u00bb50px\u00bb][\/vc_column][\/vc_row][vc_row][vc_column offset=\u00bbvc_hidden-lg vc_hidden-md vc_hidden-sm\u00bb][vc_empty_space height=\u00bb600px\u00bb css=\u00bb.vc_custom_1527782020942{background-image: url(https:\/\/www.cofamavins.com\/wp-content\/uploads\/Marques-de-Terrabona-Brut.png?id=13386) !important;background-position: center !important;background-repeat: no-repeat !important;background-size: cover !important;}\u00bb][\/vc_column][\/vc_row][vc_row row_content_width=\u00bbgrid\u00bb content_text_aligment=\u00bbcenter\u00bb][vc_column width=\u00bb1\/2&#8243;][vc_empty_space height=\u00bb70px\u00bb]<div class=\"eltdf-section-title-holder\" >\n\t\t\t<h1 class=\"eltdf-st-title\" >\n\t\t\t<span>Marques de Terrabona<\/span>\n\t\t<\/h1>\n        \t\t\t\t<h4 class=\"eltdf-st-subtitle\" style=\"color: #b7a36f\">\n\t\t<span>Brut<\/span>\n\t\t<\/h4>\n\t\t<\/div>[vc_empty_space height=\u00bb20px\u00bb][vc_column_text]<\/p>\n<p style=\"text-align: center;\"><b>DO<\/b><span style=\"font-weight: 400;\"> | Cava<\/span><span style=\"font-weight: 400;\"><br \/>\n<\/span><b>UVAS<\/b><span style=\"font-weight: 400;\"> | <\/span><span style=\"font-weight: 400;\">Xarel.lo 40%, Macabeo 35%, Parellada 25%<\/span><span style=\"font-weight: 400;\"><br \/>\n<\/span><b>CRIANZA <\/b><span style=\"font-weight: 400;\">| 10 meses<\/span><span style=\"font-weight: 400;\"><br \/>\n<\/span><b>ALCOHOL<\/b><span style=\"font-weight: 400;\"> | 11,5%<\/span><span style=\"font-weight: 400;\"><br \/>\n<\/span><b>AZ\u00daCAR<\/b> <span style=\"font-weight: 400;\">| 7g \/L<\/span><\/p>\n<p style=\"text-align: center;\"><b>Nota de cata<\/b><b><br \/>\n<\/b><span style=\"font-weight: 400;\">Color amarillo pajizo con tonalidades verdosas. Burbujas finas y persistentes. Aspecto claro y limpio. Aromas c\u00edtricos y de fruta fresca. En boca tiene vivacidad, compensada por un agradable equilibrio y elegancia. Postgusto de frutas blancas y con algunas notas suaves de c\u00edtricos. Resumen: Fresco, muy afrutado, agradable, bien equilibrado y con fina y buena estructura de burbuja.<\/span><\/p>\n<p style=\"text-align: center;\"><b>Maridaje<\/b><b><br \/>\n<\/b><span style=\"font-weight: 400;\">Un cava ideal para disfrutar de una sobremesa acompa\u00f1ando postres y dulces o tomando un aperitivo bajo el sol.<\/span><\/p>\n<p>[\/vc_column_text][vc_empty_space height=\u00bb40px\u00bb]<a itemprop=\"url\" href=\"https:\/\/www.cofamavins.com\/wp-content\/uploads\/Marques-de-Terrabona-Brut.pdf\" target=\"_blank\" style=\"color: #808080;background-color: #ffffff;border-color: #808080\" class=\"eltdf-btn eltdf-btn-small eltdf-btn-solid eltdf-btn-custom-hover-bg eltdf-btn-custom-border-hover eltdf-btn-custom-hover-color\" data-hover-color=\"#ffffff\" data-hover-bg-color=\"#808080\" data-hover-border-color=\"#808080\" >\n    <span class=\"eltdf-btn-text\">DESCARGAR FICHA<\/span>\n    <\/a>[\/vc_column][vc_column width=\u00bb1\/2&#8243; css=\u00bb.vc_custom_1533138775948{margin-top: 50px !important;background-image: url(https:\/\/www.cofamavins.com\/wp-content\/uploads\/Marques-de-Terrabona-Brut.png?id=13386) !important;}\u00bb offset=\u00bbvc_hidden-xs\u00bb][vc_empty_space height=\u00bb700px\u00bb css=\u00bb.vc_custom_1526408570410{background-image: url(https:\/\/www.cofamavins.com\/wp-content\/uploads\/Marques-de-Terrabona-Brut.png?id=13386) !important;background-position: center !important;background-repeat: no-repeat !important;background-size: cover !important;}\u00bb][\/vc_column][\/vc_row][vc_row][vc_column][vc_empty_space height=\u00bb50px\u00bb][\/vc_column][\/vc_row][vc_row][vc_column offset=\u00bbvc_hidden-lg vc_hidden-md vc_hidden-sm\u00bb][vc_empty_space height=\u00bb600px\u00bb css=\u00bb.vc_custom_1527781731653{background-image: url(https:\/\/www.cofamavins.com\/wp-content\/uploads\/Marques-de-Terrabona-Rosat.png?id=13387) !important;background-position: center !important;background-repeat: no-repeat !important;background-size: cover !important;}\u00bb][\/vc_column][\/vc_row][vc_row row_content_width=\u00bbgrid\u00bb content_text_aligment=\u00bbcenter\u00bb][vc_column width=\u00bb1\/2&#8243; css=\u00bb.vc_custom_1533138809152{margin-top: 70px !important;background-image: url(https:\/\/www.cofamavins.com\/wp-content\/uploads\/Marques-de-Terrabona-Rosat.png?id=13387) !important;}\u00bb offset=\u00bbvc_hidden-xs\u00bb][vc_empty_space height=\u00bb700px\u00bb css=\u00bb.vc_custom_1526408589176{background-image: url(https:\/\/www.cofamavins.com\/wp-content\/uploads\/Marques-de-Terrabona-Rosat.png?id=13387) !important;background-position: center !important;background-repeat: no-repeat !important;background-size: cover !important;}\u00bb][\/vc_column][vc_column width=\u00bb1\/2&#8243;][vc_empty_space height=\u00bb70px\u00bb]<div class=\"eltdf-section-title-holder\" >\n\t\t\t<h1 class=\"eltdf-st-title\" >\n\t\t\t<span>Marques de Terrabona<\/span>\n\t\t<\/h1>\n        \t\t\t\t<h4 class=\"eltdf-st-subtitle\" style=\"color: #dd9090\">\n\t\t<span>Rosado<\/span>\n\t\t<\/h4>\n\t\t<\/div>[vc_empty_space height=\u00bb20px\u00bb][vc_column_text]<\/p>\n<div class=\"page\" style=\"text-align: center;\" title=\"Page 1\">\n<div class=\"section\">\n<div class=\"layoutArea\">\n<div class=\"column\">\n<p><b>DO<\/b><span style=\"font-weight: 400;\"> | Cava<\/span><span style=\"font-weight: 400;\"><br \/>\n<\/span><b>UVAS<\/b><span style=\"font-weight: 400;\"> | <\/span><span style=\"font-weight: 400;\">Trepat 34%, Garnacha 33%, Monastrell 33%<\/span><span style=\"font-weight: 400;\"><br \/>\n<\/span><b>CRIANZA <\/b><span style=\"font-weight: 400;\">| 11 meses<\/span><span style=\"font-weight: 400;\"><br \/>\n<\/span><b>ALCOHOL<\/b><span style=\"font-weight: 400;\"> | 11,5%<\/span><span style=\"font-weight: 400;\"><br \/>\n<\/span><b>AZ\u00daCAR<\/b> <span style=\"font-weight: 400;\">| 7g \/L<\/span><\/p>\n<p><b>Nota de cata<\/b><b><br \/>\n<\/b><span style=\"font-weight: 400;\">Atractivo color rosa de viva intensidad con reflejos violetas. Burbuja fina, con abundante formaci\u00f3n de rosarios y densa corona. En nariz es suave y fresco donde dominan las frutas silvestres, sobretodo la fresa. En boca es agradable con el carb\u00f3nico bien ensamblado, rico y denso. En su evoluci\u00f3n muestra un car\u00e1cter varietal, fresco y complejo a la vez, carnoso pero ligero, destacando los frutos rojos del bosque. Equilibrado, buena estructura y carb\u00f3nico bien integrado. Postgusto agradable de mediana intensidad, donde se repiten y armonizan los aromas de nariz y boca.<\/span><\/p>\n<p><b>Maridaje<\/b><b><br \/>\n<\/b><span style=\"font-weight: 400;\">Un cava ideal para disfrutar de una sobremesa acompa\u00f1ando postres, dulces y chocolates.<\/span><\/p>\n<\/div>\n<\/div>\n<\/div>\n<\/div>\n<p>[\/vc_column_text][vc_empty_space height=\u00bb40px\u00bb]<a itemprop=\"url\" href=\"https:\/\/www.cofamavins.com\/wp-content\/uploads\/Marques-de-Terrabona-Rosado-1.pdf\" target=\"_blank\" style=\"color: #808080;background-color: #ffffff;border-color: #808080\" class=\"eltdf-btn eltdf-btn-small eltdf-btn-solid eltdf-btn-custom-hover-bg eltdf-btn-custom-border-hover eltdf-btn-custom-hover-color\" data-hover-color=\"#ffffff\" data-hover-bg-color=\"#808080\" data-hover-border-color=\"#808080\" >\n    <span class=\"eltdf-btn-text\">DESCARGAR FICHA<\/span>\n    <\/a>[\/vc_column][\/vc_row][vc_row][vc_column][vc_empty_space height=\u00bb50px\u00bb][\/vc_column][\/vc_row][vc_row][vc_column offset=\u00bbvc_hidden-lg vc_hidden-md vc_hidden-sm\u00bb][vc_empty_space height=\u00bb600px\u00bb css=\u00bb.vc_custom_1527781716957{background-image: url(https:\/\/www.cofamavins.com\/wp-content\/uploads\/Marques-de-Terrabona-Brut-200.png?id=13512) !important;background-position: center !important;background-repeat: no-repeat !important;background-size: cover !important;}\u00bb][\/vc_column][\/vc_row][vc_row row_content_width=\u00bbgrid\u00bb content_text_aligment=\u00bbcenter\u00bb][vc_column width=\u00bb1\/2&#8243;][vc_empty_space height=\u00bb70px\u00bb]<div class=\"eltdf-section-title-holder\" >\n\t\t\t<h1 class=\"eltdf-st-title\" >\n\t\t\t<span>Marques de Terrabona<\/span>\n\t\t<\/h1>\n        \t\t\t\t<h4 class=\"eltdf-st-subtitle\" style=\"color: #b7a36f\">\n\t\t<span>Brut 200ml<\/span>\n\t\t<\/h4>\n\t\t<\/div>[vc_empty_space height=\u00bb20px\u00bb][vc_column_text]<\/p>\n<p style=\"text-align: center;\"><b>DO<\/b><span style=\"font-weight: 400;\"> | Cava<\/span><span style=\"font-weight: 400;\"><br \/>\n<\/span><b>UVAS<\/b><span style=\"font-weight: 400;\"> | <\/span><span style=\"font-weight: 400;\">Xarel.lo 40%, Macabeo 35%, Parellada 25%<\/span><span style=\"font-weight: 400;\"><br \/>\n<\/span><b>CRIANZA <\/b><span style=\"font-weight: 400;\">| 10 meses<\/span><span style=\"font-weight: 400;\"><br \/>\n<\/span><b>ALCOHOL<\/b><span style=\"font-weight: 400;\"> | 11,5%<\/span><span style=\"font-weight: 400;\"><br \/>\n<\/span><b>AZ\u00daCAR<\/b> <span style=\"font-weight: 400;\">| 7g \/L<\/span><\/p>\n<p style=\"text-align: center;\"><b>Nota de cata<\/b><b><br \/>\n<\/b><span style=\"font-weight: 400;\">Color amarillo pajizo con tonalidades verdosas. Burbujas finas y persistentes. Aspecto claro y limpio. Aromas c\u00edtricos y de fruta fresca. En boca tiene vivacidad, compensada por un agradable equilibrio y elegancia. Postgusto de frutas blancas y con algunas notas suaves de c\u00edtricos. Resumen: Fresco, muy afrutado, agradable, bien equilibrado y con fina y buena estructura de burbuja.<\/span><\/p>\n<p style=\"text-align: center;\"><b>Maridaje<\/b><b><br \/>\n<\/b><span style=\"font-weight: 400;\">Un cava ideal para disfrutar de una sobremesa acompa\u00f1ando postres y dulces o tomando un aperitivo bajo el sol.<\/span><\/p>\n<p>[\/vc_column_text][vc_empty_space height=\u00bb40px\u00bb]<a itemprop=\"url\" href=\"https:\/\/www.cofamavins.com\/wp-content\/uploads\/Marques-de-Terrabona-Brut-200ml.pdf\" target=\"_blank\" style=\"color: #808080;background-color: #ffffff;border-color: #808080\" class=\"eltdf-btn eltdf-btn-small eltdf-btn-solid eltdf-btn-custom-hover-bg eltdf-btn-custom-border-hover eltdf-btn-custom-hover-color\" data-hover-color=\"#ffffff\" data-hover-bg-color=\"#808080\" data-hover-border-color=\"#808080\" >\n    <span class=\"eltdf-btn-text\">DESCARGAR FICHA<\/span>\n    <\/a>[\/vc_column][vc_column width=\u00bb1\/2&#8243; css=\u00bb.vc_custom_1533138825993{margin-top: 70px !important;background-image: url(https:\/\/www.cofamavins.com\/wp-content\/uploads\/Marques-de-Terrabona-Brut-200.png?id=13512) !important;}\u00bb offset=\u00bbvc_hidden-xs\u00bb][vc_empty_space height=\u00bb700px\u00bb css=\u00bb.vc_custom_1527781590525{background-image: url(https:\/\/www.cofamavins.com\/wp-content\/uploads\/Marques-de-Terrabona-Brut-200.png?id=13512) !important;background-position: center !important;background-repeat: no-repeat !important;background-size: cover !important;}\u00bb][\/vc_column][\/vc_row][vc_row][vc_column][vc_empty_space height=\u00bb50px\u00bb][\/vc_column][\/vc_row]<\/p>\n<\/div>","protected":false},"excerpt":{"rendered":"<p>[vc_row row_type=\u00bbparallax\u00bb content_text_aligment=\u00bbcenter\u00bb css=\u00bb.vc_custom_1527782010317{background-position: center !important;background-repeat: no-repeat !important;background-size: cover !important;}\u00bb parallax_background_image=\u00bb13533&#8243; parallax_section_height=\u00bb700px\u00bb][vc_column][vc_empty_space height=\u00bb200px\u00bb][vc_row_inner][vc_column_inner width=\u00bb1\/2&#8243;][\/vc_column_inner][vc_column_inner width=\u00bb1\/2&#8243;][\/vc_column_inner][\/vc_row_inner][vc_empty_space height=\u00bb200px\u00bb][\/vc_column][\/vc_row][vc_row][vc_column][vc_empty_space height=\u00bb50px\u00bb][\/vc_column][\/vc_row][vc_row][vc_column offset=\u00bbvc_hidden-lg vc_hidden-md vc_hidden-sm\u00bb][vc_empty_space height=\u00bb600px\u00bb css=\u00bb.vc_custom_1527782020942{background-image: url(https:\/\/www.cofamavins.com\/wp-content\/uploads\/Marques-de-Terrabona-Brut.png?id=13386) !important;background-position: center !important;background-repeat: no-repeat !important;background-size: cover !important;}\u00bb][\/vc_column][\/vc_row][vc_row row_content_width=\u00bbgrid\u00bb content_text_aligment=\u00bbcenter\u00bb][vc_column width=\u00bb1\/2&#8243;][vc_empty_space height=\u00bb70px\u00bb][vc_empty_space height=\u00bb20px\u00bb][vc_column_text] DO | Cava UVAS | Xarel.lo 40%, Macabeo 35%, Parellada [&hellip;]<\/p>\n","protected":false},"author":1,"featured_media":0,"parent":13120,"menu_order":0,"comment_status":"closed","ping_status":"closed","template":"full-width.php","meta":{"footnotes":""},"class_list":["post-13385","page","type-page","status-publish","hentry"],"translation":{"provider":"WPGlobus","version":"3.0.0","language":"es","enabled_languages":["en","es"],"languages":{"en":{"title":true,"content":true,"excerpt":false},"es":{"title":true,"content":true,"excerpt":false}}},"yoast_head":"<!-- This site is optimized with the Yoast SEO plugin v25.5 - https:\/\/yoast.com\/wordpress\/plugins\/seo\/ -->\n<title>Marques de Terrabona - COFAMA<\/title>\n<meta name=\"robots\" content=\"index, follow, max-snippet:-1, max-image-preview:large, max-video-preview:-1\" \/>\n<link rel=\"canonical\" href=\"https:\/\/www.cofamavins.com\/cavas\/marques-de-terrabona\/\" \/>\n<meta property=\"og:locale\" content=\"es_ES\" \/>\n<meta property=\"og:type\" content=\"article\" \/>\n<meta property=\"og:title\" content=\"Marques de Terrabona - COFAMA\" \/>\n<meta property=\"og:url\" content=\"https:\/\/www.cofamavins.com\/cavas\/marques-de-terrabona\/\" \/>\n<meta property=\"og:site_name\" content=\"COFAMA\" \/>\n<meta property=\"article:modified_time\" content=\"2018-10-22T17:26:15+00:00\" \/>\n<meta name=\"twitter:label1\" content=\"Tiempo de lectura\" \/>\n\t<meta name=\"twitter:data1\" content=\"10 minutos\" \/>\n<script type=\"application\/ld+json\" class=\"yoast-schema-graph\">{\"@context\":\"https:\/\/schema.org\",\"@graph\":[{\"@type\":\"WebPage\",\"@id\":\"https:\/\/www.cofamavins.com\/cavas\/marques-de-terrabona\/\",\"url\":\"https:\/\/www.cofamavins.com\/cavas\/marques-de-terrabona\/\",\"name\":\"Marques de Terrabona - COFAMA\",\"isPartOf\":{\"@id\":\"https:\/\/www.cofamavins.com\/#website\"},\"datePublished\":\"2018-05-15T18:23:12+00:00\",\"dateModified\":\"2018-10-22T17:26:15+00:00\",\"breadcrumb\":{\"@id\":\"https:\/\/www.cofamavins.com\/cavas\/marques-de-terrabona\/#breadcrumb\"},\"inLanguage\":\"es\",\"potentialAction\":[{\"@type\":\"ReadAction\",\"target\":[\"https:\/\/www.cofamavins.com\/cavas\/marques-de-terrabona\/\"]}]},{\"@type\":\"BreadcrumbList\",\"@id\":\"https:\/\/www.cofamavins.com\/cavas\/marques-de-terrabona\/#breadcrumb\",\"itemListElement\":[{\"@type\":\"ListItem\",\"position\":1,\"name\":\"Portada\",\"item\":\"https:\/\/www.cofamavins.com\/\"},{\"@type\":\"ListItem\",\"position\":2,\"name\":\"CAVAS\",\"item\":\"https:\/\/www.cofamavins.com\/cavas\/\"},{\"@type\":\"ListItem\",\"position\":3,\"name\":\"Marques de Terrabona\"}]},{\"@type\":\"WebSite\",\"@id\":\"https:\/\/www.cofamavins.com\/#website\",\"url\":\"https:\/\/www.cofamavins.com\/\",\"name\":\"COFAMA\",\"description\":\"Vins i caves\",\"potentialAction\":[{\"@type\":\"SearchAction\",\"target\":{\"@type\":\"EntryPoint\",\"urlTemplate\":\"https:\/\/www.cofamavins.com\/?s={search_term_string}\"},\"query-input\":{\"@type\":\"PropertyValueSpecification\",\"valueRequired\":true,\"valueName\":\"search_term_string\"}}],\"inLanguage\":\"es\"}]}<\/script>\n<!-- \/ Yoast SEO plugin. -->","yoast_head_json":{"title":"Marques de Terrabona - COFAMA","robots":{"index":"index","follow":"follow","max-snippet":"max-snippet:-1","max-image-preview":"max-image-preview:large","max-video-preview":"max-video-preview:-1"},"canonical":"https:\/\/www.cofamavins.com\/cavas\/marques-de-terrabona\/","og_locale":"es_ES","og_type":"article","og_title":"Marques de Terrabona - COFAMA","og_url":"https:\/\/www.cofamavins.com\/cavas\/marques-de-terrabona\/","og_site_name":"COFAMA","article_modified_time":"2018-10-22T17:26:15+00:00","twitter_misc":{"Tiempo de lectura":"10 minutos"},"schema":{"@context":"https:\/\/schema.org","@graph":[{"@type":"WebPage","@id":"https:\/\/www.cofamavins.com\/cavas\/marques-de-terrabona\/","url":"https:\/\/www.cofamavins.com\/cavas\/marques-de-terrabona\/","name":"Marques de Terrabona - COFAMA","isPartOf":{"@id":"https:\/\/www.cofamavins.com\/#website"},"datePublished":"2018-05-15T18:23:12+00:00","dateModified":"2018-10-22T17:26:15+00:00","breadcrumb":{"@id":"https:\/\/www.cofamavins.com\/cavas\/marques-de-terrabona\/#breadcrumb"},"inLanguage":"es","potentialAction":[{"@type":"ReadAction","target":["https:\/\/www.cofamavins.com\/cavas\/marques-de-terrabona\/"]}]},{"@type":"BreadcrumbList","@id":"https:\/\/www.cofamavins.com\/cavas\/marques-de-terrabona\/#breadcrumb","itemListElement":[{"@type":"ListItem","position":1,"name":"Portada","item":"https:\/\/www.cofamavins.com\/"},{"@type":"ListItem","position":2,"name":"CAVAS","item":"https:\/\/www.cofamavins.com\/cavas\/"},{"@type":"ListItem","position":3,"name":"Marques de Terrabona"}]},{"@type":"WebSite","@id":"https:\/\/www.cofamavins.com\/#website","url":"https:\/\/www.cofamavins.com\/","name":"COFAMA","description":"Vins i caves","potentialAction":[{"@type":"SearchAction","target":{"@type":"EntryPoint","urlTemplate":"https:\/\/www.cofamavins.com\/?s={search_term_string}"},"query-input":{"@type":"PropertyValueSpecification","valueRequired":true,"valueName":"search_term_string"}}],"inLanguage":"es"}]}},"_links":{"self":[{"href":"https:\/\/www.cofamavins.com\/es\/wp-json\/wp\/v2\/pages\/13385","targetHints":{"allow":["GET"]}}],"collection":[{"href":"https:\/\/www.cofamavins.com\/es\/wp-json\/wp\/v2\/pages"}],"about":[{"href":"https:\/\/www.cofamavins.com\/es\/wp-json\/wp\/v2\/types\/page"}],"author":[{"embeddable":true,"href":"https:\/\/www.cofamavins.com\/es\/wp-json\/wp\/v2\/users\/1"}],"replies":[{"embeddable":true,"href":"https:\/\/www.cofamavins.com\/es\/wp-json\/wp\/v2\/comments?post=13385"}],"version-history":[{"count":11,"href":"https:\/\/www.cofamavins.com\/es\/wp-json\/wp\/v2\/pages\/13385\/revisions"}],"predecessor-version":[{"id":14980,"href":"https:\/\/www.cofamavins.com\/es\/wp-json\/wp\/v2\/pages\/13385\/revisions\/14980"}],"up":[{"embeddable":true,"href":"https:\/\/www.cofamavins.com\/es\/wp-json\/wp\/v2\/pages\/13120"}],"wp:attachment":[{"href":"https:\/\/www.cofamavins.com\/es\/wp-json\/wp\/v2\/media?parent=13385"}],"curies":[{"name":"wp","href":"https:\/\/api.w.org\/{rel}","templated":true}]}}