{"id":13447,"date":"2018-05-21T22:21:26","date_gmt":"2018-05-21T20:21:26","guid":{"rendered":"https:\/\/www.cofamavins.com\/?page_id=13447"},"modified":"2018-10-22T19:38:05","modified_gmt":"2018-10-22T17:38:05","slug":"resso-cava","status":"publish","type":"page","link":"https:\/\/www.cofamavins.com\/es\/cavas\/resso-cava\/","title":{"rendered":"RESS\u00d2 cava"},"content":{"rendered":"<div class=\"wpb-content-wrapper\"><p>[vc_row row_type=\u00bbparallax\u00bb content_text_aligment=\u00bbcenter\u00bb css=\u00bb.vc_custom_1527266150968{background-position: center !important;background-repeat: no-repeat !important;background-size: cover !important;}\u00bb parallax_background_image=\u00bb13450&#8243; parallax_section_height=\u00bb700px\u00bb][vc_column][vc_empty_space height=\u00bb200px\u00bb][vc_row_inner][vc_column_inner width=\u00bb1\/2&#8243;]<div class=\"eltdf-section-title-holder\" >\n\t\t\t<h1 class=\"eltdf-st-title\" style=\"color: #5b5b5b\">\n\t\t\t<span>RESS\u00d2<\/span>\n\t\t<\/h1>\n        \t\t\t\t<h4 class=\"eltdf-st-subtitle\" style=\"color: #5b5b5b\">\n\t\t<span>DO Cava<\/span>\n\t\t<\/h4>\n\t\t<\/div>[\/vc_column_inner][vc_column_inner width=\u00bb1\/2&#8243;][\/vc_column_inner][\/vc_row_inner][vc_empty_space height=\u00bb200px\u00bb][\/vc_column][\/vc_row][vc_row][vc_column][vc_empty_space height=\u00bb50px\u00bb][\/vc_column][\/vc_row][vc_row][vc_column offset=\u00bbvc_hidden-lg vc_hidden-md vc_hidden-sm\u00bb][vc_empty_space height=\u00bb600px\u00bb css=\u00bb.vc_custom_1526934261301{background-image: url(https:\/\/www.cofamavins.com\/wp-content\/uploads\/RESSO-brut.png?id=13444) !important;background-position: center !important;background-repeat: no-repeat !important;background-size: cover !important;}\u00bb][\/vc_column][\/vc_row][vc_row row_content_width=\u00bbgrid\u00bb content_text_aligment=\u00bbcenter\u00bb][vc_column width=\u00bb1\/2&#8243;][vc_empty_space height=\u00bb70px\u00bb]<div class=\"eltdf-section-title-holder\" >\n\t\t\t<h1 class=\"eltdf-st-title\" >\n\t\t\t<span>RESS\u00d2<\/span>\n\t\t<\/h1>\n        \t\t\t\t<h4 class=\"eltdf-st-subtitle\" style=\"color: #b7a36f\">\n\t\t<span>Brut<\/span>\n\t\t<\/h4>\n\t\t<\/div>[vc_empty_space height=\u00bb20px\u00bb][vc_column_text]<\/p>\n<p style=\"text-align: center;\"><b>DO<\/b>\u00a0| Cava<br \/>\n<b>UVAS<\/b>\u00a0|Xarel.lo 40%; Macabeo 35%; Parellada 25%<br \/>\n<b>CRIANZA\u00a0<\/b>| 10 meses<br \/>\n<b>ALCOHOL<\/b>\u00a0| 11,5%<br \/>\n<b>AZ\u00daCAR<\/b>\u00a0| 7 g\/L<\/p>\n<p style=\"text-align: center;\"><b>Nota de cata<\/b><b><br \/>\n<\/b>Color amarillo pajizo con tonalidades verdosas. Burbujas finas y persistentes. Aspecto claro y limpio. Aromas c\u00edtricos y de fruta fresca. En boca tiene vivacidad, compensada por un agradable equilibrio y elegancia. Postgusto de frutas blancas y con algunas notas suaves de c\u00edtricos. Resumen: Fresco, muy afrutado, agradable, bien equilibrado y con fina y buena estructura de burbuja.<\/p>\n<p style=\"text-align: center;\"><b>Maridaje<\/b><b><br \/>\n<\/b>Un cava ideal para disfrutar de una sobremesa acompa\u00f1ando postres y dulces o tomando un aperitivo bajo el sol.<\/p>\n<p>[\/vc_column_text][vc_empty_space height=\u00bb40px\u00bb]<a itemprop=\"url\" href=\"https:\/\/www.cofamavins.com\/wp-content\/uploads\/RESSO-Brut.pdf\" target=\"_blank\" style=\"color: #808080;background-color: #ffffff;border-color: #808080\" class=\"eltdf-btn eltdf-btn-small eltdf-btn-solid eltdf-btn-custom-hover-bg eltdf-btn-custom-border-hover eltdf-btn-custom-hover-color\" data-hover-color=\"#ffffff\" data-hover-bg-color=\"#808080\" data-hover-border-color=\"#808080\" >\n    <span class=\"eltdf-btn-text\">DESCARGAR FICHA<\/span>\n    <\/a>[\/vc_column][vc_column width=\u00bb1\/2&#8243; css=\u00bb.vc_custom_1533200089529{margin-top: 50px !important;background-image: url(https:\/\/www.cofamavins.com\/wp-content\/uploads\/RESSO-brut.png?id=13444) !important;}\u00bb offset=\u00bbvc_hidden-xs\u00bb][vc_empty_space height=\u00bb700px\u00bb css=\u00bb.vc_custom_1526934216324{background-image: url(https:\/\/www.cofamavins.com\/wp-content\/uploads\/RESSO-brut.png?id=13444) !important;background-position: center !important;background-repeat: no-repeat !important;background-size: cover !important;}\u00bb][\/vc_column][\/vc_row][vc_row][vc_column][vc_empty_space height=\u00bb50px\u00bb][\/vc_column][\/vc_row][vc_row][vc_column offset=\u00bbvc_hidden-lg vc_hidden-md vc_hidden-sm\u00bb][vc_empty_space height=\u00bb600px\u00bb css=\u00bb.vc_custom_1526934275125{background-image: url(https:\/\/www.cofamavins.com\/wp-content\/uploads\/RESSO-BN.png?id=13443) !important;background-position: center !important;background-repeat: no-repeat !important;background-size: cover !important;}\u00bb][\/vc_column][\/vc_row][vc_row row_content_width=\u00bbgrid\u00bb content_text_aligment=\u00bbcenter\u00bb][vc_column width=\u00bb1\/2&#8243; css=\u00bb.vc_custom_1533200101626{margin-top: 70px !important;background-image: url(https:\/\/www.cofamavins.com\/wp-content\/uploads\/RESSO-BN.png?id=13443) !important;}\u00bb offset=\u00bbvc_hidden-xs\u00bb][vc_empty_space height=\u00bb700px\u00bb css=\u00bb.vc_custom_1526934729231{background-image: url(https:\/\/www.cofamavins.com\/wp-content\/uploads\/RESSO-BN.png?id=13443) !important;background-position: center !important;background-repeat: no-repeat !important;background-size: cover !important;}\u00bb][\/vc_column][vc_column width=\u00bb1\/2&#8243;][vc_empty_space height=\u00bb70px\u00bb]<div class=\"eltdf-section-title-holder\" >\n\t\t\t<h1 class=\"eltdf-st-title\" >\n\t\t\t<span>RESS\u00d2<\/span>\n\t\t<\/h1>\n        \t\t\t\t<h4 class=\"eltdf-st-subtitle\" style=\"color: #b7a36f\">\n\t\t<span>Brut Nature<\/span>\n\t\t<\/h4>\n\t\t<\/div>[vc_empty_space height=\u00bb20px\u00bb][vc_column_text]<\/p>\n<p style=\"text-align: center;\"><b>DO<\/b><span style=\"font-weight: 400;\"> | Cava<\/span><span style=\"font-weight: 400;\"><br \/>\n<\/span><b>UVAS<\/b><span style=\"font-weight: 400;\"> | <\/span><span style=\"font-weight: 400;\">Xarel.lo 45%; Macabeo 25%; Parellada 30%<\/span><span style=\"font-weight: 400;\"><br \/>\n<\/span><b>CRIANZA <\/b><span style=\"font-weight: 400;\">| 14 meses<\/span><span style=\"font-weight: 400;\"><br \/>\n<\/span><b>ALCOHOL<\/b><span style=\"font-weight: 400;\"> | 11,5%<\/span><span style=\"font-weight: 400;\"><br \/>\n<\/span><b>AZ\u00daCAR<\/b> <span style=\"font-weight: 400;\">| 0,8 g\/L<\/span><\/p>\n<p style=\"text-align: center;\"><b>Nota de cata<\/b><b><br \/>\n<\/b><span style=\"font-weight: 400;\">Amarillo p\u00e1lido, con tonalidades verdosas, buen desprendimiento de burbujas finas y persistentes. Limpio, suave y afrutado, con marcados rasgos de fruta madura y suaves matices tostados. Buena estructura en boca, con adecuada presencia de carb\u00f3nico Muy equilibrado en acidez y az\u00facares. Final suave y largo. V\u00eda retronasal muy limpia. Agradable al ataque, con el carb\u00f3nico excelentemente combinado, y postgusto largo y persistente con predominio de fruta madura.<\/span><\/p>\n<p style=\"text-align: center;\"><b>Maridaje<\/b><b><br \/>\n<\/b><span style=\"font-weight: 400;\">Un cava ideal para disfrutar de una sobremesa acompa\u00f1ando postres y dulces o un aperitivo bajo el sol.<\/span><\/p>\n<p>[\/vc_column_text][vc_empty_space height=\u00bb40px\u00bb]<a itemprop=\"url\" href=\"https:\/\/www.cofamavins.com\/wp-content\/uploads\/RESSO-brut-nature.pdf\" target=\"_blank\" style=\"color: #808080;background-color: #ffffff;border-color: #808080\" class=\"eltdf-btn eltdf-btn-small eltdf-btn-solid eltdf-btn-custom-hover-bg eltdf-btn-custom-border-hover eltdf-btn-custom-hover-color\" data-hover-color=\"#ffffff\" data-hover-bg-color=\"#808080\" data-hover-border-color=\"#808080\" >\n    <span class=\"eltdf-btn-text\">DESCARGAR FICHA<\/span>\n    <\/a>[\/vc_column][\/vc_row][vc_row][vc_column][vc_empty_space height=\u00bb50px\u00bb][\/vc_column][\/vc_row]<\/p>\n<\/div>","protected":false},"excerpt":{"rendered":"<p>[vc_row row_type=\u00bbparallax\u00bb content_text_aligment=\u00bbcenter\u00bb css=\u00bb.vc_custom_1527266150968{background-position: center !important;background-repeat: no-repeat !important;background-size: cover !important;}\u00bb parallax_background_image=\u00bb13450&#8243; parallax_section_height=\u00bb700px\u00bb][vc_column][vc_empty_space height=\u00bb200px\u00bb][vc_row_inner][vc_column_inner width=\u00bb1\/2&#8243;][\/vc_column_inner][vc_column_inner width=\u00bb1\/2&#8243;][\/vc_column_inner][\/vc_row_inner][vc_empty_space height=\u00bb200px\u00bb][\/vc_column][\/vc_row][vc_row][vc_column][vc_empty_space height=\u00bb50px\u00bb][\/vc_column][\/vc_row][vc_row][vc_column offset=\u00bbvc_hidden-lg vc_hidden-md vc_hidden-sm\u00bb][vc_empty_space height=\u00bb600px\u00bb css=\u00bb.vc_custom_1526934261301{background-image: url(https:\/\/www.cofamavins.com\/wp-content\/uploads\/RESSO-brut.png?id=13444) !important;background-position: center !important;background-repeat: no-repeat !important;background-size: cover !important;}\u00bb][\/vc_column][\/vc_row][vc_row row_content_width=\u00bbgrid\u00bb content_text_aligment=\u00bbcenter\u00bb][vc_column width=\u00bb1\/2&#8243;][vc_empty_space height=\u00bb70px\u00bb][vc_empty_space height=\u00bb20px\u00bb][vc_column_text] DO\u00a0| Cava UVAS\u00a0|Xarel.lo 40%; Macabeo 35%; Parellada 25% CRIANZA\u00a0| 10 [&hellip;]<\/p>\n","protected":false},"author":1,"featured_media":0,"parent":13120,"menu_order":0,"comment_status":"closed","ping_status":"closed","template":"full-width.php","meta":{"footnotes":""},"class_list":["post-13447","page","type-page","status-publish","hentry"],"translation":{"provider":"WPGlobus","version":"3.0.0","language":"es","enabled_languages":["en","es"],"languages":{"en":{"title":true,"content":true,"excerpt":false},"es":{"title":true,"content":true,"excerpt":false}}},"yoast_head":"<!-- This site is optimized with the Yoast SEO plugin v25.5 - https:\/\/yoast.com\/wordpress\/plugins\/seo\/ -->\n<title>RESS\u00d2 cava - COFAMA<\/title>\n<meta name=\"robots\" content=\"index, follow, max-snippet:-1, max-image-preview:large, max-video-preview:-1\" \/>\n<link rel=\"canonical\" href=\"https:\/\/www.cofamavins.com\/cavas\/resso-cava\/\" \/>\n<meta property=\"og:locale\" content=\"es_ES\" \/>\n<meta property=\"og:type\" content=\"article\" \/>\n<meta property=\"og:title\" content=\"RESS\u00d2 cava - COFAMA\" \/>\n<meta property=\"og:url\" content=\"https:\/\/www.cofamavins.com\/cavas\/resso-cava\/\" \/>\n<meta property=\"og:site_name\" content=\"COFAMA\" \/>\n<meta property=\"article:modified_time\" content=\"2018-10-22T17:38:05+00:00\" \/>\n<meta name=\"twitter:label1\" content=\"Tiempo de lectura\" \/>\n\t<meta name=\"twitter:data1\" content=\"7 minutos\" \/>\n<script type=\"application\/ld+json\" class=\"yoast-schema-graph\">{\"@context\":\"https:\/\/schema.org\",\"@graph\":[{\"@type\":\"WebPage\",\"@id\":\"https:\/\/www.cofamavins.com\/cavas\/resso-cava\/\",\"url\":\"https:\/\/www.cofamavins.com\/cavas\/resso-cava\/\",\"name\":\"RESS\u00d2 cava - COFAMA\",\"isPartOf\":{\"@id\":\"https:\/\/www.cofamavins.com\/#website\"},\"datePublished\":\"2018-05-21T20:21:26+00:00\",\"dateModified\":\"2018-10-22T17:38:05+00:00\",\"breadcrumb\":{\"@id\":\"https:\/\/www.cofamavins.com\/cavas\/resso-cava\/#breadcrumb\"},\"inLanguage\":\"es\",\"potentialAction\":[{\"@type\":\"ReadAction\",\"target\":[\"https:\/\/www.cofamavins.com\/cavas\/resso-cava\/\"]}]},{\"@type\":\"BreadcrumbList\",\"@id\":\"https:\/\/www.cofamavins.com\/cavas\/resso-cava\/#breadcrumb\",\"itemListElement\":[{\"@type\":\"ListItem\",\"position\":1,\"name\":\"Portada\",\"item\":\"https:\/\/www.cofamavins.com\/\"},{\"@type\":\"ListItem\",\"position\":2,\"name\":\"CAVAS\",\"item\":\"https:\/\/www.cofamavins.com\/cavas\/\"},{\"@type\":\"ListItem\",\"position\":3,\"name\":\"RESS\u00d2 cava\"}]},{\"@type\":\"WebSite\",\"@id\":\"https:\/\/www.cofamavins.com\/#website\",\"url\":\"https:\/\/www.cofamavins.com\/\",\"name\":\"COFAMA\",\"description\":\"Vins i caves\",\"potentialAction\":[{\"@type\":\"SearchAction\",\"target\":{\"@type\":\"EntryPoint\",\"urlTemplate\":\"https:\/\/www.cofamavins.com\/?s={search_term_string}\"},\"query-input\":{\"@type\":\"PropertyValueSpecification\",\"valueRequired\":true,\"valueName\":\"search_term_string\"}}],\"inLanguage\":\"es\"}]}<\/script>\n<!-- \/ Yoast SEO plugin. -->","yoast_head_json":{"title":"RESS\u00d2 cava - COFAMA","robots":{"index":"index","follow":"follow","max-snippet":"max-snippet:-1","max-image-preview":"max-image-preview:large","max-video-preview":"max-video-preview:-1"},"canonical":"https:\/\/www.cofamavins.com\/cavas\/resso-cava\/","og_locale":"es_ES","og_type":"article","og_title":"RESS\u00d2 cava - COFAMA","og_url":"https:\/\/www.cofamavins.com\/cavas\/resso-cava\/","og_site_name":"COFAMA","article_modified_time":"2018-10-22T17:38:05+00:00","twitter_misc":{"Tiempo de lectura":"7 minutos"},"schema":{"@context":"https:\/\/schema.org","@graph":[{"@type":"WebPage","@id":"https:\/\/www.cofamavins.com\/cavas\/resso-cava\/","url":"https:\/\/www.cofamavins.com\/cavas\/resso-cava\/","name":"RESS\u00d2 cava - COFAMA","isPartOf":{"@id":"https:\/\/www.cofamavins.com\/#website"},"datePublished":"2018-05-21T20:21:26+00:00","dateModified":"2018-10-22T17:38:05+00:00","breadcrumb":{"@id":"https:\/\/www.cofamavins.com\/cavas\/resso-cava\/#breadcrumb"},"inLanguage":"es","potentialAction":[{"@type":"ReadAction","target":["https:\/\/www.cofamavins.com\/cavas\/resso-cava\/"]}]},{"@type":"BreadcrumbList","@id":"https:\/\/www.cofamavins.com\/cavas\/resso-cava\/#breadcrumb","itemListElement":[{"@type":"ListItem","position":1,"name":"Portada","item":"https:\/\/www.cofamavins.com\/"},{"@type":"ListItem","position":2,"name":"CAVAS","item":"https:\/\/www.cofamavins.com\/cavas\/"},{"@type":"ListItem","position":3,"name":"RESS\u00d2 cava"}]},{"@type":"WebSite","@id":"https:\/\/www.cofamavins.com\/#website","url":"https:\/\/www.cofamavins.com\/","name":"COFAMA","description":"Vins i caves","potentialAction":[{"@type":"SearchAction","target":{"@type":"EntryPoint","urlTemplate":"https:\/\/www.cofamavins.com\/?s={search_term_string}"},"query-input":{"@type":"PropertyValueSpecification","valueRequired":true,"valueName":"search_term_string"}}],"inLanguage":"es"}]}},"_links":{"self":[{"href":"https:\/\/www.cofamavins.com\/es\/wp-json\/wp\/v2\/pages\/13447","targetHints":{"allow":["GET"]}}],"collection":[{"href":"https:\/\/www.cofamavins.com\/es\/wp-json\/wp\/v2\/pages"}],"about":[{"href":"https:\/\/www.cofamavins.com\/es\/wp-json\/wp\/v2\/types\/page"}],"author":[{"embeddable":true,"href":"https:\/\/www.cofamavins.com\/es\/wp-json\/wp\/v2\/users\/1"}],"replies":[{"embeddable":true,"href":"https:\/\/www.cofamavins.com\/es\/wp-json\/wp\/v2\/comments?post=13447"}],"version-history":[{"count":12,"href":"https:\/\/www.cofamavins.com\/es\/wp-json\/wp\/v2\/pages\/13447\/revisions"}],"predecessor-version":[{"id":15000,"href":"https:\/\/www.cofamavins.com\/es\/wp-json\/wp\/v2\/pages\/13447\/revisions\/15000"}],"up":[{"embeddable":true,"href":"https:\/\/www.cofamavins.com\/es\/wp-json\/wp\/v2\/pages\/13120"}],"wp:attachment":[{"href":"https:\/\/www.cofamavins.com\/es\/wp-json\/wp\/v2\/media?parent=13447"}],"curies":[{"name":"wp","href":"https:\/\/api.w.org\/{rel}","templated":true}]}}