{"id":13604,"date":"2018-06-04T16:48:14","date_gmt":"2018-06-04T14:48:14","guid":{"rendered":"https:\/\/www.cofamavins.com\/?page_id=13604"},"modified":"2021-07-14T12:26:54","modified_gmt":"2021-07-14T10:26:54","slug":"arboc","status":"publish","type":"page","link":"https:\/\/www.cofamavins.com\/es\/cavas\/arboc\/","title":{"rendered":"L&#8217;arbo\u00e7 1919"},"content":{"rendered":"<div class=\"wpb-content-wrapper\"><p>[vc_row row_type=\u00bbparallax\u00bb content_text_aligment=\u00bbcenter\u00bb css=\u00bb.vc_custom_1626257735378{background-image: url(https:\/\/www.cofamavins.com\/wp-content\/uploads\/Familia-Arbo\u00e7.png?id=15732) !important;background-position: center !important;background-repeat: no-repeat !important;background-size: cover !important;}\u00bb parallax_background_image=\u00bb13605&#8243; parallax_section_height=\u00bb700px\u00bb][vc_column][vc_empty_space height=\u00bb200px\u00bb][vc_row_inner][vc_column_inner width=\u00bb1\/2&#8243;]<div class=\"eltdf-section-title-holder\" >\n\t\t\t<h1 class=\"eltdf-st-title\" style=\"color: #5b5b5b\">\n\t\t\t<span>L&#039;arbo\u00e7 1919<\/span>\n\t\t<\/h1>\n        \t\t\t\t<h4 class=\"eltdf-st-subtitle\" style=\"color: #5b5b5b\">\n\t\t<span>DO Cava<\/span>\n\t\t<\/h4>\n\t\t<\/div>[\/vc_column_inner][vc_column_inner width=\u00bb1\/2&#8243;][\/vc_column_inner][\/vc_row_inner][vc_empty_space height=\u00bb200px\u00bb][\/vc_column][\/vc_row][vc_row][vc_column][vc_empty_space height=\u00bb50px\u00bb][\/vc_column][\/vc_row][vc_row][vc_column offset=\u00bbvc_hidden-lg vc_hidden-md vc_hidden-sm\u00bb][vc_empty_space height=\u00bb600px\u00bb css=\u00bb.vc_custom_1528123621249{background-image: url(https:\/\/www.cofamavins.com\/wp-content\/uploads\/Arboc\u0327-Brut.png?id=13607) !important;background-position: center !important;background-repeat: no-repeat !important;background-size: cover !important;}\u00bb][\/vc_column][\/vc_row][vc_row row_content_width=\u00bbgrid\u00bb content_text_aligment=\u00bbcenter\u00bb][vc_column width=\u00bb1\/2&#8243;][vc_empty_space height=\u00bb70px\u00bb]<div class=\"eltdf-section-title-holder\" >\n\t\t\t<h1 class=\"eltdf-st-title\" >\n\t\t\t<span>L&#039;arbo\u00e7 1919<\/span>\n\t\t<\/h1>\n        \t\t\t\t<h4 class=\"eltdf-st-subtitle\" style=\"color: #b7a36f\">\n\t\t<span>Brut<\/span>\n\t\t<\/h4>\n\t\t<\/div>[vc_empty_space height=\u00bb20px\u00bb][vc_column_text]<\/p>\n<p style=\"text-align: center;\"><b>DO<\/b><span style=\"font-weight: 400;\"> | Cava<\/span><span style=\"font-weight: 400;\"><br \/>\n<\/span><b>UVAS<\/b><span style=\"font-weight: 400;\"> | <\/span><span style=\"font-weight: 400;\">Xarel.lo 40%, Macabeo 40%, Parellada 20%<\/span><span style=\"font-weight: 400;\"><br \/>\n<\/span><b>CRIANZA <\/b><span style=\"font-weight: 400;\">| 10 meses<\/span><span style=\"font-weight: 400;\"><br \/>\n<\/span><b>ALCOHOL<\/b><span style=\"font-weight: 400;\"> | 11,5%<\/span><span style=\"font-weight: 400;\"><br \/>\n<\/span><b>AZ\u00daCAR<\/b> <span style=\"font-weight: 400;\">| 9 g\/L<\/span><\/p>\n<p style=\"text-align: center;\"><b>Nota de cata<\/b><b><br \/>\n<\/b><span style=\"font-weight: 400;\">Color amarillo pajizo con tonalidades verdosas. Burbujas finas y persistentes. Aspecto claro y limpio. Aromas c\u00edtricos y de fruta fresca. En boca tiene vivacidad, compensada por un agradable equilibrio y elegancia. Postgusto de frutas blancas y con algunas notas suaves de c\u00edtricos. Resumen: Fresco, muy afrutado, agradable, bien equilibrado y con fina y buena estructura de burbuja.<\/span><\/p>\n<p style=\"text-align: center;\"><b>Maridaje<\/b><b><br \/>\n<\/b><span style=\"font-weight: 400;\">Un cava ideal para disfrutar de una sobremesa acompa\u00f1ando postres y dulces o tomando un aperitivo bajo el sol.<\/span><\/p>\n<p>[\/vc_column_text][vc_empty_space height=\u00bb40px\u00bb]<a itemprop=\"url\" href=\"https:\/\/www.cofamavins.com\/wp-content\/uploads\/l-arboc-brut.pdf\" target=\"_blank\" style=\"color: #808080;background-color: #ffffff;border-color: #808080\" class=\"eltdf-btn eltdf-btn-small eltdf-btn-solid eltdf-btn-custom-hover-bg eltdf-btn-custom-border-hover eltdf-btn-custom-hover-color\" data-hover-color=\"#ffffff\" data-hover-bg-color=\"#808080\" data-hover-border-color=\"#808080\" >\n    <span class=\"eltdf-btn-text\">DESCARGAR FICHA<\/span>\n    <\/a>[\/vc_column][vc_column width=\u00bb1\/2&#8243; css=\u00bb.vc_custom_1533137054511{margin-top: 50px !important;background-image: url(https:\/\/www.cofamavins.com\/wp-content\/uploads\/Arboc\u0327-Brut.png?id=13607) !important;}\u00bb offset=\u00bbvc_hidden-xs\u00bb][vc_empty_space height=\u00bb700px\u00bb css=\u00bb.vc_custom_1626257575348{background-image: url(https:\/\/www.cofamavins.com\/wp-content\/uploads\/Arbo\u00e7-Brut.png?id=15733) !important;background-position: center !important;background-repeat: no-repeat !important;background-size: cover !important;}\u00bb][\/vc_column][\/vc_row][vc_row][vc_column][vc_empty_space height=\u00bb50px\u00bb][\/vc_column][\/vc_row][vc_row][vc_column offset=\u00bbvc_hidden-lg vc_hidden-md vc_hidden-sm\u00bb][vc_empty_space height=\u00bb600px\u00bb css=\u00bb.vc_custom_1528123609212{background-image: url(https:\/\/www.cofamavins.com\/wp-content\/uploads\/Arboc\u0327-Rosat.png?id=13608) !important;background-position: center !important;background-repeat: no-repeat !important;background-size: cover !important;}\u00bb][\/vc_column][\/vc_row][vc_row row_content_width=\u00bbgrid\u00bb content_text_aligment=\u00bbcenter\u00bb][vc_column width=\u00bb1\/2&#8243; css=\u00bb.vc_custom_1533137067076{margin-top: 70px !important;background-image: url(https:\/\/www.cofamavins.com\/wp-content\/uploads\/Arboc\u0327-Rosat.png?id=13608) !important;}\u00bb offset=\u00bbvc_hidden-xs\u00bb][vc_empty_space height=\u00bb700px\u00bb css=\u00bb.vc_custom_1626257588201{background-image: url(https:\/\/www.cofamavins.com\/wp-content\/uploads\/Arbo\u00e7-Rosat.png?id=15734) !important;background-position: center !important;background-repeat: no-repeat !important;background-size: cover !important;}\u00bb][\/vc_column][vc_column width=\u00bb1\/2&#8243;][vc_empty_space height=\u00bb70px\u00bb]<div class=\"eltdf-section-title-holder\" >\n\t\t\t<h1 class=\"eltdf-st-title\" >\n\t\t\t<span>L&#039;arbo\u00e7 1919<\/span>\n\t\t<\/h1>\n        \t\t\t\t<h4 class=\"eltdf-st-subtitle\" style=\"color: #dd9090\">\n\t\t<span>Rosado<\/span>\n\t\t<\/h4>\n\t\t<\/div>[vc_empty_space height=\u00bb20px\u00bb][vc_column_text]<\/p>\n<div class=\"page\" style=\"text-align: center;\" title=\"Page 1\">\n<div class=\"section\">\n<div class=\"layoutArea\">\n<div class=\"column\">\n<p><b>DO<\/b><span style=\"font-weight: 400;\"> | Cava<\/span><span style=\"font-weight: 400;\"><br \/>\n<\/span><b>UVAS<\/b><span style=\"font-weight: 400;\"> | <\/span><span style=\"font-weight: 400;\">Trepat 100%<\/span><span style=\"font-weight: 400;\"><br \/>\n<\/span><b>CRIANZA <\/b><span style=\"font-weight: 400;\">| 12 meses<\/span><span style=\"font-weight: 400;\"><br \/>\n<\/span><b>ALCOHOL<\/b><span style=\"font-weight: 400;\"> | 11,5%<\/span><span style=\"font-weight: 400;\"><br \/>\n<\/span><b>AZ\u00daCAR<\/b> <span style=\"font-weight: 400;\">| 9g \/L<\/span><\/p>\n<p><b>Nota de cata<\/b><b><br \/>\n<\/b><span style=\"font-weight: 400;\">Atractivo color rosa de viva intensidad con reflejos violetas. Burbuja fina, con abundante formaci\u00f3n de rosarios y densa corona. En nariz es suave y fresco donde dominan las frutas silvestres, sobretodo la fresa. En boca es agradable con el carb\u00f3nico bien ensamblado, rico y denso. En su evoluci\u00f3n muestra un car\u00e1cter varietal, fresco y complejo a la vez, carnoso pero ligero, destacando los frutos rojos del bosque. Equilibrado, buena estructura y carb\u00f3nico bien integrado. Postgusto agradable de mediana intensidad, donde se repiten y armonizan los aromas de nariz y boca.<\/span><\/p>\n<p><b>Maridaje<\/b><b><br \/>\n<\/b><span style=\"font-weight: 400;\">Un cava ideal para disfrutar de una sobremesa acompa\u00f1ando postres, dulces y chocolates.<\/span><\/p>\n<\/div>\n<\/div>\n<\/div>\n<\/div>\n<p>[\/vc_column_text][vc_empty_space height=\u00bb40px\u00bb]<a itemprop=\"url\" href=\"https:\/\/www.cofamavins.com\/wp-content\/uploads\/l-arboc-rosado.pdf\" target=\"_blank\" style=\"color: #808080;background-color: #ffffff;border-color: #808080\" class=\"eltdf-btn eltdf-btn-small eltdf-btn-solid eltdf-btn-custom-hover-bg eltdf-btn-custom-border-hover eltdf-btn-custom-hover-color\" data-hover-color=\"#ffffff\" data-hover-bg-color=\"#808080\" data-hover-border-color=\"#808080\" >\n    <span class=\"eltdf-btn-text\">DESCARGAR FICHA<\/span>\n    <\/a>[\/vc_column][\/vc_row][vc_row][vc_column][vc_empty_space height=\u00bb50px\u00bb][\/vc_column][\/vc_row][vc_row][vc_column offset=\u00bbvc_hidden-lg vc_hidden-md vc_hidden-sm\u00bb][vc_empty_space height=\u00bb600px\u00bb css=\u00bb.vc_custom_1528123689560{background-image: url(https:\/\/www.cofamavins.com\/wp-content\/uploads\/Arboc\u0327-brut-375ml.png?id=13606) !important;background-position: center !important;background-repeat: no-repeat !important;background-size: cover !important;}\u00bb][\/vc_column][\/vc_row][vc_row row_content_width=\u00bbgrid\u00bb content_text_aligment=\u00bbcenter\u00bb][vc_column width=\u00bb1\/2&#8243;][vc_empty_space height=\u00bb70px\u00bb]<div class=\"eltdf-section-title-holder\" >\n\t\t\t<h1 class=\"eltdf-st-title\" >\n\t\t\t<span>L&#039;arbo\u00e7 1919<\/span>\n\t\t<\/h1>\n        \t\t\t\t<h4 class=\"eltdf-st-subtitle\" style=\"color: #b7a36f\">\n\t\t<span>Brut 375ml<\/span>\n\t\t<\/h4>\n\t\t<\/div>[vc_empty_space height=\u00bb20px\u00bb][vc_column_text]<\/p>\n<p style=\"text-align: center;\"><b>DO<\/b><span style=\"font-weight: 400;\"> | Cava<\/span><span style=\"font-weight: 400;\"><br \/>\n<\/span><b>UVAS<\/b><span style=\"font-weight: 400;\"> | <\/span><span style=\"font-weight: 400;\">Xarel.lo 40%, Macabeo 40%, Parellada 20%<\/span><span style=\"font-weight: 400;\"><br \/>\n<\/span><b>CRIANZA <\/b><span style=\"font-weight: 400;\">| 10 meses<\/span><span style=\"font-weight: 400;\"><br \/>\n<\/span><b>ALCOHOL<\/b><span style=\"font-weight: 400;\"> | 11,5%<\/span><span style=\"font-weight: 400;\"><br \/>\n<\/span><b>AZ\u00daCAR<\/b> <span style=\"font-weight: 400;\">| 9 g\/L<\/span><\/p>\n<p style=\"text-align: center;\"><b>Nota de cata<\/b><b><br \/>\n<\/b><span style=\"font-weight: 400;\">Color amarillo pajizo con tonalidades verdosas. Burbujas finas y persistentes. Aspecto claro y limpio. Aromas c\u00edtricos y de fruta fresca. En boca tiene vivacidad, compensada por un agradable equilibrio y elegancia. Postgusto de frutas blancas y con algunas notas suaves de c\u00edtricos. Resumen: Fresco, muy afrutado, agradable, bien equilibrado y con fina y buena estructura de burbuja.<\/span><\/p>\n<p style=\"text-align: center;\"><b>Maridaje<\/b><b><br \/>\n<\/b><span style=\"font-weight: 400;\">Un cava ideal para disfrutar de una sobremesa acompa\u00f1ando postres y dulces o tomando un aperitivo bajo el sol.<\/span><\/p>\n<p>[\/vc_column_text][vc_empty_space height=\u00bb40px\u00bb]<a itemprop=\"url\" href=\"https:\/\/www.cofamavins.com\/wp-content\/uploads\/l-arboc-375ml.pdf\" target=\"_blank\" style=\"color: #808080;background-color: #ffffff;border-color: #808080\" class=\"eltdf-btn eltdf-btn-small eltdf-btn-solid eltdf-btn-custom-hover-bg eltdf-btn-custom-border-hover eltdf-btn-custom-hover-color\" data-hover-color=\"#ffffff\" data-hover-bg-color=\"#808080\" data-hover-border-color=\"#808080\" >\n    <span class=\"eltdf-btn-text\">DESCARGAR FICHA<\/span>\n    <\/a>[\/vc_column][vc_column width=\u00bb1\/2&#8243; css=\u00bb.vc_custom_1533137181957{margin-top: 70px !important;background-image: url(https:\/\/www.cofamavins.com\/wp-content\/uploads\/Arboc\u0327-brut-375ml.png?id=13606) !important;}\u00bb offset=\u00bbvc_hidden-xs\u00bb][vc_empty_space height=\u00bb700px\u00bb css=\u00bb.vc_custom_1626257603731{background-image: url(https:\/\/www.cofamavins.com\/wp-content\/uploads\/Arbo\u00e7-brut-375ml.png?id=15735) !important;background-position: center !important;background-repeat: no-repeat !important;background-size: cover !important;}\u00bb][\/vc_column][\/vc_row][vc_row][vc_column][vc_empty_space height=\u00bb50px\u00bb][\/vc_column][\/vc_row]<\/p>\n<\/div>","protected":false},"excerpt":{"rendered":"<p>[vc_row row_type=\u00bbparallax\u00bb content_text_aligment=\u00bbcenter\u00bb css=\u00bb.vc_custom_1626257735378{background-image: url(https:\/\/www.cofamavins.com\/wp-content\/uploads\/Familia-Arbo\u00e7.png?id=15732) !important;background-position: center !important;background-repeat: no-repeat !important;background-size: cover !important;}\u00bb parallax_background_image=\u00bb13605&#8243; parallax_section_height=\u00bb700px\u00bb][vc_column][vc_empty_space height=\u00bb200px\u00bb][vc_row_inner][vc_column_inner width=\u00bb1\/2&#8243;][\/vc_column_inner][vc_column_inner width=\u00bb1\/2&#8243;][\/vc_column_inner][\/vc_row_inner][vc_empty_space height=\u00bb200px\u00bb][\/vc_column][\/vc_row][vc_row][vc_column][vc_empty_space height=\u00bb50px\u00bb][\/vc_column][\/vc_row][vc_row][vc_column offset=\u00bbvc_hidden-lg vc_hidden-md vc_hidden-sm\u00bb][vc_empty_space height=\u00bb600px\u00bb css=\u00bb.vc_custom_1528123621249{background-image: url(https:\/\/www.cofamavins.com\/wp-content\/uploads\/Arboc\u0327-Brut.png?id=13607) !important;background-position: center !important;background-repeat: no-repeat !important;background-size: cover !important;}\u00bb][\/vc_column][\/vc_row][vc_row row_content_width=\u00bbgrid\u00bb content_text_aligment=\u00bbcenter\u00bb][vc_column width=\u00bb1\/2&#8243;][vc_empty_space height=\u00bb70px\u00bb][vc_empty_space height=\u00bb20px\u00bb][vc_column_text] DO | Cava UVAS | Xarel.lo 40%, Macabeo [&hellip;]<\/p>\n","protected":false},"author":1,"featured_media":0,"parent":13120,"menu_order":0,"comment_status":"closed","ping_status":"closed","template":"full-width.php","meta":{"footnotes":""},"class_list":["post-13604","page","type-page","status-publish","hentry"],"translation":{"provider":"WPGlobus","version":"3.0.0","language":"es","enabled_languages":["en","es"],"languages":{"en":{"title":true,"content":true,"excerpt":false},"es":{"title":true,"content":true,"excerpt":false}}},"yoast_head":"<!-- This site is optimized with the Yoast SEO plugin v25.5 - https:\/\/yoast.com\/wordpress\/plugins\/seo\/ -->\n<title>L&#039;arbo\u00e7 1919 - COFAMA<\/title>\n<meta name=\"robots\" content=\"index, follow, max-snippet:-1, max-image-preview:large, max-video-preview:-1\" \/>\n<link rel=\"canonical\" href=\"https:\/\/www.cofamavins.com\/cavas\/arboc\/\" \/>\n<meta property=\"og:locale\" content=\"es_ES\" \/>\n<meta property=\"og:type\" content=\"article\" \/>\n<meta property=\"og:title\" content=\"L&#039;arbo\u00e7 1919 - COFAMA\" \/>\n<meta property=\"og:url\" content=\"https:\/\/www.cofamavins.com\/cavas\/arboc\/\" \/>\n<meta property=\"og:site_name\" content=\"COFAMA\" \/>\n<meta property=\"article:modified_time\" content=\"2021-07-14T10:26:54+00:00\" \/>\n<meta name=\"twitter:label1\" content=\"Tiempo de lectura\" \/>\n\t<meta name=\"twitter:data1\" content=\"10 minutos\" \/>\n<script type=\"application\/ld+json\" class=\"yoast-schema-graph\">{\"@context\":\"https:\/\/schema.org\",\"@graph\":[{\"@type\":\"WebPage\",\"@id\":\"https:\/\/www.cofamavins.com\/cavas\/arboc\/\",\"url\":\"https:\/\/www.cofamavins.com\/cavas\/arboc\/\",\"name\":\"L'arbo\u00e7 1919 - COFAMA\",\"isPartOf\":{\"@id\":\"https:\/\/www.cofamavins.com\/#website\"},\"datePublished\":\"2018-06-04T14:48:14+00:00\",\"dateModified\":\"2021-07-14T10:26:54+00:00\",\"breadcrumb\":{\"@id\":\"https:\/\/www.cofamavins.com\/cavas\/arboc\/#breadcrumb\"},\"inLanguage\":\"es\",\"potentialAction\":[{\"@type\":\"ReadAction\",\"target\":[\"https:\/\/www.cofamavins.com\/cavas\/arboc\/\"]}]},{\"@type\":\"BreadcrumbList\",\"@id\":\"https:\/\/www.cofamavins.com\/cavas\/arboc\/#breadcrumb\",\"itemListElement\":[{\"@type\":\"ListItem\",\"position\":1,\"name\":\"Portada\",\"item\":\"https:\/\/www.cofamavins.com\/\"},{\"@type\":\"ListItem\",\"position\":2,\"name\":\"CAVAS\",\"item\":\"https:\/\/www.cofamavins.com\/cavas\/\"},{\"@type\":\"ListItem\",\"position\":3,\"name\":\"L&#8217;arbo\u00e7 1919\"}]},{\"@type\":\"WebSite\",\"@id\":\"https:\/\/www.cofamavins.com\/#website\",\"url\":\"https:\/\/www.cofamavins.com\/\",\"name\":\"COFAMA\",\"description\":\"Vins i caves\",\"potentialAction\":[{\"@type\":\"SearchAction\",\"target\":{\"@type\":\"EntryPoint\",\"urlTemplate\":\"https:\/\/www.cofamavins.com\/?s={search_term_string}\"},\"query-input\":{\"@type\":\"PropertyValueSpecification\",\"valueRequired\":true,\"valueName\":\"search_term_string\"}}],\"inLanguage\":\"es\"}]}<\/script>\n<!-- \/ Yoast SEO plugin. -->","yoast_head_json":{"title":"L'arbo\u00e7 1919 - COFAMA","robots":{"index":"index","follow":"follow","max-snippet":"max-snippet:-1","max-image-preview":"max-image-preview:large","max-video-preview":"max-video-preview:-1"},"canonical":"https:\/\/www.cofamavins.com\/cavas\/arboc\/","og_locale":"es_ES","og_type":"article","og_title":"L'arbo\u00e7 1919 - COFAMA","og_url":"https:\/\/www.cofamavins.com\/cavas\/arboc\/","og_site_name":"COFAMA","article_modified_time":"2021-07-14T10:26:54+00:00","twitter_misc":{"Tiempo de lectura":"10 minutos"},"schema":{"@context":"https:\/\/schema.org","@graph":[{"@type":"WebPage","@id":"https:\/\/www.cofamavins.com\/cavas\/arboc\/","url":"https:\/\/www.cofamavins.com\/cavas\/arboc\/","name":"L'arbo\u00e7 1919 - COFAMA","isPartOf":{"@id":"https:\/\/www.cofamavins.com\/#website"},"datePublished":"2018-06-04T14:48:14+00:00","dateModified":"2021-07-14T10:26:54+00:00","breadcrumb":{"@id":"https:\/\/www.cofamavins.com\/cavas\/arboc\/#breadcrumb"},"inLanguage":"es","potentialAction":[{"@type":"ReadAction","target":["https:\/\/www.cofamavins.com\/cavas\/arboc\/"]}]},{"@type":"BreadcrumbList","@id":"https:\/\/www.cofamavins.com\/cavas\/arboc\/#breadcrumb","itemListElement":[{"@type":"ListItem","position":1,"name":"Portada","item":"https:\/\/www.cofamavins.com\/"},{"@type":"ListItem","position":2,"name":"CAVAS","item":"https:\/\/www.cofamavins.com\/cavas\/"},{"@type":"ListItem","position":3,"name":"L&#8217;arbo\u00e7 1919"}]},{"@type":"WebSite","@id":"https:\/\/www.cofamavins.com\/#website","url":"https:\/\/www.cofamavins.com\/","name":"COFAMA","description":"Vins i caves","potentialAction":[{"@type":"SearchAction","target":{"@type":"EntryPoint","urlTemplate":"https:\/\/www.cofamavins.com\/?s={search_term_string}"},"query-input":{"@type":"PropertyValueSpecification","valueRequired":true,"valueName":"search_term_string"}}],"inLanguage":"es"}]}},"_links":{"self":[{"href":"https:\/\/www.cofamavins.com\/es\/wp-json\/wp\/v2\/pages\/13604","targetHints":{"allow":["GET"]}}],"collection":[{"href":"https:\/\/www.cofamavins.com\/es\/wp-json\/wp\/v2\/pages"}],"about":[{"href":"https:\/\/www.cofamavins.com\/es\/wp-json\/wp\/v2\/types\/page"}],"author":[{"embeddable":true,"href":"https:\/\/www.cofamavins.com\/es\/wp-json\/wp\/v2\/users\/1"}],"replies":[{"embeddable":true,"href":"https:\/\/www.cofamavins.com\/es\/wp-json\/wp\/v2\/comments?post=13604"}],"version-history":[{"count":18,"href":"https:\/\/www.cofamavins.com\/es\/wp-json\/wp\/v2\/pages\/13604\/revisions"}],"predecessor-version":[{"id":13611,"href":"https:\/\/www.cofamavins.com\/es\/wp-json\/wp\/v2\/pages\/13604\/revisions\/13611"}],"up":[{"embeddable":true,"href":"https:\/\/www.cofamavins.com\/es\/wp-json\/wp\/v2\/pages\/13120"}],"wp:attachment":[{"href":"https:\/\/www.cofamavins.com\/es\/wp-json\/wp\/v2\/media?parent=13604"}],"curies":[{"name":"wp","href":"https:\/\/api.w.org\/{rel}","templated":true}]}}