{"id":15435,"date":"2021-02-09T14:58:39","date_gmt":"2021-02-09T13:58:39","guid":{"rendered":"https:\/\/www.cofamavins.com\/?page_id=15435"},"modified":"2021-02-17T13:02:07","modified_gmt":"2021-02-17T12:02:07","slug":"dominios-del-dueno","status":"publish","type":"page","link":"https:\/\/www.cofamavins.com\/es\/vinos\/dominios-del-dueno\/","title":{"rendered":"Dominios del Due\u00f1o"},"content":{"rendered":"<div class=\"wpb-content-wrapper\"><p>[vc_row row_type=\u00bbparallax\u00bb content_text_aligment=\u00bbcenter\u00bb parallax_background_image=\u00bb15444&#8243; css=\u00bb.vc_custom_1612879724374{background-position: center !important;background-repeat: no-repeat !important;background-size: cover !important;}\u00bb parallax_section_height=\u00bb700px\u00bb][vc_column width=\u00bb1\/2&#8243;][vc_empty_space height=\u00bb200px\u00bb]<div class=\"eltdf-section-title-holder\" >\n\t\t\t<h1 class=\"eltdf-st-title\" >\n\t\t\t<span>Dominios del Due\u00f1o<\/span>\n\t\t<\/h1>\n        \t\t\t\t<h4 class=\"eltdf-st-subtitle\" >\n\t\t<span>DO Valles de Benavente<\/span>\n\t\t<\/h4>\n\t\t<\/div>[vc_empty_space height=\u00bb200px\u00bb][\/vc_column][vc_column width=\u00bb1\/2&#8243;][\/vc_column][\/vc_row][vc_row][vc_column][vc_empty_space height=\u00bb20px\u00bb][\/vc_column][\/vc_row][vc_row][vc_column offset=\u00bbvc_hidden-lg vc_hidden-md vc_hidden-sm\u00bb][vc_empty_space height=\u00bb600px\u00bb css=\u00bb.vc_custom_1581360332970{background-image: url(https:\/\/www.cofamavins.com\/wp-content\/uploads\/Clos-de-dia-blanc.jpg?id=15264) !important;background-position: center !important;background-repeat: no-repeat !important;background-size: cover !important;}\u00bb][\/vc_column][\/vc_row][vc_row row_content_width=\u00bbgrid\u00bb content_text_aligment=\u00bbcenter\u00bb][vc_column width=\u00bb1\/2&#8243;][vc_empty_space height=\u00bb70px\u00bb]<div class=\"eltdf-section-title-holder\" >\n\t\t\t<h1 class=\"eltdf-st-title\" >\n\t\t\t<span>Dominios del Due\u00f1o<\/span>\n\t\t<\/h1>\n        \t\t\t\t<h4 class=\"eltdf-st-subtitle\" style=\"color: #b7a36f\">\n\t\t<span>Verdejo<\/span>\n\t\t<\/h4>\n\t\t<\/div>[vc_empty_space height=\u00bb20px\u00bb][vc_column_text]<\/p>\n<p style=\"text-align: center;\"><b>DOP<\/b><span style=\"font-weight: 400;\"> | Valles de Benavente<br \/>\n<\/span><b>CRIANZA<\/b><span style=\"font-weight: 400;\"> | Joven<br \/>\n<\/span><b>UVAS <\/b><span style=\"font-weight: 400;\">| Verdejo<br \/>\n<\/span><b>ALCOHOL<\/b><span style=\"font-weight: 400;\"> | 13,2%<\/span><\/p>\n<p style=\"text-align: center;\"><b>Nota de cata<br \/>\n<\/b><span style=\"font-weight: 400;\">Vino de color amarillo pajizo con preciosos reflejos verdosos. Sus aromas son frescos, con notas de pera blanca madura, hierba fresca, pi\u00f1a natural y con los t\u00edpicos toques c\u00edtricos del verdejo, ya podemos empezar a notar esas notas ameladas, muy sutiles, que le proporciona la crianza sobre sus propias l\u00edas. En la boca es cremoso y voluminoso, con una buena expresi\u00f3n de fruta c\u00edtrica, leves notas herb\u00e1ceas, muy equilibrado en acidez con elegante final.\u00a0<\/span><\/p>\n<p style=\"text-align: center;\"><b>Maridaje<br \/>\n<\/b><span style=\"font-weight: 400;\">Ideal como aperitivo, acompa\u00f1a perfectamente platos de pescado, marisco, ahumados, entrantes y platos de pasta ligeros.<\/span><\/p>\n<p>[\/vc_column_text][vc_empty_space height=\u00bb40px\u00bb]<a itemprop=\"url\" href=\"https:\/\/www.cofamavins.com\/wp-content\/uploads\/DDD-verdejo.pdf\" target=\"_blank\" style=\"color: #808080;background-color: #ffffff;border-color: #808080\" class=\"eltdf-btn eltdf-btn-small eltdf-btn-solid eltdf-btn-custom-hover-bg eltdf-btn-custom-hover-color\" data-hover-color=\"#ffffff\" data-hover-bg-color=\"#808080\" >\n    <span class=\"eltdf-btn-text\">DESCARGAR FICHA<\/span>\n    <\/a>[\/vc_column][vc_column width=\u00bb1\/2&#8243; offset=\u00bbvc_hidden-xs\u00bb][vc_empty_space height=\u00bb700px\u00bb css=\u00bb.vc_custom_1612879366626{background-image: url(https:\/\/www.cofamavins.com\/wp-content\/uploads\/Vino-verdejo-dominios-duen\u0303o.jpg?id=15438) !important;background-position: center !important;background-repeat: no-repeat !important;background-size: cover !important;}\u00bb][\/vc_column][\/vc_row][vc_row][vc_column offset=\u00bbvc_hidden-lg vc_hidden-md vc_hidden-sm\u00bb][vc_empty_space height=\u00bb600px\u00bb css=\u00bb.vc_custom_1581360356779{background-image: url(https:\/\/www.cofamavins.com\/wp-content\/uploads\/Clos-de-dia-negre.jpg?id=15265) !important;background-position: center !important;background-repeat: no-repeat !important;background-size: cover !important;}\u00bb][\/vc_column][\/vc_row][vc_row][vc_column][vc_empty_space height=\u00bb20px\u00bb][\/vc_column][\/vc_row][vc_row row_content_width=\u00bbgrid\u00bb content_text_aligment=\u00bbcenter\u00bb][vc_column width=\u00bb1\/2&#8243; offset=\u00bbvc_hidden-xs\u00bb][vc_empty_space height=\u00bb700px\u00bb css=\u00bb.vc_custom_1612879390320{background-image: url(https:\/\/www.cofamavins.com\/wp-content\/uploads\/Vino-rosado-dominios-duen\u0303o-botella.jpg?id=15439) !important;background-position: center !important;background-repeat: no-repeat !important;background-size: cover !important;}\u00bb][\/vc_column][vc_column width=\u00bb1\/2&#8243;][vc_empty_space height=\u00bb70px\u00bb]<div class=\"eltdf-section-title-holder\" >\n\t\t\t<h1 class=\"eltdf-st-title\" >\n\t\t\t<span>Dominios del Due\u00f1o<\/span>\n\t\t<\/h1>\n        \t\t\t\t<h4 class=\"eltdf-st-subtitle\" style=\"color: #de6d79\">\n\t\t<span>Rosado<\/span>\n\t\t<\/h4>\n\t\t<\/div>[vc_empty_space height=\u00bb20px\u00bb][vc_column_text]<\/p>\n<p style=\"text-align: center;\"><b>DOP <\/b><span style=\"font-weight: 400;\">| Valles de Benavente<\/span><span style=\"font-weight: 400;\"><br \/>\n<\/span><b>CRIANZA<\/b><span style=\"font-weight: 400;\"> | Joven<\/span><span style=\"font-weight: 400;\"><br \/>\n<\/span><b>UVAS<\/b><span style=\"font-weight: 400;\"> | Tempranillo<\/span><span style=\"font-weight: 400;\"><br \/>\n<\/span><b>ALCOHOL<\/b><span style=\"font-weight: 400;\"> | 13,3%<\/span><\/p>\n<p style=\"text-align: center;\"><b>Nota de cata<\/b><b><br \/>\n<\/b><span style=\"font-weight: 400;\">Color rosa claro con reflejos azules. Aromas muy frescos y limpios, con predominio de frutas rojas como fresa, mezclados con ligeros toques de pera y melocot\u00f3n. En boca es ligero, fresco y muy suave. El suave toque de aguja, tan caracter\u00edstico de nuestra zona de producci\u00f3n, unido a su acidez muy bien ensamblada, nos conduce a un vino redondo y en equilibrio.<\/span><\/p>\n<p style=\"text-align: center;\"><b>Maridaje<\/b><b><br \/>\n<\/b><span style=\"font-weight: 400;\">Perfecto con aperitivos, con mariscos, pescado, todo tipo de arroces y entrantes ligeros. <\/span><\/p>\n<p>[\/vc_column_text][vc_empty_space height=\u00bb40px\u00bb]<a itemprop=\"url\" href=\"https:\/\/www.cofamavins.com\/wp-content\/uploads\/DDD-rosado.pdf\" target=\"_blank\" style=\"color: #808080;background-color: #ffffff;border-color: #808080\" class=\"eltdf-btn eltdf-btn-small eltdf-btn-solid eltdf-btn-custom-hover-bg eltdf-btn-custom-hover-color\" data-hover-color=\"#ffffff\" data-hover-bg-color=\"#808080\" >\n    <span class=\"eltdf-btn-text\">DESCARGAR FICHA<\/span>\n    <\/a>[\/vc_column][\/vc_row]<\/p>\n<\/div>","protected":false},"excerpt":{"rendered":"<p>[vc_row row_type=\u00bbparallax\u00bb content_text_aligment=\u00bbcenter\u00bb parallax_background_image=\u00bb15444&#8243; css=\u00bb.vc_custom_1612879724374{background-position: center !important;background-repeat: no-repeat !important;background-size: cover !important;}\u00bb parallax_section_height=\u00bb700px\u00bb][vc_column width=\u00bb1\/2&#8243;][vc_empty_space height=\u00bb200px\u00bb][vc_empty_space height=\u00bb200px\u00bb][\/vc_column][vc_column width=\u00bb1\/2&#8243;][\/vc_column][\/vc_row][vc_row][vc_column][vc_empty_space height=\u00bb20px\u00bb][\/vc_column][\/vc_row][vc_row][vc_column offset=\u00bbvc_hidden-lg vc_hidden-md vc_hidden-sm\u00bb][vc_empty_space height=\u00bb600px\u00bb css=\u00bb.vc_custom_1581360332970{background-image: url(https:\/\/www.cofamavins.com\/wp-content\/uploads\/Clos-de-dia-blanc.jpg?id=15264) !important;background-position: center !important;background-repeat: no-repeat !important;background-size: cover !important;}\u00bb][\/vc_column][\/vc_row][vc_row row_content_width=\u00bbgrid\u00bb content_text_aligment=\u00bbcenter\u00bb][vc_column width=\u00bb1\/2&#8243;][vc_empty_space height=\u00bb70px\u00bb][vc_empty_space height=\u00bb20px\u00bb][vc_column_text] DOP | Valles de Benavente CRIANZA | Joven UVAS | [&hellip;]<\/p>\n","protected":false},"author":1,"featured_media":0,"parent":13123,"menu_order":0,"comment_status":"closed","ping_status":"closed","template":"full-width.php","meta":{"footnotes":""},"class_list":["post-15435","page","type-page","status-publish","hentry"],"translation":{"provider":"WPGlobus","version":"3.0.0","language":"es","enabled_languages":["en","es"],"languages":{"en":{"title":true,"content":true,"excerpt":false},"es":{"title":false,"content":true,"excerpt":false}}},"yoast_head":"<!-- This site is optimized with the Yoast SEO plugin v25.5 - https:\/\/yoast.com\/wordpress\/plugins\/seo\/ -->\n<title>Dominios del Due\u00f1o - COFAMA<\/title>\n<meta name=\"robots\" content=\"index, follow, max-snippet:-1, max-image-preview:large, max-video-preview:-1\" \/>\n<link rel=\"canonical\" href=\"https:\/\/www.cofamavins.com\/vinos\/dominios-del-dueno\/\" \/>\n<meta property=\"og:locale\" content=\"es_ES\" \/>\n<meta property=\"og:type\" content=\"article\" \/>\n<meta property=\"og:title\" content=\"Dominios del Due\u00f1o - COFAMA\" \/>\n<meta property=\"og:url\" content=\"https:\/\/www.cofamavins.com\/vinos\/dominios-del-dueno\/\" \/>\n<meta property=\"og:site_name\" content=\"COFAMA\" \/>\n<meta property=\"article:modified_time\" content=\"2021-02-17T12:02:07+00:00\" \/>\n<meta name=\"twitter:label1\" content=\"Tiempo de lectura\" \/>\n\t<meta name=\"twitter:data1\" content=\"6 minutos\" \/>\n<script type=\"application\/ld+json\" class=\"yoast-schema-graph\">{\"@context\":\"https:\/\/schema.org\",\"@graph\":[{\"@type\":\"WebPage\",\"@id\":\"https:\/\/www.cofamavins.com\/vinos\/dominios-del-dueno\/\",\"url\":\"https:\/\/www.cofamavins.com\/vinos\/dominios-del-dueno\/\",\"name\":\"Dominios del Due\u00f1o - COFAMA\",\"isPartOf\":{\"@id\":\"https:\/\/www.cofamavins.com\/#website\"},\"datePublished\":\"2021-02-09T13:58:39+00:00\",\"dateModified\":\"2021-02-17T12:02:07+00:00\",\"breadcrumb\":{\"@id\":\"https:\/\/www.cofamavins.com\/vinos\/dominios-del-dueno\/#breadcrumb\"},\"inLanguage\":\"es\",\"potentialAction\":[{\"@type\":\"ReadAction\",\"target\":[\"https:\/\/www.cofamavins.com\/vinos\/dominios-del-dueno\/\"]}]},{\"@type\":\"BreadcrumbList\",\"@id\":\"https:\/\/www.cofamavins.com\/vinos\/dominios-del-dueno\/#breadcrumb\",\"itemListElement\":[{\"@type\":\"ListItem\",\"position\":1,\"name\":\"Portada\",\"item\":\"https:\/\/www.cofamavins.com\/\"},{\"@type\":\"ListItem\",\"position\":2,\"name\":\"VINOS\",\"item\":\"https:\/\/www.cofamavins.com\/vinos\/\"},{\"@type\":\"ListItem\",\"position\":3,\"name\":\"Dominios del Due\u00f1o\"}]},{\"@type\":\"WebSite\",\"@id\":\"https:\/\/www.cofamavins.com\/#website\",\"url\":\"https:\/\/www.cofamavins.com\/\",\"name\":\"COFAMA\",\"description\":\"Vins i caves\",\"potentialAction\":[{\"@type\":\"SearchAction\",\"target\":{\"@type\":\"EntryPoint\",\"urlTemplate\":\"https:\/\/www.cofamavins.com\/?s={search_term_string}\"},\"query-input\":{\"@type\":\"PropertyValueSpecification\",\"valueRequired\":true,\"valueName\":\"search_term_string\"}}],\"inLanguage\":\"es\"}]}<\/script>\n<!-- \/ Yoast SEO plugin. -->","yoast_head_json":{"title":"Dominios del Due\u00f1o - COFAMA","robots":{"index":"index","follow":"follow","max-snippet":"max-snippet:-1","max-image-preview":"max-image-preview:large","max-video-preview":"max-video-preview:-1"},"canonical":"https:\/\/www.cofamavins.com\/vinos\/dominios-del-dueno\/","og_locale":"es_ES","og_type":"article","og_title":"Dominios del Due\u00f1o - COFAMA","og_url":"https:\/\/www.cofamavins.com\/vinos\/dominios-del-dueno\/","og_site_name":"COFAMA","article_modified_time":"2021-02-17T12:02:07+00:00","twitter_misc":{"Tiempo de lectura":"6 minutos"},"schema":{"@context":"https:\/\/schema.org","@graph":[{"@type":"WebPage","@id":"https:\/\/www.cofamavins.com\/vinos\/dominios-del-dueno\/","url":"https:\/\/www.cofamavins.com\/vinos\/dominios-del-dueno\/","name":"Dominios del Due\u00f1o - COFAMA","isPartOf":{"@id":"https:\/\/www.cofamavins.com\/#website"},"datePublished":"2021-02-09T13:58:39+00:00","dateModified":"2021-02-17T12:02:07+00:00","breadcrumb":{"@id":"https:\/\/www.cofamavins.com\/vinos\/dominios-del-dueno\/#breadcrumb"},"inLanguage":"es","potentialAction":[{"@type":"ReadAction","target":["https:\/\/www.cofamavins.com\/vinos\/dominios-del-dueno\/"]}]},{"@type":"BreadcrumbList","@id":"https:\/\/www.cofamavins.com\/vinos\/dominios-del-dueno\/#breadcrumb","itemListElement":[{"@type":"ListItem","position":1,"name":"Portada","item":"https:\/\/www.cofamavins.com\/"},{"@type":"ListItem","position":2,"name":"VINOS","item":"https:\/\/www.cofamavins.com\/vinos\/"},{"@type":"ListItem","position":3,"name":"Dominios del Due\u00f1o"}]},{"@type":"WebSite","@id":"https:\/\/www.cofamavins.com\/#website","url":"https:\/\/www.cofamavins.com\/","name":"COFAMA","description":"Vins i caves","potentialAction":[{"@type":"SearchAction","target":{"@type":"EntryPoint","urlTemplate":"https:\/\/www.cofamavins.com\/?s={search_term_string}"},"query-input":{"@type":"PropertyValueSpecification","valueRequired":true,"valueName":"search_term_string"}}],"inLanguage":"es"}]}},"_links":{"self":[{"href":"https:\/\/www.cofamavins.com\/es\/wp-json\/wp\/v2\/pages\/15435","targetHints":{"allow":["GET"]}}],"collection":[{"href":"https:\/\/www.cofamavins.com\/es\/wp-json\/wp\/v2\/pages"}],"about":[{"href":"https:\/\/www.cofamavins.com\/es\/wp-json\/wp\/v2\/types\/page"}],"author":[{"embeddable":true,"href":"https:\/\/www.cofamavins.com\/es\/wp-json\/wp\/v2\/users\/1"}],"replies":[{"embeddable":true,"href":"https:\/\/www.cofamavins.com\/es\/wp-json\/wp\/v2\/comments?post=15435"}],"version-history":[{"count":24,"href":"https:\/\/www.cofamavins.com\/es\/wp-json\/wp\/v2\/pages\/15435\/revisions"}],"predecessor-version":[{"id":15600,"href":"https:\/\/www.cofamavins.com\/es\/wp-json\/wp\/v2\/pages\/15435\/revisions\/15600"}],"up":[{"embeddable":true,"href":"https:\/\/www.cofamavins.com\/es\/wp-json\/wp\/v2\/pages\/13123"}],"wp:attachment":[{"href":"https:\/\/www.cofamavins.com\/es\/wp-json\/wp\/v2\/media?parent=15435"}],"curies":[{"name":"wp","href":"https:\/\/api.w.org\/{rel}","templated":true}]}}