{"id":15454,"date":"2021-02-09T16:25:27","date_gmt":"2021-02-09T15:25:27","guid":{"rendered":"https:\/\/www.cofamavins.com\/?page_id=15454"},"modified":"2021-02-17T14:13:24","modified_gmt":"2021-02-17T13:13:24","slug":"clos-de-costa","status":"publish","type":"page","link":"https:\/\/www.cofamavins.com\/es\/vinos\/clos-de-costa\/","title":{"rendered":"Clos de Costa"},"content":{"rendered":"<div class=\"wpb-content-wrapper\"><p>[vc_row row_type=\u00bbparallax\u00bb content_text_aligment=\u00bbcenter\u00bb parallax_background_image=\u00bb15464&#8243; css=\u00bb.vc_custom_1612952656956{background-position: center !important;background-repeat: no-repeat !important;background-size: cover !important;}\u00bb parallax_section_height=\u00bb700px\u00bb][vc_column width=\u00bb1\/2&#8243;][vc_empty_space height=\u00bb200px\u00bb]<div class=\"eltdf-section-title-holder\" >\n\t\t\t<h1 class=\"eltdf-st-title\" >\n\t\t\t<span>Clos de Costa<\/span>\n\t\t<\/h1>\n        \t\t\t\t<h4 class=\"eltdf-st-subtitle\" >\n\t\t<span>DO Catalunya<\/span>\n\t\t<\/h4>\n\t\t<\/div>[vc_empty_space height=\u00bb200px\u00bb][\/vc_column][vc_column width=\u00bb1\/2&#8243;][\/vc_column][\/vc_row][vc_row][vc_column][vc_empty_space height=\u00bb20px\u00bb][\/vc_column][\/vc_row][vc_row][vc_column offset=\u00bbvc_hidden-lg vc_hidden-md vc_hidden-sm\u00bb][vc_empty_space height=\u00bb600px\u00bb css=\u00bb.vc_custom_1612952939191{background-image: url(https:\/\/www.cofamavins.com\/wp-content\/uploads\/Clos-Costa-Cavernet.jpg?id=15455) !important;background-position: center !important;background-repeat: no-repeat !important;background-size: cover !important;}\u00bb][\/vc_column][\/vc_row][vc_row row_content_width=\u00bbgrid\u00bb content_text_aligment=\u00bbcenter\u00bb][vc_column width=\u00bb1\/2&#8243;][vc_empty_space height=\u00bb70px\u00bb]<div class=\"eltdf-section-title-holder\" >\n\t\t\t<h1 class=\"eltdf-st-title\" >\n\t\t\t<span>Clos de Costa<\/span>\n\t\t<\/h1>\n        \t\t\t\t<h4 class=\"eltdf-st-subtitle\" style=\"color: #6b2c3d\">\n\t\t<span>Tinto Cabernet Sauvignon<\/span>\n\t\t<\/h4>\n\t\t<\/div>[vc_empty_space height=\u00bb20px\u00bb][vc_column_text]<\/p>\n<div class=\"page\" style=\"text-align: center;\" title=\"Page 6\">\n<div class=\"section\">\n<div class=\"layoutArea\">\n<div class=\"column\">\n<div class=\"page\" title=\"Page 6\">\n<div class=\"section\">\n<div class=\"layoutArea\">\n<div class=\"column\">\n<p>&nbsp;<\/p>\n<p><b>D.O. <\/b><span style=\"font-weight: 400;\">| Catalunya<br \/>\n<\/span><b>CRIANZA<\/b><span style=\"font-weight: 400;\"> | Joven<br \/>\n<\/span><b>UVAS<\/b><span style=\"font-weight: 400;\"> | Cabernet Sauvignon<br \/>\n<\/span><b>ALCOHOL<\/b><span style=\"font-weight: 400;\"> | 13,5%<\/span><\/p>\n<p><b>Nota de cata<\/b><\/p>\n<p><span style=\"font-weight: 400;\">Vino de color rojo cereza con detalles caoba en su ribete, muy brillante y de capa media. En nariz es muy expresivo y agradable, con notas de fruta roja madura y notas vegetales muy caracter\u00edsticas del cabernet como los pimientos asados. En boca tiene mucho cuerpo, con notas marcadas de confituras, regaliz, ligeras notas especiadas y taninos muy redondos.<\/span><\/p>\n<p><b>Maridaje<\/b><\/p>\n<p><span style=\"font-weight: 400;\">Ideal para potenciar comidas con carnes rojas y blancas, asados, arroces sabrosos, pat\u00e9s, embutidos, tablas de queso.<\/span><\/p>\n<\/div>\n<\/div>\n<\/div>\n<\/div>\n<\/div>\n<\/div>\n<\/div>\n<\/div>\n<p>[\/vc_column_text][vc_empty_space height=\u00bb40px\u00bb]<a itemprop=\"url\" href=\"https:\/\/www.cofamavins.com\/wp-content\/uploads\/Costa-Cabernet.pdf\" target=\"_blank\" style=\"color: #808080;background-color: #ffffff;border-color: #808080\" class=\"eltdf-btn eltdf-btn-small eltdf-btn-solid eltdf-btn-custom-hover-bg eltdf-btn-custom-hover-color\" data-hover-color=\"#ffffff\" data-hover-bg-color=\"#808080\" >\n    <span class=\"eltdf-btn-text\">DESCARGAR FICHA<\/span>\n    <\/a>[\/vc_column][vc_column width=\u00bb1\/2&#8243; offset=\u00bbvc_hidden-xs\u00bb][vc_empty_space height=\u00bb50px\u00bb css=\u00bb.vc_custom_1612954509604{background-position: center !important;background-repeat: no-repeat !important;background-size: cover !important;}\u00bb][vc_empty_space height=\u00bb700px\u00bb css=\u00bb.vc_custom_1612883474289{background-image: url(https:\/\/www.cofamavins.com\/wp-content\/uploads\/Clos-Costa-Cavernet.jpg?id=15455) !important;background-position: center !important;background-repeat: no-repeat !important;background-size: cover !important;}\u00bb][\/vc_column][\/vc_row][vc_row][vc_column offset=\u00bbvc_hidden-lg vc_hidden-md vc_hidden-sm\u00bb][vc_empty_space height=\u00bb600px\u00bb css=\u00bb.vc_custom_1612953936396{background-image: url(https:\/\/www.cofamavins.com\/wp-content\/uploads\/Clos-Costa-Syrah.jpg?id=15462) !important;background-position: center !important;background-repeat: no-repeat !important;background-size: cover !important;}\u00bb][\/vc_column][\/vc_row][vc_row][vc_column][vc_empty_space height=\u00bb20px\u00bb][\/vc_column][\/vc_row][vc_row row_content_width=\u00bbgrid\u00bb content_text_aligment=\u00bbcenter\u00bb][vc_column width=\u00bb1\/2&#8243; offset=\u00bbvc_hidden-xs\u00bb][vc_empty_space height=\u00bb50px\u00bb css=\u00bb.vc_custom_1612954528770{background-position: center !important;background-repeat: no-repeat !important;background-size: cover !important;}\u00bb][vc_empty_space height=\u00bb700px\u00bb css=\u00bb.vc_custom_1612885361879{background-image: url(https:\/\/www.cofamavins.com\/wp-content\/uploads\/Clos-Costa-Syrah.jpg?id=15462) !important;background-position: center !important;background-repeat: no-repeat !important;background-size: cover !important;}\u00bb][\/vc_column][vc_column width=\u00bb1\/2&#8243;][vc_empty_space height=\u00bb70px\u00bb]<div class=\"eltdf-section-title-holder\" >\n\t\t\t<h1 class=\"eltdf-st-title\" >\n\t\t\t<span>Clos de Costa<\/span>\n\t\t<\/h1>\n        \t\t\t\t<h4 class=\"eltdf-st-subtitle\" style=\"color: #6b2c3d\">\n\t\t<span>Tinto Syrah<\/span>\n\t\t<\/h4>\n\t\t<\/div>[vc_empty_space height=\u00bb20px\u00bb][vc_column_text]<\/p>\n<div class=\"page\" style=\"text-align: center;\" title=\"Page 6\">\n<div class=\"section\">\n<div class=\"layoutArea\">\n<div class=\"column\">\n<div class=\"page\" title=\"Page 6\">\n<div class=\"section\">\n<div class=\"layoutArea\">\n<div class=\"column\">\n<p><strong>D.O.<\/strong> | Catalunya<br \/>\n<strong>CRIANZA<\/strong> | 4 meses en barrica<br \/>\n<strong>UVAS<\/strong> | Syrah<br \/>\n<strong>ALCOHOL<\/strong> | 12,5%<\/p>\n<p><strong>Nota de cata<\/strong><br \/>\nVino de atractivo color rojo violeta muy intenso con reflejos viol\u00e1ceos. En nariz denota frescura, podemos encontrar notas de frutas negras, confituras de frutos rojos y notas sutiles de hierbas arom\u00e1ticas mediterr\u00e1neas como la menta. Aterciopelado en boca, de buena estructura que le har\u00e1 evolucionar muy bien en botella. En boca se perciben notas bals\u00e1micas con toques sutiles de vainilla. Sus taninos est\u00e1n muy integrados y son pura delicia.<\/p>\n<p><strong>Maridaje<\/strong><br \/>\nEn el maridaje va muy bien con embutidos, arroces, pastas, legumbres, carnes blancas y rojas asadas o a la plancha y guisos no muy condimentados.<\/p>\n<\/div>\n<\/div>\n<\/div>\n<\/div>\n<\/div>\n<\/div>\n<\/div>\n<\/div>\n<p>[\/vc_column_text][vc_empty_space height=\u00bb40px\u00bb]<a itemprop=\"url\" href=\"https:\/\/www.cofamavins.com\/wp-content\/uploads\/Costa-Syrah.pdf\" target=\"_blank\" style=\"color: #808080;background-color: #ffffff;border-color: #808080\" class=\"eltdf-btn eltdf-btn-small eltdf-btn-solid eltdf-btn-custom-hover-bg eltdf-btn-custom-hover-color\" data-hover-color=\"#ffffff\" data-hover-bg-color=\"#808080\" >\n    <span class=\"eltdf-btn-text\">DESCARGAR FICHA<\/span>\n    <\/a>[\/vc_column][\/vc_row][vc_row][vc_column offset=\u00bbvc_hidden-lg vc_hidden-md vc_hidden-sm\u00bb][vc_empty_space height=\u00bb600px\u00bb css=\u00bb.vc_custom_1612954001722{background-image: url(https:\/\/www.cofamavins.com\/wp-content\/uploads\/Clos-Costa-Chadoney.jpg?id=15469) !important;background-position: center !important;background-repeat: no-repeat !important;background-size: cover !important;}\u00bb][\/vc_column][\/vc_row][vc_row][vc_column][vc_empty_space height=\u00bb20px\u00bb][\/vc_column][\/vc_row][vc_row row_content_width=\u00bbgrid\u00bb content_text_aligment=\u00bbcenter\u00bb][vc_column width=\u00bb1\/2&#8243;][vc_empty_space height=\u00bb70px\u00bb]<div class=\"eltdf-section-title-holder\" >\n\t\t\t<h1 class=\"eltdf-st-title\" >\n\t\t\t<span>Clos de Costa<\/span>\n\t\t<\/h1>\n        \t\t\t\t<h4 class=\"eltdf-st-subtitle\" style=\"color: #b7a36f\">\n\t\t<span>Blanco Chardonnay<\/span>\n\t\t<\/h4>\n\t\t<\/div>[vc_empty_space height=\u00bb20px\u00bb][vc_column_text]<\/p>\n<div class=\"page\" style=\"text-align: center;\" title=\"Page 6\">\n<div class=\"section\">\n<div class=\"layoutArea\">\n<div class=\"column\">\n<div class=\"page\" title=\"Page 6\">\n<div class=\"section\">\n<div class=\"layoutArea\">\n<div class=\"column\">\n<p><b>D.O.<\/b><span style=\"font-weight: 400;\"> | <\/span><span style=\"font-weight: 400;\">Catalunya<br \/>\n<\/span><b>CRIANZA<\/b><span style=\"font-weight: 400;\"> | Joven<br \/>\n<\/span><b>UVAS<\/b><span style=\"font-weight: 400;\"> | Chardonnay<br \/>\n<\/span><b>ALCOHOL<\/b><span style=\"font-weight: 400;\"> | 12,5%<\/span><\/p>\n<p><b>Nota de cata<br \/>\n<\/b><span style=\"font-weight: 400;\">Vino de color amarillo pajizo, muy luminoso con reflejos brillantes. En nariz es pura fruta con notas muy vivas de pi\u00f1a y pera madura y ligeros recuerdos de fruta c\u00edtrica. En boca tiene gran estructura y personalidad donde se refuerzan sus notas t\u00edpicas del chardonnay, su car\u00e1cter mediterr\u00e1neo lo hace muy apetecible y le aporta una ligera acidez que lo hace muy refrescante y profundo a la vez.<\/span><\/p>\n<p><b>Maridaje<br \/>\n<\/b><span style=\"font-weight: 400;\">Perfecto para aperitivos frescos, platos t\u00edpicos de la zona mediterr\u00e1nea. Tambi\u00e9n combina muy bien con carnes blancas, pescados frescos y ahumados y platos untuosos con salsas blancas.<\/span><\/p>\n<\/div>\n<\/div>\n<\/div>\n<\/div>\n<\/div>\n<\/div>\n<\/div>\n<\/div>\n<p>[\/vc_column_text][vc_empty_space height=\u00bb40px\u00bb]<a itemprop=\"url\" href=\"https:\/\/www.cofamavins.com\/wp-content\/uploads\/Costa.pdf\" target=\"_blank\" style=\"color: #808080;background-color: #ffffff;border-color: #808080\" class=\"eltdf-btn eltdf-btn-small eltdf-btn-solid eltdf-btn-custom-hover-bg eltdf-btn-custom-hover-color\" data-hover-color=\"#ffffff\" data-hover-bg-color=\"#808080\" >\n    <span class=\"eltdf-btn-text\">DESCARGAR FICHA<\/span>\n    <\/a>[\/vc_column][vc_column width=\u00bb1\/2&#8243; offset=\u00bbvc_hidden-xs\u00bb][vc_empty_space height=\u00bb50px\u00bb css=\u00bb.vc_custom_1612954550223{background-position: center !important;background-repeat: no-repeat !important;background-size: cover !important;}\u00bb][vc_empty_space height=\u00bb700px\u00bb css=\u00bb.vc_custom_1612954148653{background-image: url(https:\/\/www.cofamavins.com\/wp-content\/uploads\/Clos-Costa-Chadoney.jpg?id=15469) !important;background-position: center !important;background-repeat: no-repeat !important;background-size: cover !important;}\u00bb][\/vc_column][\/vc_row][vc_row][vc_column offset=\u00bbvc_hidden-lg vc_hidden-md vc_hidden-sm\u00bb][vc_empty_space height=\u00bb600px\u00bb css=\u00bb.vc_custom_1612954172824{background-position: center !important;background-repeat: no-repeat !important;background-size: cover !important;}\u00bb][\/vc_column][\/vc_row][vc_row][vc_column][vc_empty_space height=\u00bb20px\u00bb][\/vc_column][\/vc_row][vc_row row_content_width=\u00bbgrid\u00bb content_text_aligment=\u00bbcenter\u00bb][vc_column width=\u00bb1\/2&#8243; offset=\u00bbvc_hidden-xs\u00bb][vc_empty_space height=\u00bb50px\u00bb css=\u00bb.vc_custom_1612954574272{background-position: center !important;background-repeat: no-repeat !important;background-size: cover !important;}\u00bb][vc_empty_space height=\u00bb700px\u00bb css=\u00bb.vc_custom_1612954198443{background-image: url(https:\/\/www.cofamavins.com\/wp-content\/uploads\/Clos-Costa-Muscat.jpg?id=15470) !important;background-position: center !important;background-repeat: no-repeat !important;background-size: cover !important;}\u00bb][\/vc_column][vc_column width=\u00bb1\/2&#8243;][vc_empty_space height=\u00bb70px\u00bb]<div class=\"eltdf-section-title-holder\" >\n\t\t\t<h1 class=\"eltdf-st-title\" >\n\t\t\t<span>Clos de Costa<\/span>\n\t\t<\/h1>\n        \t\t\t\t<h4 class=\"eltdf-st-subtitle\" style=\"color: #b7a36f\">\n\t\t<span>Blanco Muscat<\/span>\n\t\t<\/h4>\n\t\t<\/div>[vc_empty_space height=\u00bb20px\u00bb][vc_column_text]<\/p>\n<div class=\"page\" style=\"text-align: center;\" title=\"Page 6\">\n<div class=\"section\">\n<div class=\"layoutArea\">\n<div class=\"column\">\n<div class=\"page\" title=\"Page 6\">\n<div class=\"section\">\n<div class=\"layoutArea\">\n<div class=\"column\">\n<p><b>D.O.<\/b><span style=\"font-weight: 400;\"> | <\/span><span style=\"font-weight: 400;\">Catalunya<br \/>\n<\/span><b>CRIANZA<\/b><span style=\"font-weight: 400;\"> | Joven<br \/>\n<\/span><b>UVAS<\/b> | Muscat<br \/>\n<b>ALCOHOL<\/b><span style=\"font-weight: 400;\"> | 12,5%<\/span><\/p>\n<p><b>Nota de cata<br \/>\n<\/b><span style=\"font-weight: 400;\">Vino de color amarillo brillante con ligeros reflejos esmeraldas, visualmente es muy elegante y luminoso. Alta intensidad arom\u00e1tica, con notas muy marcadas de melocot\u00f3n amarillo maduro y flores blancas como las del naranjo. En boca tiene una entrada golosa y suave, es fresco y equilibrado. Su fruta madura lo hace ligeramente untuoso, le aporta complejidad, profundidad y lo hace ser un vino de largo recorrido.\u00a0<\/span><\/p>\n<p><b>Maridaje<br \/>\n<\/b><span style=\"font-weight: 400;\">Su elegancia va perfecta con frutas rojas, mariscos, platos de pescados eleborados, suquets, diferentes quesos azules, y tambi\u00e9n postres cremosos.<\/span><\/p>\n<\/div>\n<\/div>\n<\/div>\n<\/div>\n<\/div>\n<\/div>\n<\/div>\n<\/div>\n<p>[\/vc_column_text][vc_empty_space height=\u00bb40px\u00bb]<a itemprop=\"url\" href=\"https:\/\/www.cofamavins.com\/wp-content\/uploads\/Costa-Muscat.pdf\" target=\"_blank\" style=\"color: #808080;background-color: #ffffff;border-color: #808080\" class=\"eltdf-btn eltdf-btn-small eltdf-btn-solid eltdf-btn-custom-hover-bg eltdf-btn-custom-hover-color\" data-hover-color=\"#ffffff\" data-hover-bg-color=\"#808080\" >\n    <span class=\"eltdf-btn-text\">DESCARGAR FICHA<\/span>\n    <\/a>[\/vc_column][\/vc_row]<\/p>\n<\/div>","protected":false},"excerpt":{"rendered":"<p>[vc_row row_type=\u00bbparallax\u00bb content_text_aligment=\u00bbcenter\u00bb parallax_background_image=\u00bb15464&#8243; css=\u00bb.vc_custom_1612952656956{background-position: center !important;background-repeat: no-repeat !important;background-size: cover !important;}\u00bb parallax_section_height=\u00bb700px\u00bb][vc_column width=\u00bb1\/2&#8243;][vc_empty_space height=\u00bb200px\u00bb][vc_empty_space height=\u00bb200px\u00bb][\/vc_column][vc_column width=\u00bb1\/2&#8243;][\/vc_column][\/vc_row][vc_row][vc_column][vc_empty_space height=\u00bb20px\u00bb][\/vc_column][\/vc_row][vc_row][vc_column offset=\u00bbvc_hidden-lg vc_hidden-md vc_hidden-sm\u00bb][vc_empty_space height=\u00bb600px\u00bb css=\u00bb.vc_custom_1612952939191{background-image: url(https:\/\/www.cofamavins.com\/wp-content\/uploads\/Clos-Costa-Cavernet.jpg?id=15455) !important;background-position: center !important;background-repeat: no-repeat !important;background-size: cover !important;}\u00bb][\/vc_column][\/vc_row][vc_row row_content_width=\u00bbgrid\u00bb content_text_aligment=\u00bbcenter\u00bb][vc_column width=\u00bb1\/2&#8243;][vc_empty_space height=\u00bb70px\u00bb][vc_empty_space height=\u00bb20px\u00bb][vc_column_text] &nbsp; D.O. | Catalunya CRIANZA | Joven UVAS | Cabernet [&hellip;]<\/p>\n","protected":false},"author":1,"featured_media":0,"parent":13123,"menu_order":0,"comment_status":"closed","ping_status":"closed","template":"full-width.php","meta":{"footnotes":""},"class_list":["post-15454","page","type-page","status-publish","hentry"],"translation":{"provider":"WPGlobus","version":"3.0.0","language":"es","enabled_languages":["en","es"],"languages":{"en":{"title":true,"content":true,"excerpt":false},"es":{"title":true,"content":true,"excerpt":false}}},"yoast_head":"<!-- This site is optimized with the Yoast SEO plugin v25.5 - https:\/\/yoast.com\/wordpress\/plugins\/seo\/ -->\n<title>Clos de Costa - COFAMA<\/title>\n<meta name=\"robots\" content=\"index, follow, max-snippet:-1, max-image-preview:large, max-video-preview:-1\" \/>\n<link rel=\"canonical\" href=\"https:\/\/www.cofamavins.com\/vinos\/clos-de-costa\/\" \/>\n<meta property=\"og:locale\" content=\"es_ES\" \/>\n<meta property=\"og:type\" content=\"article\" \/>\n<meta property=\"og:title\" content=\"Clos de Costa - COFAMA\" \/>\n<meta property=\"og:url\" content=\"https:\/\/www.cofamavins.com\/vinos\/clos-de-costa\/\" \/>\n<meta property=\"og:site_name\" content=\"COFAMA\" \/>\n<meta property=\"article:modified_time\" content=\"2021-02-17T13:13:24+00:00\" \/>\n<meta name=\"twitter:label1\" content=\"Tiempo de lectura\" \/>\n\t<meta name=\"twitter:data1\" content=\"13 minutos\" \/>\n<script type=\"application\/ld+json\" class=\"yoast-schema-graph\">{\"@context\":\"https:\/\/schema.org\",\"@graph\":[{\"@type\":\"WebPage\",\"@id\":\"https:\/\/www.cofamavins.com\/vinos\/clos-de-costa\/\",\"url\":\"https:\/\/www.cofamavins.com\/vinos\/clos-de-costa\/\",\"name\":\"Clos de Costa - COFAMA\",\"isPartOf\":{\"@id\":\"https:\/\/www.cofamavins.com\/#website\"},\"datePublished\":\"2021-02-09T15:25:27+00:00\",\"dateModified\":\"2021-02-17T13:13:24+00:00\",\"breadcrumb\":{\"@id\":\"https:\/\/www.cofamavins.com\/vinos\/clos-de-costa\/#breadcrumb\"},\"inLanguage\":\"es\",\"potentialAction\":[{\"@type\":\"ReadAction\",\"target\":[\"https:\/\/www.cofamavins.com\/vinos\/clos-de-costa\/\"]}]},{\"@type\":\"BreadcrumbList\",\"@id\":\"https:\/\/www.cofamavins.com\/vinos\/clos-de-costa\/#breadcrumb\",\"itemListElement\":[{\"@type\":\"ListItem\",\"position\":1,\"name\":\"Portada\",\"item\":\"https:\/\/www.cofamavins.com\/\"},{\"@type\":\"ListItem\",\"position\":2,\"name\":\"VINOS\",\"item\":\"https:\/\/www.cofamavins.com\/vinos\/\"},{\"@type\":\"ListItem\",\"position\":3,\"name\":\"Clos de Costa\"}]},{\"@type\":\"WebSite\",\"@id\":\"https:\/\/www.cofamavins.com\/#website\",\"url\":\"https:\/\/www.cofamavins.com\/\",\"name\":\"COFAMA\",\"description\":\"Vins i caves\",\"potentialAction\":[{\"@type\":\"SearchAction\",\"target\":{\"@type\":\"EntryPoint\",\"urlTemplate\":\"https:\/\/www.cofamavins.com\/?s={search_term_string}\"},\"query-input\":{\"@type\":\"PropertyValueSpecification\",\"valueRequired\":true,\"valueName\":\"search_term_string\"}}],\"inLanguage\":\"es\"}]}<\/script>\n<!-- \/ Yoast SEO plugin. -->","yoast_head_json":{"title":"Clos de Costa - COFAMA","robots":{"index":"index","follow":"follow","max-snippet":"max-snippet:-1","max-image-preview":"max-image-preview:large","max-video-preview":"max-video-preview:-1"},"canonical":"https:\/\/www.cofamavins.com\/vinos\/clos-de-costa\/","og_locale":"es_ES","og_type":"article","og_title":"Clos de Costa - COFAMA","og_url":"https:\/\/www.cofamavins.com\/vinos\/clos-de-costa\/","og_site_name":"COFAMA","article_modified_time":"2021-02-17T13:13:24+00:00","twitter_misc":{"Tiempo de lectura":"13 minutos"},"schema":{"@context":"https:\/\/schema.org","@graph":[{"@type":"WebPage","@id":"https:\/\/www.cofamavins.com\/vinos\/clos-de-costa\/","url":"https:\/\/www.cofamavins.com\/vinos\/clos-de-costa\/","name":"Clos de Costa - COFAMA","isPartOf":{"@id":"https:\/\/www.cofamavins.com\/#website"},"datePublished":"2021-02-09T15:25:27+00:00","dateModified":"2021-02-17T13:13:24+00:00","breadcrumb":{"@id":"https:\/\/www.cofamavins.com\/vinos\/clos-de-costa\/#breadcrumb"},"inLanguage":"es","potentialAction":[{"@type":"ReadAction","target":["https:\/\/www.cofamavins.com\/vinos\/clos-de-costa\/"]}]},{"@type":"BreadcrumbList","@id":"https:\/\/www.cofamavins.com\/vinos\/clos-de-costa\/#breadcrumb","itemListElement":[{"@type":"ListItem","position":1,"name":"Portada","item":"https:\/\/www.cofamavins.com\/"},{"@type":"ListItem","position":2,"name":"VINOS","item":"https:\/\/www.cofamavins.com\/vinos\/"},{"@type":"ListItem","position":3,"name":"Clos de Costa"}]},{"@type":"WebSite","@id":"https:\/\/www.cofamavins.com\/#website","url":"https:\/\/www.cofamavins.com\/","name":"COFAMA","description":"Vins i caves","potentialAction":[{"@type":"SearchAction","target":{"@type":"EntryPoint","urlTemplate":"https:\/\/www.cofamavins.com\/?s={search_term_string}"},"query-input":{"@type":"PropertyValueSpecification","valueRequired":true,"valueName":"search_term_string"}}],"inLanguage":"es"}]}},"_links":{"self":[{"href":"https:\/\/www.cofamavins.com\/es\/wp-json\/wp\/v2\/pages\/15454","targetHints":{"allow":["GET"]}}],"collection":[{"href":"https:\/\/www.cofamavins.com\/es\/wp-json\/wp\/v2\/pages"}],"about":[{"href":"https:\/\/www.cofamavins.com\/es\/wp-json\/wp\/v2\/types\/page"}],"author":[{"embeddable":true,"href":"https:\/\/www.cofamavins.com\/es\/wp-json\/wp\/v2\/users\/1"}],"replies":[{"embeddable":true,"href":"https:\/\/www.cofamavins.com\/es\/wp-json\/wp\/v2\/comments?post=15454"}],"version-history":[{"count":28,"href":"https:\/\/www.cofamavins.com\/es\/wp-json\/wp\/v2\/pages\/15454\/revisions"}],"predecessor-version":[{"id":15603,"href":"https:\/\/www.cofamavins.com\/es\/wp-json\/wp\/v2\/pages\/15454\/revisions\/15603"}],"up":[{"embeddable":true,"href":"https:\/\/www.cofamavins.com\/es\/wp-json\/wp\/v2\/pages\/13123"}],"wp:attachment":[{"href":"https:\/\/www.cofamavins.com\/es\/wp-json\/wp\/v2\/media?parent=15454"}],"curies":[{"name":"wp","href":"https:\/\/api.w.org\/{rel}","templated":true}]}}