{"id":15697,"date":"2021-06-21T19:01:31","date_gmt":"2021-06-21T17:01:31","guid":{"rendered":"https:\/\/www.cofamavins.com\/?page_id=15697"},"modified":"2023-05-02T09:54:31","modified_gmt":"2023-05-02T07:54:31","slug":"plantaranas","status":"publish","type":"page","link":"https:\/\/www.cofamavins.com\/es\/vinos\/plantaranas\/","title":{"rendered":"Plantaranas"},"content":{"rendered":"<div class=\"wpb-content-wrapper\"><p>[vc_row row_type=\u00bbparallax\u00bb content_text_aligment=\u00bbcenter\u00bb css=\u00bb.vc_custom_1683012111359{background-position: center !important;background-repeat: no-repeat !important;background-size: cover !important;}\u00bb parallax_background_image=\u00bb15965&#8243; parallax_section_height=\u00bb700px\u00bb][vc_column][vc_empty_space height=\u00bb200px\u00bb][vc_row_inner][vc_column_inner width=\u00bb1\/2&#8243;]<div class=\"eltdf-section-title-holder\" >\n\t\t\t<h1 class=\"eltdf-st-title\" >\n\t\t\t<span>Plantaranas<\/span>\n\t\t<\/h1>\n        \t\t\t\t<h4 class=\"eltdf-st-subtitle\" >\n\t\t<span>V.D.T. Tierra de Castilla<\/span>\n\t\t<\/h4>\n\t\t<\/div>[\/vc_column_inner][vc_column_inner width=\u00bb1\/2&#8243;][\/vc_column_inner][\/vc_row_inner][vc_empty_space height=\u00bb200px\u00bb][\/vc_column][vc_column][\/vc_column][\/vc_row][vc_row][vc_column][vc_empty_space height=\u00bb20px\u00bb][\/vc_column][\/vc_row][vc_row][vc_column offset=\u00bbvc_hidden-lg vc_hidden-md vc_hidden-sm\u00bb][vc_empty_space height=\u00bb600px\u00bb css=\u00bb.vc_custom_1624294376992{background-image: url(https:\/\/www.cofamavins.com\/wp-content\/uploads\/Plantaranas-tinto.png?id=15701) !important;background-position: center !important;background-repeat: no-repeat !important;background-size: cover !important;}\u00bb][\/vc_column][\/vc_row][vc_row row_content_width=\u00bbgrid\u00bb content_text_aligment=\u00bbcenter\u00bb][vc_column width=\u00bb1\/2&#8243;][vc_empty_space height=\u00bb70px\u00bb]<div class=\"eltdf-section-title-holder\" >\n\t\t\t<h1 class=\"eltdf-st-title\" >\n\t\t\t<span>Plantaranas<\/span>\n\t\t<\/h1>\n        \t\t\t\t<h4 class=\"eltdf-st-subtitle\" style=\"color: #6b2c3d\">\n\t\t<span>Tinto org\u00e1nico<\/span>\n\t\t<\/h4>\n\t\t<\/div>[vc_empty_space height=\u00bb20px\u00bb][vc_column_text]<\/p>\n<p class=\"_04xlpA direction-ltr align-center para-style-body\" style=\"text-align: center;\"><span class=\"JsGRdQ\"><strong>D.O.<\/strong> | VDT Tierra de Castilla<br \/>\n<\/span><strong><span class=\"JsGRdQ\">UVA<\/span><\/strong><span class=\"JsGRdQ\"> | 100% Tempranillo<br \/>\n<\/span><strong><span class=\"JsGRdQ\">CRIANZA<\/span><\/strong><span class=\"JsGRdQ\"> | Joven<br \/>\n<\/span><span class=\"JsGRdQ\"><strong>ALCOHOL<\/strong> | 13%<\/span><\/p>\n<p class=\"_04xlpA direction-ltr align-center para-style-body\" style=\"text-align: center;\"><strong><span class=\"JsGRdQ\">Nota de cata<\/span><\/strong><\/p>\n<p class=\"_04xlpA direction-ltr align-center para-style-body\" style=\"text-align: center;\"><span class=\"JsGRdQ\">Vino tinto de color rojo picota intenso. Destacan los aromas de fruta madura y frutos silvestres. En ocasiones acompa\u00f1ado de un aroma de car\u00e1cter herb\u00e1ceo. En boca es muy estructurado, amplio y potente.<\/span><\/p>\n<p class=\"_04xlpA direction-ltr align-center para-style-body\" style=\"text-align: center;\"><strong><span class=\"JsGRdQ\">Maridaje<\/span><\/strong><\/p>\n<p class=\"_04xlpA direction-ltr align-center para-style-body\" style=\"text-align: center;\"><span class=\"JsGRdQ\">Recomendado con asados, todo tipo de carnes, quesos y tapas.<\/span><\/p>\n<p>[\/vc_column_text][vc_empty_space height=\u00bb40px\u00bb]<a itemprop=\"url\" href=\"https:\/\/www.cofamavins.com\/wp-content\/uploads\/Plantaranas-tinto.pdf\" target=\"_blank\" style=\"color: #808080;background-color: #ffffff;border-color: #808080\" class=\"eltdf-btn eltdf-btn-small eltdf-btn-solid eltdf-btn-custom-hover-bg eltdf-btn-custom-border-hover eltdf-btn-custom-hover-color\" data-hover-color=\"#ffffff\" data-hover-bg-color=\"#808080\" data-hover-border-color=\"#808080\" >\n    <span class=\"eltdf-btn-text\">DESCARGAR PDF<\/span>\n    <\/a>[\/vc_column][vc_column width=\u00bb1\/2&#8243; offset=\u00bbvc_hidden-xs\u00bb][vc_empty_space height=\u00bb700px\u00bb css=\u00bb.vc_custom_1683014027897{background-image: url(https:\/\/www.cofamavins.com\/wp-content\/uploads\/plantaranas-tinto.jpg?id=15969) !important;background-position: center !important;background-repeat: no-repeat !important;background-size: contain !important;}\u00bb][\/vc_column][\/vc_row][vc_row][vc_column][vc_empty_space height=\u00bb50px\u00bb][\/vc_column][\/vc_row][vc_row][vc_column offset=\u00bbvc_hidden-lg vc_hidden-md vc_hidden-sm\u00bb][vc_empty_space height=\u00bb600px\u00bb css=\u00bb.vc_custom_1624294401354{background-image: url(https:\/\/www.cofamavins.com\/wp-content\/uploads\/Plantaranas-blanc.png?id=15699) !important;background-position: center !important;background-repeat: no-repeat !important;background-size: cover !important;}\u00bb][\/vc_column][\/vc_row][vc_row row_content_width=\u00bbgrid\u00bb content_text_aligment=\u00bbcenter\u00bb][vc_column width=\u00bb1\/2&#8243; offset=\u00bbvc_hidden-xs\u00bb][vc_empty_space height=\u00bb700px\u00bb css=\u00bb.vc_custom_1683014041697{background-image: url(https:\/\/www.cofamavins.com\/wp-content\/uploads\/plantaranas-blanco.jpg?id=15970) !important;background-position: center !important;background-repeat: no-repeat !important;background-size: contain !important;}\u00bb][\/vc_column][vc_column width=\u00bb1\/2&#8243;][vc_empty_space height=\u00bb70px\u00bb]<div class=\"eltdf-section-title-holder\" >\n\t\t\t<h1 class=\"eltdf-st-title\" >\n\t\t\t<span>Plantaranas<\/span>\n\t\t<\/h1>\n        \t\t\t\t<h4 class=\"eltdf-st-subtitle\" style=\"color: #b7a36f\">\n\t\t<span>Blanco org\u00e1nico<\/span>\n\t\t<\/h4>\n\t\t<\/div>[vc_empty_space height=\u00bb20px\u00bb][vc_column_text]<\/p>\n<div class=\"page\" title=\"Page 1\">\n<div class=\"section\">\n<div class=\"layoutArea\">\n<div class=\"column\">\n<p class=\"_04xlpA direction-ltr align-center para-style-body\" style=\"text-align: center;\"><span class=\"JsGRdQ\"><strong>D.O.<\/strong> | VDT Tierra de Castilla<br \/>\n<\/span><span class=\"JsGRdQ\"><strong>UVAS<\/strong> | 60% Macabeo, 40% Sauvignon<br \/>\n<\/span><span class=\"JsGRdQ\"><strong>CRIANZA<\/strong> | Joven<br \/>\n<\/span><span class=\"JsGRdQ\"><strong>ALCOHOL<\/strong> | 13%<\/span><\/p>\n<p class=\"_04xlpA direction-ltr align-center para-style-body\" style=\"text-align: center;\"><strong><span class=\"JsGRdQ\">Nota de cata<\/span><\/strong><\/p>\n<p class=\"_04xlpA direction-ltr align-center para-style-body\" style=\"text-align: center;\"><span class=\"JsGRdQ\">Amarillo pajizo muy p\u00e1lido, con leves reflejos verdosos. Notas de fruta tropical (fruta de la pasi\u00f3n, pomelo, pl\u00e1tano) y suaves notas a fruta madura. En boca es fesco y equilibrado con final largo, persistente y sorprendentemente arom\u00e1tico.<\/span><\/p>\n<p class=\"_04xlpA direction-ltr align-center para-style-body\" style=\"text-align: center;\"><strong><span class=\"JsGRdQ\">Maridaje<\/span><\/strong><\/p>\n<p class=\"_04xlpA direction-ltr align-center para-style-body\" style=\"text-align: center;\"><span class=\"JsGRdQ\">Ideal para arroces, pasta, quesos suaves, pescado azul y carnes blancas.<\/span><\/p>\n<\/div>\n<\/div>\n<\/div>\n<\/div>\n<p>[\/vc_column_text][vc_empty_space height=\u00bb40px\u00bb]<a itemprop=\"url\" href=\"https:\/\/www.cofamavins.com\/wp-content\/uploads\/Plantaranas-blanco.pdf\" target=\"_blank\" style=\"color: #808080;background-color: #ffffff;border-color: #808080\" class=\"eltdf-btn eltdf-btn-small eltdf-btn-solid eltdf-btn-custom-hover-bg eltdf-btn-custom-border-hover eltdf-btn-custom-hover-color\" data-hover-color=\"#ffffff\" data-hover-bg-color=\"#808080\" data-hover-border-color=\"#808080\" >\n    <span class=\"eltdf-btn-text\">DESCARGAR PDF<\/span>\n    <\/a>[\/vc_column][\/vc_row][vc_row][vc_column][vc_empty_space height=\u00bb50px\u00bb][\/vc_column][\/vc_row][vc_row][vc_column offset=\u00bbvc_hidden-lg vc_hidden-md vc_hidden-sm\u00bb][vc_empty_space height=\u00bb600px\u00bb css=\u00bb.vc_custom_1624294593587{background-image: url(https:\/\/www.cofamavins.com\/wp-content\/uploads\/Plantaranas-rosado.png?id=15700) !important;background-position: center !important;background-repeat: no-repeat !important;background-size: cover !important;}\u00bb][\/vc_column][\/vc_row][vc_row row_content_width=\u00bbgrid\u00bb content_text_aligment=\u00bbcenter\u00bb][vc_column width=\u00bb1\/2&#8243;][vc_empty_space height=\u00bb70px\u00bb]<div class=\"eltdf-section-title-holder\" >\n\t\t\t<h1 class=\"eltdf-st-title\" >\n\t\t\t<span>Plantaranas<\/span>\n\t\t<\/h1>\n        \t\t\t\t<h4 class=\"eltdf-st-subtitle\" style=\"color: #dd9090\">\n\t\t<span>Rosado org\u00e1nico<\/span>\n\t\t<\/h4>\n\t\t<\/div>[vc_empty_space height=\u00bb20px\u00bb][vc_column_text]<\/p>\n<div class=\"wpb_text_column wpb_content_element \" style=\"text-align: center;\">\n<div class=\"wpb_wrapper\">\n<div class=\"page\" title=\"Page 1\">\n<div class=\"section\">\n<div class=\"layoutArea\">\n<div class=\"column\">\n<p class=\"_04xlpA direction-ltr align-center para-style-body\"><span class=\"JsGRdQ\"><strong>D.O.<\/strong> | VDT Tierra de Castilla<br \/>\n<\/span><span class=\"JsGRdQ\"><strong>UVAS<\/strong> | 100% Bobal<br \/>\n<\/span><span class=\"JsGRdQ\"><strong>CRIANZA<\/strong> | Joven<br \/>\n<\/span><span class=\"JsGRdQ\"><strong>ALCOHOL<\/strong> | 13%<\/span><\/p>\n<p class=\"_04xlpA direction-ltr align-center para-style-body\"><strong><span class=\"JsGRdQ\">Nota de cata<\/span><\/strong><\/p>\n<p class=\"_04xlpA direction-ltr align-center para-style-body\"><span class=\"JsGRdQ\">Color rosado p\u00e1lido asalmonado, con leves reflejos violetas. En nariz es intenso con abundantes toques de fruta roja (grosellas, cerezas y fresas) y sutil recuerdo de p\u00e9talos de rosa. Bien estructurado en boca, sabroso, fesco y equilibrado. Postgusto largo y agradable.<\/span><\/p>\n<p class=\"_04xlpA direction-ltr align-center para-style-body\"><strong><span class=\"JsGRdQ\">Maridaje<\/span><\/strong><\/p>\n<p class=\"_04xlpA direction-ltr align-center para-style-body\"><span class=\"JsGRdQ\">Perfecto para aperitivos y platos fr\u00edos, ensaladas, verduras, carnes blancas y arroces.<\/span><\/p>\n<\/div>\n<\/div>\n<\/div>\n<\/div>\n<\/div>\n<\/div>\n<p>[\/vc_column_text][vc_empty_space height=\u00bb40px\u00bb]<a itemprop=\"url\" href=\"https:\/\/www.cofamavins.com\/wp-content\/uploads\/Plantaranas-rosado.pdf\" target=\"_blank\" style=\"color: #808080;background-color: #ffffff;border-color: #808080\" class=\"eltdf-btn eltdf-btn-small eltdf-btn-solid eltdf-btn-custom-hover-bg eltdf-btn-custom-border-hover eltdf-btn-custom-hover-color\" data-hover-color=\"#ffffff\" data-hover-bg-color=\"#808080\" data-hover-border-color=\"#808080\" >\n    <span class=\"eltdf-btn-text\">DESCARGAR PDF<\/span>\n    <\/a>[\/vc_column][vc_column width=\u00bb1\/2&#8243; offset=\u00bbvc_hidden-xs\u00bb][vc_empty_space height=\u00bb700px\u00bb css=\u00bb.vc_custom_1683014064087{background-image: url(https:\/\/www.cofamavins.com\/wp-content\/uploads\/plantaranas-rose.jpg?id=15971) !important;background-position: center !important;background-repeat: no-repeat !important;background-size: contain !important;}\u00bb][\/vc_column][\/vc_row][vc_row][vc_column][vc_empty_space height=\u00bb20px\u00bb][\/vc_column][\/vc_row]<\/p>\n<\/div>","protected":false},"excerpt":{"rendered":"<p>[vc_row row_type=\u00bbparallax\u00bb content_text_aligment=\u00bbcenter\u00bb css=\u00bb.vc_custom_1683012111359{background-position: center !important;background-repeat: no-repeat !important;background-size: cover !important;}\u00bb parallax_background_image=\u00bb15965&#8243; parallax_section_height=\u00bb700px\u00bb][vc_column][vc_empty_space height=\u00bb200px\u00bb][vc_row_inner][vc_column_inner width=\u00bb1\/2&#8243;][\/vc_column_inner][vc_column_inner width=\u00bb1\/2&#8243;][\/vc_column_inner][\/vc_row_inner][vc_empty_space height=\u00bb200px\u00bb][\/vc_column][vc_column][\/vc_column][\/vc_row][vc_row][vc_column][vc_empty_space height=\u00bb20px\u00bb][\/vc_column][\/vc_row][vc_row][vc_column offset=\u00bbvc_hidden-lg vc_hidden-md vc_hidden-sm\u00bb][vc_empty_space height=\u00bb600px\u00bb css=\u00bb.vc_custom_1624294376992{background-image: url(https:\/\/www.cofamavins.com\/wp-content\/uploads\/Plantaranas-tinto.png?id=15701) !important;background-position: center !important;background-repeat: no-repeat !important;background-size: cover !important;}\u00bb][\/vc_column][\/vc_row][vc_row row_content_width=\u00bbgrid\u00bb content_text_aligment=\u00bbcenter\u00bb][vc_column width=\u00bb1\/2&#8243;][vc_empty_space height=\u00bb70px\u00bb][vc_empty_space height=\u00bb20px\u00bb][vc_column_text] D.O. | VDT Tierra de Castilla UVA | 100% Tempranillo [&hellip;]<\/p>\n","protected":false},"author":1,"featured_media":0,"parent":13123,"menu_order":0,"comment_status":"closed","ping_status":"closed","template":"full-width.php","meta":{"footnotes":""},"class_list":["post-15697","page","type-page","status-publish","hentry"],"translation":{"provider":"WPGlobus","version":"3.0.0","language":"es","enabled_languages":["en","es"],"languages":{"en":{"title":true,"content":true,"excerpt":false},"es":{"title":false,"content":true,"excerpt":false}}},"yoast_head":"<!-- This site is optimized with the Yoast SEO plugin v25.5 - https:\/\/yoast.com\/wordpress\/plugins\/seo\/ -->\n<title>Plantaranas - COFAMA<\/title>\n<meta name=\"robots\" content=\"index, follow, max-snippet:-1, max-image-preview:large, max-video-preview:-1\" \/>\n<link rel=\"canonical\" href=\"https:\/\/www.cofamavins.com\/vinos\/plantaranas\/\" \/>\n<meta property=\"og:locale\" content=\"es_ES\" \/>\n<meta property=\"og:type\" content=\"article\" \/>\n<meta property=\"og:title\" content=\"Plantaranas - COFAMA\" \/>\n<meta property=\"og:url\" content=\"https:\/\/www.cofamavins.com\/vinos\/plantaranas\/\" \/>\n<meta property=\"og:site_name\" content=\"COFAMA\" \/>\n<meta property=\"article:modified_time\" content=\"2023-05-02T07:54:31+00:00\" \/>\n<meta name=\"twitter:label1\" content=\"Tiempo de lectura\" \/>\n\t<meta name=\"twitter:data1\" content=\"2 minutos\" \/>\n<script type=\"application\/ld+json\" class=\"yoast-schema-graph\">{\"@context\":\"https:\/\/schema.org\",\"@graph\":[{\"@type\":\"WebPage\",\"@id\":\"https:\/\/www.cofamavins.com\/vinos\/plantaranas\/\",\"url\":\"https:\/\/www.cofamavins.com\/vinos\/plantaranas\/\",\"name\":\"Plantaranas - COFAMA\",\"isPartOf\":{\"@id\":\"https:\/\/www.cofamavins.com\/#website\"},\"datePublished\":\"2021-06-21T17:01:31+00:00\",\"dateModified\":\"2023-05-02T07:54:31+00:00\",\"breadcrumb\":{\"@id\":\"https:\/\/www.cofamavins.com\/vinos\/plantaranas\/#breadcrumb\"},\"inLanguage\":\"es\",\"potentialAction\":[{\"@type\":\"ReadAction\",\"target\":[\"https:\/\/www.cofamavins.com\/vinos\/plantaranas\/\"]}]},{\"@type\":\"BreadcrumbList\",\"@id\":\"https:\/\/www.cofamavins.com\/vinos\/plantaranas\/#breadcrumb\",\"itemListElement\":[{\"@type\":\"ListItem\",\"position\":1,\"name\":\"Portada\",\"item\":\"https:\/\/www.cofamavins.com\/\"},{\"@type\":\"ListItem\",\"position\":2,\"name\":\"VINOS\",\"item\":\"https:\/\/www.cofamavins.com\/vinos\/\"},{\"@type\":\"ListItem\",\"position\":3,\"name\":\"Plantaranas\"}]},{\"@type\":\"WebSite\",\"@id\":\"https:\/\/www.cofamavins.com\/#website\",\"url\":\"https:\/\/www.cofamavins.com\/\",\"name\":\"COFAMA\",\"description\":\"Vins i caves\",\"potentialAction\":[{\"@type\":\"SearchAction\",\"target\":{\"@type\":\"EntryPoint\",\"urlTemplate\":\"https:\/\/www.cofamavins.com\/?s={search_term_string}\"},\"query-input\":{\"@type\":\"PropertyValueSpecification\",\"valueRequired\":true,\"valueName\":\"search_term_string\"}}],\"inLanguage\":\"es\"}]}<\/script>\n<!-- \/ Yoast SEO plugin. -->","yoast_head_json":{"title":"Plantaranas - COFAMA","robots":{"index":"index","follow":"follow","max-snippet":"max-snippet:-1","max-image-preview":"max-image-preview:large","max-video-preview":"max-video-preview:-1"},"canonical":"https:\/\/www.cofamavins.com\/vinos\/plantaranas\/","og_locale":"es_ES","og_type":"article","og_title":"Plantaranas - COFAMA","og_url":"https:\/\/www.cofamavins.com\/vinos\/plantaranas\/","og_site_name":"COFAMA","article_modified_time":"2023-05-02T07:54:31+00:00","twitter_misc":{"Tiempo de lectura":"2 minutos"},"schema":{"@context":"https:\/\/schema.org","@graph":[{"@type":"WebPage","@id":"https:\/\/www.cofamavins.com\/vinos\/plantaranas\/","url":"https:\/\/www.cofamavins.com\/vinos\/plantaranas\/","name":"Plantaranas - COFAMA","isPartOf":{"@id":"https:\/\/www.cofamavins.com\/#website"},"datePublished":"2021-06-21T17:01:31+00:00","dateModified":"2023-05-02T07:54:31+00:00","breadcrumb":{"@id":"https:\/\/www.cofamavins.com\/vinos\/plantaranas\/#breadcrumb"},"inLanguage":"es","potentialAction":[{"@type":"ReadAction","target":["https:\/\/www.cofamavins.com\/vinos\/plantaranas\/"]}]},{"@type":"BreadcrumbList","@id":"https:\/\/www.cofamavins.com\/vinos\/plantaranas\/#breadcrumb","itemListElement":[{"@type":"ListItem","position":1,"name":"Portada","item":"https:\/\/www.cofamavins.com\/"},{"@type":"ListItem","position":2,"name":"VINOS","item":"https:\/\/www.cofamavins.com\/vinos\/"},{"@type":"ListItem","position":3,"name":"Plantaranas"}]},{"@type":"WebSite","@id":"https:\/\/www.cofamavins.com\/#website","url":"https:\/\/www.cofamavins.com\/","name":"COFAMA","description":"Vins i caves","potentialAction":[{"@type":"SearchAction","target":{"@type":"EntryPoint","urlTemplate":"https:\/\/www.cofamavins.com\/?s={search_term_string}"},"query-input":{"@type":"PropertyValueSpecification","valueRequired":true,"valueName":"search_term_string"}}],"inLanguage":"es"}]}},"_links":{"self":[{"href":"https:\/\/www.cofamavins.com\/es\/wp-json\/wp\/v2\/pages\/15697","targetHints":{"allow":["GET"]}}],"collection":[{"href":"https:\/\/www.cofamavins.com\/es\/wp-json\/wp\/v2\/pages"}],"about":[{"href":"https:\/\/www.cofamavins.com\/es\/wp-json\/wp\/v2\/types\/page"}],"author":[{"embeddable":true,"href":"https:\/\/www.cofamavins.com\/es\/wp-json\/wp\/v2\/users\/1"}],"replies":[{"embeddable":true,"href":"https:\/\/www.cofamavins.com\/es\/wp-json\/wp\/v2\/comments?post=15697"}],"version-history":[{"count":8,"href":"https:\/\/www.cofamavins.com\/es\/wp-json\/wp\/v2\/pages\/15697\/revisions"}],"predecessor-version":[{"id":15968,"href":"https:\/\/www.cofamavins.com\/es\/wp-json\/wp\/v2\/pages\/15697\/revisions\/15968"}],"up":[{"embeddable":true,"href":"https:\/\/www.cofamavins.com\/es\/wp-json\/wp\/v2\/pages\/13123"}],"wp:attachment":[{"href":"https:\/\/www.cofamavins.com\/es\/wp-json\/wp\/v2\/media?parent=15697"}],"curies":[{"name":"wp","href":"https:\/\/api.w.org\/{rel}","templated":true}]}}