{"id":15867,"date":"2022-02-06T23:59:03","date_gmt":"2022-02-06T22:59:03","guid":{"rendered":"https:\/\/www.cofamavins.com\/?page_id=15867"},"modified":"2022-02-09T22:11:25","modified_gmt":"2022-02-09T21:11:25","slug":"medbubbles","status":"publish","type":"page","link":"https:\/\/www.cofamavins.com\/es\/medbubbles\/","title":{"rendered":"Medbubbles"},"content":{"rendered":"<div class=\"wpb-content-wrapper\"><p>[vc_row][vc_column][vc_empty_space][\/vc_column][\/vc_row][vc_row row_type=\u00bbparallax\u00bb content_text_aligment=\u00bbcenter\u00bb css=\u00bb.vc_custom_1644441083295{margin-right: -200px !important;margin-left: -200px !important;background-color: #f2f2f2 !important;background-position: center !important;background-repeat: no-repeat !important;background-size: cover !important;}\u00bb parallax_background_image=\u00bb15907&#8243; parallax_section_height=\u00bb700px\u00bb][vc_column][vc_empty_space height=\u00bb200px\u00bb][vc_row_inner][vc_column_inner width=\u00bb1\/4&#8243;][\/vc_column_inner][vc_column_inner width=\u00bb3\/4&#8243;]<div class=\"eltdf-section-title-holder\" style=\"text-align: left\">\n\t\t\t<h1 class=\"eltdf-st-title\" style=\"color: #5b5b5b\">\n\t\t\t<span>Medbubbles<\/span>\n\t\t<\/h1>\n                    <div class=\"eltdf-st-separator clearfix\">\n                <div class=\"eltdf-separator\" style=\"border-color: #5b5b5b\"><\/div>\n            <\/div>\n        \t\t\t\t<h4 class=\"eltdf-st-subtitle\" style=\"color: #1fbbc6\">\n\t\t<span>Mediterranean Bubbles<\/span>\n\t\t<\/h4>\n\t\t\t\t<p class=\"eltdf-st-text\" >Espumoso sin alcohol<\/p>\n\t<\/div>[\/vc_column_inner][\/vc_row_inner][vc_empty_space height=\u00bb200px\u00bb][\/vc_column][\/vc_row][vc_row][vc_column][vc_empty_space height=\u00bb50px\u00bb][\/vc_column][\/vc_row][vc_row][vc_column offset=\u00bbvc_hidden-lg vc_hidden-md vc_hidden-sm\u00bb][vc_empty_space height=\u00bb600px\u00bb css=\u00bb.vc_custom_1533229713312{background-image: url(https:\/\/www.cofamavins.com\/wp-content\/uploads\/Mas-Fi-Brut-1.jpg?id=11884) !important;background-position: center !important;background-repeat: no-repeat !important;background-size: cover !important;}\u00bb][\/vc_column][\/vc_row][vc_row row_content_width=\u00bbgrid\u00bb content_text_aligment=\u00bbcenter\u00bb][vc_column width=\u00bb1\/2&#8243;][vc_empty_space height=\u00bb70px\u00bb]<div class=\"eltdf-section-title-holder\" >\n\t\t\t<h1 class=\"eltdf-st-title\" >\n\t\t\t<span>Medbubbles<\/span>\n\t\t<\/h1>\n        \t\t\t\t<h4 class=\"eltdf-st-subtitle\" style=\"color: #71b7ba\">\n\t\t<span>MEDITERRAEAN BUBBLES<\/span>\n\t\t<\/h4>\n\t\t\t\t<p class=\"eltdf-st-text\" >Espumoso sin alcohol<\/p>\n\t<\/div>[vc_empty_space height=\u00bb20px\u00bb][vc_column_text]<\/p>\n<div class=\"page\" style=\"text-align: center;\" title=\"Page 1\">\n<div class=\"section\">\n<div class=\"layoutArea\">\n<div class=\"column\">\n<p><span style=\"font-weight: 400;\"><b>UVAS <\/b><\/span><span style=\"font-weight: 400;\">| <\/span><span style=\"font-weight: 400;\">Xarel\u00b7lo, Macabeo, Parellada<\/span> <span style=\"font-weight: 400;\"><br \/>\n<\/span><b>ALCOHOL<\/b><span style=\"font-weight: 400;\"> | 0%<\/span><span style=\"font-weight: 400;\"><br \/>\n<\/span><span style=\"font-weight: 400;\"><b>ACIDEZ TOTAL (tart\u00e1rica) <\/b><\/span><span style=\"font-weight: 400;\">| 7 g\/L<\/span><br \/>\n<span style=\"font-weight: 400;\"><b>AZ\u00daCAR RESIDUAL<\/b>\u00a0| 55 g\/L<\/span><\/p>\n<p><b>Notas de cata<\/b><b><br \/>\n<\/b><em>EXAMEN VISUAL<\/em>: Color amarillo pajizo brillante con burbuja persistente.<br \/>\n<em>AROMA<\/em>: Notas de frutas tropicales muy refrescantes con toques c\u00edtricos.<br \/>\n<em>EN BOCA<\/em>: Vivaz y afrutado, tiene un buen equilibrio acidez-dulzor. Sus burbujas de tama\u00f1o medio producen una agradable sensaci\u00f3n en el paladar. Retrogusto afrutado, que recuerda a frutas tropicales y un toque c\u00edtrico.<br \/>\n<em>IMPRESI\u00d3N FINAL<\/em>: Fresco, agradable, bien equilibrado y con una buena estructura de burbuja.<\/p>\n<p><b>Maridaje<\/b><b><br \/>\n<\/b>Ideal como aperitivo. Buen contraste con las tapas saladas. Ensaladas de frutas, frutas y pasteles. Pru\u00e9balo con una pasta con salsa de queso.<\/p>\n<p><b>Temperatura ideal: <\/b>5 -8\u00baC<\/p>\n<\/div>\n<\/div>\n<\/div>\n<\/div>\n<p>[\/vc_column_text][vc_empty_space height=\u00bb40px\u00bb]<a itemprop=\"url\" href=\"https:\/\/www.cofamavins.com\/wp-content\/uploads\/medbubbles_ES.pdf\" target=\"_blank\" style=\"color: #808080;background-color: #ffffff;border-color: #808080\" class=\"eltdf-btn eltdf-btn-small eltdf-btn-solid eltdf-btn-custom-hover-bg eltdf-btn-custom-hover-color\" data-hover-color=\"#ffffff\" data-hover-bg-color=\"#808080\" >\n    <span class=\"eltdf-btn-text\">DESCARGA PDF<\/span>\n    <\/a>[\/vc_column][vc_column width=\u00bb1\/2&#8243; css=\u00bb.vc_custom_1533229720669{margin-top: 50px !important;}\u00bb offset=\u00bbvc_hidden-xs\u00bb][vc_empty_space height=\u00bb700px\u00bb css=\u00bb.vc_custom_1644441066771{background-image: url(https:\/\/www.cofamavins.com\/wp-content\/uploads\/Medbubbles-1.png?id=15908) !important;background-position: center !important;background-repeat: no-repeat !important;background-size: contain !important;}\u00bb][\/vc_column][\/vc_row][vc_row][vc_column][vc_empty_space height=\u00bb50px\u00bb][\/vc_column][\/vc_row]<\/p>\n<\/div>","protected":false},"excerpt":{"rendered":"<p>[vc_row][vc_column][vc_empty_space][\/vc_column][\/vc_row][vc_row row_type=\u00bbparallax\u00bb content_text_aligment=\u00bbcenter\u00bb css=\u00bb.vc_custom_1644441083295{margin-right: -200px !important;margin-left: -200px !important;background-color: #f2f2f2 !important;background-position: center !important;background-repeat: no-repeat !important;background-size: cover !important;}\u00bb parallax_background_image=\u00bb15907&#8243; parallax_section_height=\u00bb700px\u00bb][vc_column][vc_empty_space height=\u00bb200px\u00bb][vc_row_inner][vc_column_inner width=\u00bb1\/4&#8243;][\/vc_column_inner][vc_column_inner width=\u00bb3\/4&#8243;][\/vc_column_inner][\/vc_row_inner][vc_empty_space height=\u00bb200px\u00bb][\/vc_column][\/vc_row][vc_row][vc_column][vc_empty_space height=\u00bb50px\u00bb][\/vc_column][\/vc_row][vc_row][vc_column offset=\u00bbvc_hidden-lg vc_hidden-md vc_hidden-sm\u00bb][vc_empty_space height=\u00bb600px\u00bb css=\u00bb.vc_custom_1533229713312{background-image: url(https:\/\/www.cofamavins.com\/wp-content\/uploads\/Mas-Fi-Brut-1.jpg?id=11884) !important;background-position: center !important;background-repeat: no-repeat !important;background-size: cover !important;}\u00bb][\/vc_column][\/vc_row][vc_row row_content_width=\u00bbgrid\u00bb content_text_aligment=\u00bbcenter\u00bb][vc_column width=\u00bb1\/2&#8243;][vc_empty_space height=\u00bb70px\u00bb][vc_empty_space height=\u00bb20px\u00bb][vc_column_text] UVAS | Xarel\u00b7lo, Macabeo, [&hellip;]<\/p>\n","protected":false},"author":4,"featured_media":0,"parent":0,"menu_order":0,"comment_status":"closed","ping_status":"closed","template":"","meta":{"footnotes":""},"class_list":["post-15867","page","type-page","status-publish","hentry"],"translation":{"provider":"WPGlobus","version":"3.0.0","language":"es","enabled_languages":["en","es"],"languages":{"en":{"title":true,"content":true,"excerpt":false},"es":{"title":true,"content":true,"excerpt":false}}},"yoast_head":"<!-- This site is optimized with the Yoast SEO plugin v25.5 - https:\/\/yoast.com\/wordpress\/plugins\/seo\/ -->\n<title>Medbubbles - COFAMA . Non alcoholic sparkling<\/title>\n<meta name=\"robots\" content=\"index, follow, max-snippet:-1, max-image-preview:large, max-video-preview:-1\" \/>\n<link rel=\"canonical\" href=\"https:\/\/www.cofamavins.com\/medbubbles\/\" \/>\n<meta property=\"og:locale\" content=\"es_ES\" \/>\n<meta property=\"og:type\" content=\"article\" \/>\n<meta property=\"og:title\" content=\"Medbubbles - COFAMA\" \/>\n<meta property=\"og:url\" content=\"https:\/\/www.cofamavins.com\/medbubbles\/\" \/>\n<meta property=\"og:site_name\" content=\"COFAMA\" \/>\n<meta property=\"article:modified_time\" content=\"2022-02-09T21:11:25+00:00\" \/>\n<meta name=\"twitter:label1\" content=\"Tiempo de lectura\" \/>\n\t<meta name=\"twitter:data1\" content=\"1 minuto\" \/>\n<script type=\"application\/ld+json\" class=\"yoast-schema-graph\">{\"@context\":\"https:\/\/schema.org\",\"@graph\":[{\"@type\":\"WebPage\",\"@id\":\"https:\/\/www.cofamavins.com\/medbubbles\/\",\"url\":\"https:\/\/www.cofamavins.com\/medbubbles\/\",\"name\":\"Medbubbles - COFAMA . Non alcoholic sparkling\",\"isPartOf\":{\"@id\":\"https:\/\/www.cofamavins.com\/#website\"},\"datePublished\":\"2022-02-06T22:59:03+00:00\",\"dateModified\":\"2022-02-09T21:11:25+00:00\",\"description\":\"Non alcoholic sparkling. Alcohol-free, 0'0 drink\",\"breadcrumb\":{\"@id\":\"https:\/\/www.cofamavins.com\/medbubbles\/#breadcrumb\"},\"inLanguage\":\"es\",\"potentialAction\":[{\"@type\":\"ReadAction\",\"target\":[\"https:\/\/www.cofamavins.com\/medbubbles\/\"]}]},{\"@type\":\"BreadcrumbList\",\"@id\":\"https:\/\/www.cofamavins.com\/medbubbles\/#breadcrumb\",\"itemListElement\":[{\"@type\":\"ListItem\",\"position\":1,\"name\":\"Portada\",\"item\":\"https:\/\/www.cofamavins.com\/\"},{\"@type\":\"ListItem\",\"position\":2,\"name\":\"Medbubbles\"}]},{\"@type\":\"WebSite\",\"@id\":\"https:\/\/www.cofamavins.com\/#website\",\"url\":\"https:\/\/www.cofamavins.com\/\",\"name\":\"COFAMA\",\"description\":\"Vins i caves\",\"potentialAction\":[{\"@type\":\"SearchAction\",\"target\":{\"@type\":\"EntryPoint\",\"urlTemplate\":\"https:\/\/www.cofamavins.com\/?s={search_term_string}\"},\"query-input\":{\"@type\":\"PropertyValueSpecification\",\"valueRequired\":true,\"valueName\":\"search_term_string\"}}],\"inLanguage\":\"es\"}]}<\/script>\n<!-- \/ Yoast SEO plugin. -->","yoast_head_json":{"title":"Medbubbles - COFAMA . Non alcoholic sparkling","robots":{"index":"index","follow":"follow","max-snippet":"max-snippet:-1","max-image-preview":"max-image-preview:large","max-video-preview":"max-video-preview:-1"},"canonical":"https:\/\/www.cofamavins.com\/medbubbles\/","og_locale":"es_ES","og_type":"article","og_title":"Medbubbles - COFAMA","og_url":"https:\/\/www.cofamavins.com\/medbubbles\/","og_site_name":"COFAMA","article_modified_time":"2022-02-09T21:11:25+00:00","twitter_misc":{"Tiempo de lectura":"1 minuto"},"schema":{"@context":"https:\/\/schema.org","@graph":[{"@type":"WebPage","@id":"https:\/\/www.cofamavins.com\/medbubbles\/","url":"https:\/\/www.cofamavins.com\/medbubbles\/","name":"Medbubbles - COFAMA . Non alcoholic sparkling","isPartOf":{"@id":"https:\/\/www.cofamavins.com\/#website"},"datePublished":"2022-02-06T22:59:03+00:00","dateModified":"2022-02-09T21:11:25+00:00","description":"Non alcoholic sparkling. Alcohol-free, 0'0 drink","breadcrumb":{"@id":"https:\/\/www.cofamavins.com\/medbubbles\/#breadcrumb"},"inLanguage":"es","potentialAction":[{"@type":"ReadAction","target":["https:\/\/www.cofamavins.com\/medbubbles\/"]}]},{"@type":"BreadcrumbList","@id":"https:\/\/www.cofamavins.com\/medbubbles\/#breadcrumb","itemListElement":[{"@type":"ListItem","position":1,"name":"Portada","item":"https:\/\/www.cofamavins.com\/"},{"@type":"ListItem","position":2,"name":"Medbubbles"}]},{"@type":"WebSite","@id":"https:\/\/www.cofamavins.com\/#website","url":"https:\/\/www.cofamavins.com\/","name":"COFAMA","description":"Vins i caves","potentialAction":[{"@type":"SearchAction","target":{"@type":"EntryPoint","urlTemplate":"https:\/\/www.cofamavins.com\/?s={search_term_string}"},"query-input":{"@type":"PropertyValueSpecification","valueRequired":true,"valueName":"search_term_string"}}],"inLanguage":"es"}]}},"_links":{"self":[{"href":"https:\/\/www.cofamavins.com\/es\/wp-json\/wp\/v2\/pages\/15867","targetHints":{"allow":["GET"]}}],"collection":[{"href":"https:\/\/www.cofamavins.com\/es\/wp-json\/wp\/v2\/pages"}],"about":[{"href":"https:\/\/www.cofamavins.com\/es\/wp-json\/wp\/v2\/types\/page"}],"author":[{"embeddable":true,"href":"https:\/\/www.cofamavins.com\/es\/wp-json\/wp\/v2\/users\/4"}],"replies":[{"embeddable":true,"href":"https:\/\/www.cofamavins.com\/es\/wp-json\/wp\/v2\/comments?post=15867"}],"version-history":[{"count":11,"href":"https:\/\/www.cofamavins.com\/es\/wp-json\/wp\/v2\/pages\/15867\/revisions"}],"predecessor-version":[{"id":16064,"href":"https:\/\/www.cofamavins.com\/es\/wp-json\/wp\/v2\/pages\/15867\/revisions\/16064"}],"wp:attachment":[{"href":"https:\/\/www.cofamavins.com\/es\/wp-json\/wp\/v2\/media?parent=15867"}],"curies":[{"name":"wp","href":"https:\/\/api.w.org\/{rel}","templated":true}]}}