{"id":16032,"date":"2024-03-10T18:21:39","date_gmt":"2024-03-10T17:21:39","guid":{"rendered":"https:\/\/www.cofamavins.com\/?page_id=16032"},"modified":"2024-03-18T22:25:38","modified_gmt":"2024-03-18T21:25:38","slug":"fermented-in-bottle","status":"publish","type":"page","link":"https:\/\/www.cofamavins.com\/es\/fermented-in-bottle\/","title":{"rendered":"CRIANZA EN BOTELLA"},"content":{"rendered":"<div class=\"wpb-content-wrapper\"><p>[vc_row row_type=\u00bbparallax\u00bb content_text_aligment=\u00bbcenter\u00bb css=\u00bb.vc_custom_1710091297197{background-color: #f2f2f2 !important;background-position: center !important;background-repeat: no-repeat !important;background-size: cover !important;}\u00bb parallax_background_image=\u00bb16033&#8243; parallax_section_height=\u00bb700px\u00bb][vc_column][vc_empty_space height=\u00bb200px\u00bb][vc_row_inner][vc_column_inner width=\u00bb1\/2&#8243;]<div class=\"eltdf-section-title-holder\" >\n\t\t\t<h1 class=\"eltdf-st-title\" >\n\t\t\t<span>Crianza en Botella<\/span>\n\t\t<\/h1>\n        \t\t\t\t<h4 class=\"eltdf-st-subtitle\" >\n\t\t<span>Vinos Espumosos de Calidad<\/span>\n\t\t<\/h4>\n\t\t<\/div>[\/vc_column_inner][vc_column_inner width=\u00bb1\/2&#8243;][\/vc_column_inner][\/vc_row_inner][vc_empty_space height=\u00bb200px\u00bb][\/vc_column][\/vc_row][vc_row][vc_column][vc_empty_space height=\u00bb50px\u00bb][\/vc_column][\/vc_row][vc_row][vc_column offset=\u00bbvc_hidden-lg vc_hidden-md vc_hidden-sm\u00bb][vc_empty_space height=\u00bb600px\u00bb css=\u00bb.vc_custom_1533233136779{background-image: url(https:\/\/www.cofamavins.com\/wp-content\/uploads\/Cavarnicola-brut.jpg?id=10780) !important;background-position: center !important;background-repeat: no-repeat !important;background-size: cover !important;}\u00bb][\/vc_column][\/vc_row][vc_row row_content_width=\u00bbgrid\u00bb content_text_aligment=\u00bbcenter\u00bb][vc_column width=\u00bb1\/2&#8243;][vc_empty_space height=\u00bb70px\u00bb]<div class=\"eltdf-section-title-holder\" >\n\t\t\t<h1 class=\"eltdf-st-title\" >\n\t\t\t<span>Dignitat<\/span>\n\t\t<\/h1>\n        \t\t\t\t<h4 class=\"eltdf-st-subtitle\" style=\"color: #b7a36f\">\n\t\t<span>Brut<\/span>\n\t\t<\/h4>\n\t\t<\/div>[vc_empty_space height=\u00bb20px\u00bb][vc_column_text]<\/p>\n<div class=\"page\" style=\"text-align: center;\" title=\"Page 1\">\n<div class=\"section\">\n<div class=\"layoutArea\">\n<div class=\"column\">\n<p><span style=\"font-weight: 400;\"><b>UVAS<\/b><\/span><span style=\"font-weight: 400;\">| <\/span><span style=\"font-weight: 400;\">Macabeu, Parellada, Xarel\u00b7lo<\/span><span style=\"font-weight: 400;\"><br \/>\n<\/span><b>CRIANZA EN BOTELLA <\/b><span style=\"font-weight: 400;\">| &gt;3 meses<\/span><span style=\"font-weight: 400;\"><br \/>\n<\/span><b>ALCOHOL<\/b><span style=\"font-weight: 400;\"> | 11,5%<\/span><span style=\"font-weight: 400;\"><br \/>\n<\/span><span style=\"font-weight: 400;\"><b>AZ\u00daCAR <\/b><\/span><span style=\"font-weight: 400;\">| 7 g\/L<\/span><\/p>\n<p><b>Notas de cata<\/b><b><br \/>\n<\/b><span style=\"font-weight: 400;\">Apariencia: Amarillo p\u00e1lido con reflejos verdosos. Las burbujas r\u00e1pidas son propias de un vino joven. Nariz: Destacables notas de flores blancas y frutas blancas, como manzana verde y pera. Boca: Frutal, agradable, ligero y sabroso, gracias al fino equilibrio entre acidez y fruta. Las burbujas son crujientes y muy presentes.<\/span><\/p>\n<p><b>Maridaje<\/b><span style=\"font-weight: 400;\"><br \/>\n<\/span><span style=\"font-weight: 400;\">Ideal con comidas dulces (frutas, boller\u00eda, frutos secos) o saladas (tacos, pizza, foie gras o marisco).<\/span><\/p>\n<p><b>Temperatura ideal<\/b><span style=\"font-weight: 400;\"><br \/>\n<\/span><span style=\"font-weight: 400;\">5 \u20138\u00b0C<\/span><\/p>\n<\/div>\n<\/div>\n<\/div>\n<\/div>\n<p>[\/vc_column_text][vc_empty_space height=\u00bb40px\u00bb]<a itemprop=\"url\" href=\"https:\/\/www.cofamavins.com\/wp-content\/uploads\/Dignitat-FiB-ES.pdf\" target=\"_blank\" style=\"color: #808080;background-color: #ffffff;border-color: #808080\" class=\"eltdf-btn eltdf-btn-small eltdf-btn-solid eltdf-btn-custom-hover-bg eltdf-btn-custom-border-hover eltdf-btn-custom-hover-color\" data-hover-color=\"#ffffff\" data-hover-bg-color=\"#808080\" data-hover-border-color=\"#808080\" >\n    <span class=\"eltdf-btn-text\">DESCARGAR PDF<\/span>\n    <\/a>[\/vc_column][vc_column width=\u00bb1\/2&#8243; css=\u00bb.vc_custom_1533232882268{margin-top: 20px !important;}\u00bb offset=\u00bbvc_hidden-xs\u00bb][vc_empty_space height=\u00bb700px\u00bb css=\u00bb.vc_custom_1710092035513{background-image: url(https:\/\/www.cofamavins.com\/wp-content\/uploads\/DIGNITAT-FIB.jpg?id=16038) !important;background-position: center !important;background-repeat: no-repeat !important;background-size: contain !important;}\u00bb][\/vc_column][\/vc_row][vc_row][vc_column][vc_empty_space height=\u00bb50px\u00bb][\/vc_column][\/vc_row][vc_row][vc_column offset=\u00bbvc_hidden-lg vc_hidden-md vc_hidden-sm\u00bb][vc_empty_space height=\u00bb600px\u00bb css=\u00bb.vc_custom_1533232919126{background-image: url(https:\/\/www.cofamavins.com\/wp-content\/uploads\/Cavarnicola.jpg?id=10782) !important;background-position: center !important;background-repeat: no-repeat !important;background-size: cover !important;}\u00bb][\/vc_column][\/vc_row][vc_row row_content_width=\u00bbgrid\u00bb content_text_aligment=\u00bbcenter\u00bb][vc_column width=\u00bb1\/2&#8243; css=\u00bb.vc_custom_1533232924257{margin-top: 20px !important;}\u00bb offset=\u00bbvc_hidden-xs\u00bb][vc_empty_space height=\u00bb700px\u00bb css=\u00bb.vc_custom_1710092345810{background-image: url(https:\/\/www.cofamavins.com\/wp-content\/uploads\/TERRABONA-FIB.jpg?id=16040) !important;background-position: center !important;background-repeat: no-repeat !important;background-size: contain !important;}\u00bb][\/vc_column][vc_column width=\u00bb1\/2&#8243;][vc_empty_space height=\u00bb70px\u00bb]<div class=\"eltdf-section-title-holder\" >\n\t\t\t<h1 class=\"eltdf-st-title\" >\n\t\t\t<span>Duc de Terrabona<\/span>\n\t\t<\/h1>\n        \t\t\t\t<h4 class=\"eltdf-st-subtitle\" style=\"color: #b7a36f\">\n\t\t<span>Brut<\/span>\n\t\t<\/h4>\n\t\t<\/div>[vc_empty_space height=\u00bb20px\u00bb][vc_column_text]<\/p>\n<div class=\"page\" style=\"text-align: center;\" title=\"Page 1\">\n<div class=\"section\">\n<div class=\"layoutArea\">\n<div class=\"column\">\n<p><span style=\"font-weight: 400;\"><b>UVAS<\/b><\/span><span style=\"font-weight: 400;\">| <\/span><span style=\"font-weight: 400;\">Macabeu, Parellada, Xarel\u00b7lo<\/span><span style=\"font-weight: 400;\"><br \/>\n<\/span><b>CRIANZA EN BOTELLA <\/b><span style=\"font-weight: 400;\">| &gt;3 meses<\/span><span style=\"font-weight: 400;\"><br \/>\n<\/span><b>ALCOHOL<\/b><span style=\"font-weight: 400;\"> | 11,5%<\/span><span style=\"font-weight: 400;\"><br \/>\n<\/span><span style=\"font-weight: 400;\"><b>AZ\u00daCAR <\/b><\/span><span style=\"font-weight: 400;\">| 7 g\/L<\/span><\/p>\n<p><b>Notas de cata<\/b><b><br \/>\n<\/b><span style=\"font-weight: 400;\">Apariencia: Amarillo p\u00e1lido con reflejos verdosos. Las burbujas r\u00e1pidas son t\u00edpicas de un vino joven. Nariz: Destacadas notas de flores blancas y frutas blancas, como manzana verde. y pera. Paladar: Afrutado, agradable, ligero y sabroso, gracias al fino equilibrio entre acidez y fruta. Las burbujas son crujientes y muy presentes.<\/span><\/p>\n<p><b>Maridaje<\/b><span style=\"font-weight: 400;\"><br \/>\n<\/span><span style=\"font-weight: 400;\">Ideal con comidas dulces (frutas, boller\u00eda, frutos secos) o saladas (tacos, pizza, foie gras o marisco).<\/span><\/p>\n<p><b>Temperatura ideal<\/b><span style=\"font-weight: 400;\"><br \/>\n<\/span><span style=\"font-weight: 400;\">5 \u20138\u00b0C<\/span><\/p>\n<\/div>\n<\/div>\n<\/div>\n<\/div>\n<p>[\/vc_column_text][vc_empty_space height=\u00bb40px\u00bb]<a itemprop=\"url\" href=\"https:\/\/www.cofamavins.com\/wp-content\/uploads\/Duc-de-Terrabona-FiB-ES.pdf\" target=\"_blank\" style=\"color: #808080;background-color: #ffffff;border-color: #808080\" class=\"eltdf-btn eltdf-btn-small eltdf-btn-solid eltdf-btn-custom-hover-bg eltdf-btn-custom-border-hover eltdf-btn-custom-hover-color\" data-hover-color=\"#ffffff\" data-hover-bg-color=\"#808080\" data-hover-border-color=\"#808080\" >\n    <span class=\"eltdf-btn-text\">DECARGAR PDF<\/span>\n    <\/a>[\/vc_column][\/vc_row][vc_row][vc_column][vc_empty_space height=\u00bb50px\u00bb][\/vc_column][\/vc_row][vc_row][vc_column offset=\u00bbvc_hidden-lg vc_hidden-md vc_hidden-sm\u00bb][vc_empty_space height=\u00bb600px\u00bb css=\u00bb.vc_custom_1533233035125{background-image: url(https:\/\/www.cofamavins.com\/wp-content\/uploads\/Cavarnicola-rosat.jpg?id=10781) !important;background-position: center !important;background-repeat: no-repeat !important;background-size: cover !important;}\u00bb][\/vc_column][\/vc_row][vc_row row_content_width=\u00bbgrid\u00bb content_text_aligment=\u00bbcenter\u00bb][vc_column width=\u00bb1\/2&#8243;][vc_empty_space height=\u00bb70px\u00bb]<div class=\"eltdf-section-title-holder\" >\n\t\t\t<h1 class=\"eltdf-st-title\" >\n\t\t\t<span>Impuls<\/span>\n\t\t<\/h1>\n        \t\t\t\t<h4 class=\"eltdf-st-subtitle\" style=\"color: #dd9090\">\n\t\t<span>Brut<\/span>\n\t\t<\/h4>\n\t\t<\/div>[vc_empty_space height=\u00bb20px\u00bb][vc_column_text]<\/p>\n<div class=\"page\" style=\"text-align: center;\" title=\"Page 1\">\n<div class=\"section\">\n<div class=\"layoutArea\">\n<div class=\"column\">\n<p><b>UVAS<\/b><span style=\"font-weight: 400;\"> | Macabeu, Parellada, Xarel\u00b7lo<\/span><span style=\"font-weight: 400;\"><br \/>\n<\/span><b>CRIANZA EN BOTELLA <\/b><span style=\"font-weight: 400;\">| &gt;3 meses<\/span><span style=\"font-weight: 400;\"><br \/>\n<\/span><b>ALCOHOL<\/b><span style=\"font-weight: 400;\"> | 11,5%<\/span><span style=\"font-weight: 400;\"><br \/>\n<\/span><b>AZ\u00daCAR<\/b> <span style=\"font-weight: 400;\">| 7 g\/L<\/span><\/p>\n<p><b>Notas de cata<\/b><b><br \/>\n<\/b>Vista: Amarillo p\u00e1lido con reflejos verdosos. Las burbujas r\u00e1pidas son propias de un vino joven. Nariz: Destacables notas de flores blancas y frutas blancas, como manzana verde y pera. Boca: Frutal, agradable, ligero y sabroso, gracias al fino equilibrio entre acidez y fruta. Las burbujas son crujientes y muy presentes.<\/p>\n<p><b>Maridaje<\/b><b><br \/>\n<\/b><span style=\"font-weight: 400;\">Ideal con comidas dulces (frutas, boller\u00eda, frutos secos) o saladas (tacos, pizza, foie gras o marisco).<\/span><b><br \/>\n<\/b><\/p>\n<p><b>Temperatura Ideal<\/b><b><br \/>\n<\/b><span style=\"font-weight: 400;\">5\u20138\u00b0C<\/span><b><br \/>\n<\/b><\/p>\n<\/div>\n<\/div>\n<\/div>\n<\/div>\n<p>[\/vc_column_text][vc_empty_space height=\u00bb40px\u00bb]<a itemprop=\"url\" href=\"https:\/\/www.cofamavins.com\/wp-content\/uploads\/Impuls-FiB-Blossom-Es.pdf\" target=\"_blank\" style=\"color: #808080;background-color: #ffffff;border-color: #808080\" class=\"eltdf-btn eltdf-btn-small eltdf-btn-solid eltdf-btn-custom-hover-bg eltdf-btn-custom-border-hover eltdf-btn-custom-hover-color\" data-hover-color=\"#ffffff\" data-hover-bg-color=\"#808080\" data-hover-border-color=\"#808080\" >\n    <span class=\"eltdf-btn-text\">DESCARGAR PDF<\/span>\n    <\/a>[\/vc_column][vc_column width=\u00bb1\/2&#8243; css=\u00bb.vc_custom_1533233042281{margin-top: 20px !important;}\u00bb offset=\u00bbvc_hidden-xs\u00bb][vc_empty_space height=\u00bb700px\u00bb css=\u00bb.vc_custom_1710092472677{background-image: url(https:\/\/www.cofamavins.com\/wp-content\/uploads\/IMPULS.jpg?id=16042) !important;background-position: center !important;background-repeat: no-repeat !important;background-size: contain !important;}\u00bb][\/vc_column][\/vc_row][vc_row][vc_column][vc_empty_space height=\u00bb50px\u00bb][\/vc_column][\/vc_row]<\/p>\n<\/div>","protected":false},"excerpt":{"rendered":"<p>[vc_row row_type=\u00bbparallax\u00bb content_text_aligment=\u00bbcenter\u00bb css=\u00bb.vc_custom_1710091297197{background-color: #f2f2f2 !important;background-position: center !important;background-repeat: no-repeat !important;background-size: cover !important;}\u00bb parallax_background_image=\u00bb16033&#8243; parallax_section_height=\u00bb700px\u00bb][vc_column][vc_empty_space height=\u00bb200px\u00bb][vc_row_inner][vc_column_inner width=\u00bb1\/2&#8243;][\/vc_column_inner][vc_column_inner width=\u00bb1\/2&#8243;][\/vc_column_inner][\/vc_row_inner][vc_empty_space height=\u00bb200px\u00bb][\/vc_column][\/vc_row][vc_row][vc_column][vc_empty_space height=\u00bb50px\u00bb][\/vc_column][\/vc_row][vc_row][vc_column offset=\u00bbvc_hidden-lg vc_hidden-md vc_hidden-sm\u00bb][vc_empty_space height=\u00bb600px\u00bb css=\u00bb.vc_custom_1533233136779{background-image: url(https:\/\/www.cofamavins.com\/wp-content\/uploads\/Cavarnicola-brut.jpg?id=10780) !important;background-position: center !important;background-repeat: no-repeat !important;background-size: cover !important;}\u00bb][\/vc_column][\/vc_row][vc_row row_content_width=\u00bbgrid\u00bb content_text_aligment=\u00bbcenter\u00bb][vc_column width=\u00bb1\/2&#8243;][vc_empty_space height=\u00bb70px\u00bb][vc_empty_space height=\u00bb20px\u00bb][vc_column_text] UVAS| Macabeu, Parellada, Xarel\u00b7lo CRIANZA EN BOTELLA | [&hellip;]<\/p>\n","protected":false},"author":4,"featured_media":0,"parent":0,"menu_order":0,"comment_status":"closed","ping_status":"closed","template":"full-width.php","meta":{"footnotes":""},"class_list":["post-16032","page","type-page","status-publish","hentry"],"translation":{"provider":"WPGlobus","version":"3.0.0","language":"es","enabled_languages":["en","es"],"languages":{"en":{"title":true,"content":true,"excerpt":false},"es":{"title":true,"content":true,"excerpt":false}}},"yoast_head":"<!-- This site is optimized with the Yoast SEO plugin v25.5 - https:\/\/yoast.com\/wordpress\/plugins\/seo\/ -->\n<title>Wines - CRIANZA EN BOTELLA - COFAMA<\/title>\n<meta name=\"robots\" content=\"index, follow, max-snippet:-1, max-image-preview:large, max-video-preview:-1\" \/>\n<link rel=\"canonical\" href=\"https:\/\/www.cofamavins.com\/fermented-in-bottle\/\" \/>\n<meta property=\"og:locale\" content=\"es_ES\" \/>\n<meta property=\"og:type\" content=\"article\" \/>\n<meta property=\"og:title\" content=\"CRIANZA EN BOTELLA - COFAMA\" \/>\n<meta property=\"og:url\" content=\"https:\/\/www.cofamavins.com\/fermented-in-bottle\/\" \/>\n<meta property=\"og:site_name\" content=\"COFAMA\" \/>\n<meta property=\"article:modified_time\" content=\"2024-03-18T21:25:38+00:00\" \/>\n<meta name=\"twitter:label1\" content=\"Tiempo de lectura\" \/>\n\t<meta name=\"twitter:data1\" content=\"3 minutos\" \/>\n<script type=\"application\/ld+json\" class=\"yoast-schema-graph\">{\"@context\":\"https:\/\/schema.org\",\"@graph\":[{\"@type\":\"WebPage\",\"@id\":\"https:\/\/www.cofamavins.com\/fermented-in-bottle\/\",\"url\":\"https:\/\/www.cofamavins.com\/fermented-in-bottle\/\",\"name\":\"Wines - CRIANZA EN BOTELLA - COFAMA\",\"isPartOf\":{\"@id\":\"https:\/\/www.cofamavins.com\/#website\"},\"datePublished\":\"2024-03-10T17:21:39+00:00\",\"dateModified\":\"2024-03-18T21:25:38+00:00\",\"description\":\"WINES FERMENTED IN BOTTLE. QUALITY SPARKLING WINES FROM COFAMA VINS\",\"breadcrumb\":{\"@id\":\"https:\/\/www.cofamavins.com\/fermented-in-bottle\/#breadcrumb\"},\"inLanguage\":\"es\",\"potentialAction\":[{\"@type\":\"ReadAction\",\"target\":[\"https:\/\/www.cofamavins.com\/fermented-in-bottle\/\"]}]},{\"@type\":\"BreadcrumbList\",\"@id\":\"https:\/\/www.cofamavins.com\/fermented-in-bottle\/#breadcrumb\",\"itemListElement\":[{\"@type\":\"ListItem\",\"position\":1,\"name\":\"Portada\",\"item\":\"https:\/\/www.cofamavins.com\/\"},{\"@type\":\"ListItem\",\"position\":2,\"name\":\"CRIANZA EN BOTELLA\"}]},{\"@type\":\"WebSite\",\"@id\":\"https:\/\/www.cofamavins.com\/#website\",\"url\":\"https:\/\/www.cofamavins.com\/\",\"name\":\"COFAMA\",\"description\":\"Vins i caves\",\"potentialAction\":[{\"@type\":\"SearchAction\",\"target\":{\"@type\":\"EntryPoint\",\"urlTemplate\":\"https:\/\/www.cofamavins.com\/?s={search_term_string}\"},\"query-input\":{\"@type\":\"PropertyValueSpecification\",\"valueRequired\":true,\"valueName\":\"search_term_string\"}}],\"inLanguage\":\"es\"}]}<\/script>\n<!-- \/ Yoast SEO plugin. -->","yoast_head_json":{"title":"Wines - CRIANZA EN BOTELLA - COFAMA","robots":{"index":"index","follow":"follow","max-snippet":"max-snippet:-1","max-image-preview":"max-image-preview:large","max-video-preview":"max-video-preview:-1"},"canonical":"https:\/\/www.cofamavins.com\/fermented-in-bottle\/","og_locale":"es_ES","og_type":"article","og_title":"CRIANZA EN BOTELLA - COFAMA","og_url":"https:\/\/www.cofamavins.com\/fermented-in-bottle\/","og_site_name":"COFAMA","article_modified_time":"2024-03-18T21:25:38+00:00","twitter_misc":{"Tiempo de lectura":"3 minutos"},"schema":{"@context":"https:\/\/schema.org","@graph":[{"@type":"WebPage","@id":"https:\/\/www.cofamavins.com\/fermented-in-bottle\/","url":"https:\/\/www.cofamavins.com\/fermented-in-bottle\/","name":"Wines - CRIANZA EN BOTELLA - COFAMA","isPartOf":{"@id":"https:\/\/www.cofamavins.com\/#website"},"datePublished":"2024-03-10T17:21:39+00:00","dateModified":"2024-03-18T21:25:38+00:00","description":"WINES FERMENTED IN BOTTLE. QUALITY SPARKLING WINES FROM COFAMA VINS","breadcrumb":{"@id":"https:\/\/www.cofamavins.com\/fermented-in-bottle\/#breadcrumb"},"inLanguage":"es","potentialAction":[{"@type":"ReadAction","target":["https:\/\/www.cofamavins.com\/fermented-in-bottle\/"]}]},{"@type":"BreadcrumbList","@id":"https:\/\/www.cofamavins.com\/fermented-in-bottle\/#breadcrumb","itemListElement":[{"@type":"ListItem","position":1,"name":"Portada","item":"https:\/\/www.cofamavins.com\/"},{"@type":"ListItem","position":2,"name":"CRIANZA EN BOTELLA"}]},{"@type":"WebSite","@id":"https:\/\/www.cofamavins.com\/#website","url":"https:\/\/www.cofamavins.com\/","name":"COFAMA","description":"Vins i caves","potentialAction":[{"@type":"SearchAction","target":{"@type":"EntryPoint","urlTemplate":"https:\/\/www.cofamavins.com\/?s={search_term_string}"},"query-input":{"@type":"PropertyValueSpecification","valueRequired":true,"valueName":"search_term_string"}}],"inLanguage":"es"}]}},"_links":{"self":[{"href":"https:\/\/www.cofamavins.com\/es\/wp-json\/wp\/v2\/pages\/16032","targetHints":{"allow":["GET"]}}],"collection":[{"href":"https:\/\/www.cofamavins.com\/es\/wp-json\/wp\/v2\/pages"}],"about":[{"href":"https:\/\/www.cofamavins.com\/es\/wp-json\/wp\/v2\/types\/page"}],"author":[{"embeddable":true,"href":"https:\/\/www.cofamavins.com\/es\/wp-json\/wp\/v2\/users\/4"}],"replies":[{"embeddable":true,"href":"https:\/\/www.cofamavins.com\/es\/wp-json\/wp\/v2\/comments?post=16032"}],"version-history":[{"count":8,"href":"https:\/\/www.cofamavins.com\/es\/wp-json\/wp\/v2\/pages\/16032\/revisions"}],"predecessor-version":[{"id":16140,"href":"https:\/\/www.cofamavins.com\/es\/wp-json\/wp\/v2\/pages\/16032\/revisions\/16140"}],"wp:attachment":[{"href":"https:\/\/www.cofamavins.com\/es\/wp-json\/wp\/v2\/media?parent=16032"}],"curies":[{"name":"wp","href":"https:\/\/api.w.org\/{rel}","templated":true}]}}