{"id":16065,"date":"2024-03-10T21:23:54","date_gmt":"2024-03-10T20:23:54","guid":{"rendered":"https:\/\/www.cofamavins.com\/?page_id=16065"},"modified":"2024-03-18T22:26:48","modified_gmt":"2024-03-18T21:26:48","slug":"fiesta-del-sur","status":"publish","type":"page","link":"https:\/\/www.cofamavins.com\/es\/charmat-sparkling-wines\/fiesta-del-sur\/","title":{"rendered":"Fiesta del Sur"},"content":{"rendered":"<div class=\"wpb-content-wrapper\"><p>[vc_row row_type=\u00bbparallax\u00bb content_text_aligment=\u00bbcenter\u00bb css=\u00bb.vc_custom_1710101789792{margin-right: -200px !important;margin-left: -200px !important;background-color: #f2f2f2 !important;background-position: center !important;background-repeat: no-repeat !important;background-size: cover !important;}\u00bb parallax_background_image=\u00bb16066&#8243; parallax_section_height=\u00bb700px\u00bb][vc_column][vc_empty_space height=\u00bb200px\u00bb][vc_row_inner][vc_column_inner width=\u00bb1\/4&#8243;][\/vc_column_inner][vc_column_inner width=\u00bb3\/4&#8243;]<div class=\"eltdf-section-title-holder\" style=\"text-align: left\">\n\t\t\t<h1 class=\"eltdf-st-title\" style=\"color: #5b5b5b\">\n\t\t\t<span>Fiesta del Sur<\/span>\n\t\t<\/h1>\n                    <div class=\"eltdf-st-separator clearfix\">\n                <div class=\"eltdf-separator\" style=\"border-color: #5b5b5b\"><\/div>\n            <\/div>\n        \t\t\t\t<h4 class=\"eltdf-st-subtitle\" style=\"color: #b7a71b\">\n\t\t<span>Vino Espumoso Charmat<\/span>\n\t\t<\/h4>\n\t\t<\/div>[\/vc_column_inner][\/vc_row_inner][vc_empty_space height=\u00bb200px\u00bb][\/vc_column][\/vc_row][vc_row][vc_column][vc_empty_space height=\u00bb50px\u00bb][\/vc_column][\/vc_row][vc_row][vc_column offset=\u00bbvc_hidden-lg vc_hidden-md vc_hidden-sm\u00bb][vc_empty_space height=\u00bb600px\u00bb css=\u00bb.vc_custom_1533229713312{background-image: url(https:\/\/www.cofamavins.com\/wp-content\/uploads\/Mas-Fi-Brut-1.jpg?id=11884) !important;background-position: center !important;background-repeat: no-repeat !important;background-size: cover !important;}\u00bb][\/vc_column][\/vc_row][vc_row row_content_width=\u00bbgrid\u00bb content_text_aligment=\u00bbcenter\u00bb][vc_column width=\u00bb1\/2&#8243;][vc_empty_space height=\u00bb70px\u00bb]<div class=\"eltdf-section-title-holder\" >\n\t\t\t<h1 class=\"eltdf-st-title\" >\n\t\t\t<span>Fiesta del Sur<\/span>\n\t\t<\/h1>\n        \t\t\t\t<h4 class=\"eltdf-st-subtitle\" style=\"color: #b7a36f\">\n\t\t<span>Brut<\/span>\n\t\t<\/h4>\n\t\t<\/div>[vc_empty_space height=\u00bb20px\u00bb][vc_column_text]<\/p>\n<div class=\"page\" style=\"text-align: center;\" title=\"Page 1\">\n<div class=\"section\">\n<div class=\"layoutArea\">\n<div class=\"column\">\n<p><span style=\"font-weight: 400;\"><b>UVAS<\/b><\/span><span style=\"font-weight: 400;\">| <\/span><span style=\"font-weight: 400;\">Macabeu 90%, Parellada 10%<\/span> <span style=\"font-weight: 400;\"><br \/>\n<\/span><b>ALCOHOL<\/b><span style=\"font-weight: 400;\"> | 1 1 ,5%<\/span><span style=\"font-weight: 400;\"><br \/>\n<\/span><span style=\"font-weight: 400;\"><b>AZ\u00daCAR <\/b><\/span><span style=\"font-weight: 400;\">| 12 g\/L<\/span><\/p>\n<p>(Se a\u00f1ade Pedro Xim\u00e9nez al licor de expedici\u00f3n)<\/p>\n<p><b>Notas de cata<\/b><b><br \/>\n<\/b>Vista: Color amarillo pajizo. Burbujas peque\u00f1as y persistentes. Nariz:<br \/>\nAroma a flores, frutas maduras y c\u00edtricos, marcado por una suave crianza. Boca: Muy vivaz en boca compensado por una agradable elegancia y equilibrio. Postgusto suave a frutas blancas y notas c\u00edtricas persistentes. Fresco, agradable, equilibrado y con una fina estructura de burbuja.<\/p>\n<p><b>Maridaje<\/b><b><br \/>\n<\/b>Ideal con tapas, aperitivos, arroces o pastas, y con<br \/>\ndulces y postres tambi\u00e9n.<\/p>\n<p><b>Temperatura ideal: <\/b>5 &#8211; 8\u00baC<\/p>\n<\/div>\n<\/div>\n<\/div>\n<\/div>\n<p>[\/vc_column_text][vc_empty_space height=\u00bb40px\u00bb]<a itemprop=\"url\" href=\"https:\/\/www.cofamavins.com\/wp-content\/uploads\/FiestadelSur-Cofama-Es.pdf\" target=\"_blank\" style=\"color: #808080;background-color: #ffffff;border-color: #808080\" class=\"eltdf-btn eltdf-btn-small eltdf-btn-solid eltdf-btn-custom-hover-bg eltdf-btn-custom-hover-color\" data-hover-color=\"#ffffff\" data-hover-bg-color=\"#808080\" >\n    <span class=\"eltdf-btn-text\">DESCARGAR PDF<\/span>\n    <\/a>[\/vc_column][vc_column width=\u00bb1\/2&#8243; css=\u00bb.vc_custom_1533229720669{margin-top: 50px !important;}\u00bb offset=\u00bbvc_hidden-xs\u00bb][vc_empty_space height=\u00bb700px\u00bb css=\u00bb.vc_custom_1710101899523{background-image: url(https:\/\/www.cofamavins.com\/wp-content\/uploads\/FIESTA-SUR-PRODUCT.jpg?id=16067) !important;background-position: center !important;background-repeat: no-repeat !important;background-size: contain !important;}\u00bb][\/vc_column][\/vc_row][vc_row][vc_column][vc_empty_space height=\u00bb50px\u00bb][\/vc_column][\/vc_row]<\/p>\n<\/div>","protected":false},"excerpt":{"rendered":"<p>[vc_row row_type=\u00bbparallax\u00bb content_text_aligment=\u00bbcenter\u00bb css=\u00bb.vc_custom_1710101789792{margin-right: -200px !important;margin-left: -200px !important;background-color: #f2f2f2 !important;background-position: center !important;background-repeat: no-repeat !important;background-size: cover !important;}\u00bb parallax_background_image=\u00bb16066&#8243; parallax_section_height=\u00bb700px\u00bb][vc_column][vc_empty_space height=\u00bb200px\u00bb][vc_row_inner][vc_column_inner width=\u00bb1\/4&#8243;][\/vc_column_inner][vc_column_inner width=\u00bb3\/4&#8243;][\/vc_column_inner][\/vc_row_inner][vc_empty_space height=\u00bb200px\u00bb][\/vc_column][\/vc_row][vc_row][vc_column][vc_empty_space height=\u00bb50px\u00bb][\/vc_column][\/vc_row][vc_row][vc_column offset=\u00bbvc_hidden-lg vc_hidden-md vc_hidden-sm\u00bb][vc_empty_space height=\u00bb600px\u00bb css=\u00bb.vc_custom_1533229713312{background-image: url(https:\/\/www.cofamavins.com\/wp-content\/uploads\/Mas-Fi-Brut-1.jpg?id=11884) !important;background-position: center !important;background-repeat: no-repeat !important;background-size: cover !important;}\u00bb][\/vc_column][\/vc_row][vc_row row_content_width=\u00bbgrid\u00bb content_text_aligment=\u00bbcenter\u00bb][vc_column width=\u00bb1\/2&#8243;][vc_empty_space height=\u00bb70px\u00bb][vc_empty_space height=\u00bb20px\u00bb][vc_column_text] UVAS| Macabeu 90%, Parellada [&hellip;]<\/p>\n","protected":false},"author":4,"featured_media":0,"parent":16051,"menu_order":0,"comment_status":"closed","ping_status":"closed","template":"full-width.php","meta":{"footnotes":""},"class_list":["post-16065","page","type-page","status-publish","hentry"],"translation":{"provider":"WPGlobus","version":"3.0.0","language":"es","enabled_languages":["en","es"],"languages":{"en":{"title":true,"content":true,"excerpt":false},"es":{"title":true,"content":true,"excerpt":false}}},"yoast_head":"<!-- This site is optimized with the Yoast SEO plugin v25.5 - https:\/\/yoast.com\/wordpress\/plugins\/seo\/ -->\n<title>Fiesta del Sur - COFAMA<\/title>\n<meta name=\"robots\" content=\"index, follow, max-snippet:-1, max-image-preview:large, max-video-preview:-1\" \/>\n<link rel=\"canonical\" href=\"https:\/\/www.cofamavins.com\/charmat-sparkling-wines\/fiesta-del-sur\/\" \/>\n<meta property=\"og:locale\" content=\"es_ES\" \/>\n<meta property=\"og:type\" content=\"article\" \/>\n<meta property=\"og:title\" content=\"Fiesta del Sur - COFAMA\" \/>\n<meta property=\"og:url\" content=\"https:\/\/www.cofamavins.com\/charmat-sparkling-wines\/fiesta-del-sur\/\" \/>\n<meta property=\"og:site_name\" content=\"COFAMA\" \/>\n<meta property=\"article:modified_time\" content=\"2024-03-18T21:26:48+00:00\" \/>\n<meta name=\"twitter:label1\" content=\"Tiempo de lectura\" \/>\n\t<meta name=\"twitter:data1\" content=\"2 minutos\" \/>\n<script type=\"application\/ld+json\" class=\"yoast-schema-graph\">{\"@context\":\"https:\/\/schema.org\",\"@graph\":[{\"@type\":\"WebPage\",\"@id\":\"https:\/\/www.cofamavins.com\/charmat-sparkling-wines\/fiesta-del-sur\/\",\"url\":\"https:\/\/www.cofamavins.com\/charmat-sparkling-wines\/fiesta-del-sur\/\",\"name\":\"Fiesta del Sur - COFAMA\",\"isPartOf\":{\"@id\":\"https:\/\/www.cofamavins.com\/#website\"},\"datePublished\":\"2024-03-10T20:23:54+00:00\",\"dateModified\":\"2024-03-18T21:26:48+00:00\",\"breadcrumb\":{\"@id\":\"https:\/\/www.cofamavins.com\/charmat-sparkling-wines\/fiesta-del-sur\/#breadcrumb\"},\"inLanguage\":\"es\",\"potentialAction\":[{\"@type\":\"ReadAction\",\"target\":[\"https:\/\/www.cofamavins.com\/charmat-sparkling-wines\/fiesta-del-sur\/\"]}]},{\"@type\":\"BreadcrumbList\",\"@id\":\"https:\/\/www.cofamavins.com\/charmat-sparkling-wines\/fiesta-del-sur\/#breadcrumb\",\"itemListElement\":[{\"@type\":\"ListItem\",\"position\":1,\"name\":\"Portada\",\"item\":\"https:\/\/www.cofamavins.com\/\"},{\"@type\":\"ListItem\",\"position\":2,\"name\":\"VINOS ESPUMOSOS CHARMAT\",\"item\":\"https:\/\/www.cofamavins.com\/charmat-sparkling-wines\/\"},{\"@type\":\"ListItem\",\"position\":3,\"name\":\"Fiesta del Sur\"}]},{\"@type\":\"WebSite\",\"@id\":\"https:\/\/www.cofamavins.com\/#website\",\"url\":\"https:\/\/www.cofamavins.com\/\",\"name\":\"COFAMA\",\"description\":\"Vins i caves\",\"potentialAction\":[{\"@type\":\"SearchAction\",\"target\":{\"@type\":\"EntryPoint\",\"urlTemplate\":\"https:\/\/www.cofamavins.com\/?s={search_term_string}\"},\"query-input\":{\"@type\":\"PropertyValueSpecification\",\"valueRequired\":true,\"valueName\":\"search_term_string\"}}],\"inLanguage\":\"es\"}]}<\/script>\n<!-- \/ Yoast SEO plugin. -->","yoast_head_json":{"title":"Fiesta del Sur - COFAMA","robots":{"index":"index","follow":"follow","max-snippet":"max-snippet:-1","max-image-preview":"max-image-preview:large","max-video-preview":"max-video-preview:-1"},"canonical":"https:\/\/www.cofamavins.com\/charmat-sparkling-wines\/fiesta-del-sur\/","og_locale":"es_ES","og_type":"article","og_title":"Fiesta del Sur - COFAMA","og_url":"https:\/\/www.cofamavins.com\/charmat-sparkling-wines\/fiesta-del-sur\/","og_site_name":"COFAMA","article_modified_time":"2024-03-18T21:26:48+00:00","twitter_misc":{"Tiempo de lectura":"2 minutos"},"schema":{"@context":"https:\/\/schema.org","@graph":[{"@type":"WebPage","@id":"https:\/\/www.cofamavins.com\/charmat-sparkling-wines\/fiesta-del-sur\/","url":"https:\/\/www.cofamavins.com\/charmat-sparkling-wines\/fiesta-del-sur\/","name":"Fiesta del Sur - COFAMA","isPartOf":{"@id":"https:\/\/www.cofamavins.com\/#website"},"datePublished":"2024-03-10T20:23:54+00:00","dateModified":"2024-03-18T21:26:48+00:00","breadcrumb":{"@id":"https:\/\/www.cofamavins.com\/charmat-sparkling-wines\/fiesta-del-sur\/#breadcrumb"},"inLanguage":"es","potentialAction":[{"@type":"ReadAction","target":["https:\/\/www.cofamavins.com\/charmat-sparkling-wines\/fiesta-del-sur\/"]}]},{"@type":"BreadcrumbList","@id":"https:\/\/www.cofamavins.com\/charmat-sparkling-wines\/fiesta-del-sur\/#breadcrumb","itemListElement":[{"@type":"ListItem","position":1,"name":"Portada","item":"https:\/\/www.cofamavins.com\/"},{"@type":"ListItem","position":2,"name":"VINOS ESPUMOSOS CHARMAT","item":"https:\/\/www.cofamavins.com\/charmat-sparkling-wines\/"},{"@type":"ListItem","position":3,"name":"Fiesta del Sur"}]},{"@type":"WebSite","@id":"https:\/\/www.cofamavins.com\/#website","url":"https:\/\/www.cofamavins.com\/","name":"COFAMA","description":"Vins i caves","potentialAction":[{"@type":"SearchAction","target":{"@type":"EntryPoint","urlTemplate":"https:\/\/www.cofamavins.com\/?s={search_term_string}"},"query-input":{"@type":"PropertyValueSpecification","valueRequired":true,"valueName":"search_term_string"}}],"inLanguage":"es"}]}},"_links":{"self":[{"href":"https:\/\/www.cofamavins.com\/es\/wp-json\/wp\/v2\/pages\/16065","targetHints":{"allow":["GET"]}}],"collection":[{"href":"https:\/\/www.cofamavins.com\/es\/wp-json\/wp\/v2\/pages"}],"about":[{"href":"https:\/\/www.cofamavins.com\/es\/wp-json\/wp\/v2\/types\/page"}],"author":[{"embeddable":true,"href":"https:\/\/www.cofamavins.com\/es\/wp-json\/wp\/v2\/users\/4"}],"replies":[{"embeddable":true,"href":"https:\/\/www.cofamavins.com\/es\/wp-json\/wp\/v2\/comments?post=16065"}],"version-history":[{"count":3,"href":"https:\/\/www.cofamavins.com\/es\/wp-json\/wp\/v2\/pages\/16065\/revisions"}],"predecessor-version":[{"id":16154,"href":"https:\/\/www.cofamavins.com\/es\/wp-json\/wp\/v2\/pages\/16065\/revisions\/16154"}],"up":[{"embeddable":true,"href":"https:\/\/www.cofamavins.com\/es\/wp-json\/wp\/v2\/pages\/16051"}],"wp:attachment":[{"href":"https:\/\/www.cofamavins.com\/es\/wp-json\/wp\/v2\/media?parent=16065"}],"curies":[{"name":"wp","href":"https:\/\/api.w.org\/{rel}","templated":true}]}}